{"id":97,"date":"2024-06-26T05:21:11","date_gmt":"2024-06-26T05:21:11","guid":{"rendered":"https:\/\/mydlamanufaktura.pl\/?post_type=product&#038;p=97"},"modified":"2026-01-23T08:05:20","modified_gmt":"2026-01-23T08:05:20","slug":"mydlo-do-masazu-manufaktura","status":"publish","type":"product","link":"https:\/\/mydlamanufaktura.pl\/?product=mydlo-do-masazu-manufaktura","title":{"rendered":"Myd\u0142o do masa\u017cu z ekstraktem z bursztynu i borowiny"},"content":{"rendered":"","protected":false},"excerpt":{"rendered":"<p><strong>Jedno myd\u0142o, kt\u00f3re zawiera wiele drogocennych w\u0142a\u015bciwo\u015bci<\/strong><\/p>\n<ul>\n<li>zawiera ekstrakt z bursztynu i borowiny<\/li>\n<\/ul>\n<blockquote><p>Bursztyn ma w\u0142a\u015bciwo\u015bci nawil\u017caj\u0105ce i antybakteryjne, u\u0142atwia gojenie i obni\u017ca ci\u015bnienie krwi, za\u015b borowina g\u0142\u0119boko od\u017cywia sk\u00f3r\u0119. To skuteczny i naturalny lek dla naszej sk\u00f3ry, ok\u0142ady oraz k\u0105piele borowinowe to doskona\u0142a recepta na \u201cpogruchotane\u201d ko\u015bci, b\u00f3le staw\u00f3w oraz kobiece dolegliwo\u015bci.<\/p><\/blockquote>\n<ul>\n<li>kszta\u0142t przystosowany do masa\u017cu &#8211; specjalne wypustki wspomagaj\u0105 walk\u0119 z cellulitem<\/li>\n<li>myd\u0142o zawiera naturaln\u0105 g\u0105bk\u0119, kt\u00f3ra usuwa martwy nask\u00f3rek<\/li>\n<li>nawil\u017ca, pozostawia sk\u00f3r\u0119 mi\u0119kk\u0105, bez osadu i uczucia \u015bci\u0105gni\u0119cia<\/li>\n<li>wyj\u0105tkowy, perfumowany zapach<\/li>\n<\/ul>\n<p><strong>Waga<\/strong>: oko\u0142o 140 g.<\/p>\n<p><strong>Zapach<\/strong>: Inspirowany Si<\/p>\n","protected":false},"featured_media":160,"comment_status":"open","ping_status":"closed","template":"","meta":{"_monsterinsights_skip_tracking":false,"_monsterinsights_sitenote_active":false,"_monsterinsights_sitenote_note":"","_monsterinsights_sitenote_category":0},"product_brand":[],"product_cat":[32],"product_tag":[],"class_list":{"0":"post-97","1":"product","2":"type-product","3":"status-publish","4":"has-post-thumbnail","6":"product_cat-mydla-specjalistyczne","8":"first","9":"instock","10":"shipping-taxable","11":"purchasable","12":"product-type-simple"},"aioseo_notices":[],"jetpack_sharing_enabled":true,"_links":{"self":[{"href":"https:\/\/mydlamanufaktura.pl\/index.php?rest_route=\/wp\/v2\/product\/97","targetHints":{"allow":["GET"]}}],"collection":[{"href":"https:\/\/mydlamanufaktura.pl\/index.php?rest_route=\/wp\/v2\/product"}],"about":[{"href":"https:\/\/mydlamanufaktura.pl\/index.php?rest_route=\/wp\/v2\/types\/product"}],"replies":[{"embeddable":true,"href":"https:\/\/mydlamanufaktura.pl\/index.php?rest_route=%2Fwp%2Fv2%2Fcomments&post=97"}],"wp:featuredmedia":[{"embeddable":true,"href":"https:\/\/mydlamanufaktura.pl\/index.php?rest_route=\/wp\/v2\/media\/160"}],"wp:attachment":[{"href":"https:\/\/mydlamanufaktura.pl\/index.php?rest_route=%2Fwp%2Fv2%2Fmedia&parent=97"}],"wp:term":[{"taxonomy":"product_brand","embeddable":true,"href":"https:\/\/mydlamanufaktura.pl\/index.php?rest_route=%2Fwp%2Fv2%2Fproduct_brand&post=97"},{"taxonomy":"product_cat","embeddable":true,"href":"https:\/\/mydlamanufaktura.pl\/index.php?rest_route=%2Fwp%2Fv2%2Fproduct_cat&post=97"},{"taxonomy":"product_tag","embeddable":true,"href":"https:\/\/mydlamanufaktura.pl\/index.php?rest_route=%2Fwp%2Fv2%2Fproduct_tag&post=97"}],"curies":[{"name":"wp","href":"https:\/\/api.w.org\/{rel}","templated":true}]}}