{"id":94,"date":"2024-06-26T05:21:11","date_gmt":"2024-06-26T05:21:11","guid":{"rendered":"https:\/\/mydlamanufaktura.pl\/?post_type=product&#038;p=94"},"modified":"2026-03-17T12:25:36","modified_gmt":"2026-03-17T12:25:36","slug":"mydlo-borowinowe","status":"publish","type":"product","link":"https:\/\/mydlamanufaktura.pl\/?product=mydlo-borowinowe","title":{"rendered":"Myd\u0142o borowinowe"},"content":{"rendered":"","protected":false},"excerpt":{"rendered":"<p><strong>W trosce o Twoj\u0105 sk\u00f3r\u0119!<\/strong><\/p>\n<blockquote><p>Borowina, nazywana &#8222;czarnym z\u0142otem&#8221;,\u00a0 to skuteczny i naturalny lek dla naszej sk\u00f3ry, ok\u0142ady oraz k\u0105piele borowinowe to doskona\u0142a recepta na \u201cpogruchotane\u201d ko\u015bci, b\u00f3le staw\u00f3w oraz kobiece dolegliwo\u015bci.<\/p><\/blockquote>\n<ul>\n<li>myd\u0142o glicerynowe z ekstraktem z borowiny (borowina w mydle z czasem ciemnieje, dlatego myd\u0142o mo\u017ce zmienia\u0107 kolor)<\/li>\n<li>nawil\u017ca sk\u00f3r\u0119, nie pozostawia osadu i uczucia \u015bci\u0105gni\u0119cia<\/li>\n<li>g\u0142\u0119boko od\u017cywia<\/li>\n<li>perfumowany zapach<\/li>\n<\/ul>\n<p><strong>Waga<\/strong>: oko\u0142o 90 g.<\/p>\n<p><strong>Zapach<\/strong>: Inspirowany Light Blue<\/p>\n","protected":false},"featured_media":16214,"comment_status":"open","ping_status":"closed","template":"","meta":{"_monsterinsights_skip_tracking":false,"_monsterinsights_sitenote_active":false,"_monsterinsights_sitenote_note":"","_monsterinsights_sitenote_category":0},"product_brand":[],"product_cat":[32],"product_tag":[],"class_list":{"0":"post-94","1":"product","2":"type-product","3":"status-publish","4":"has-post-thumbnail","6":"product_cat-mydla-specjalistyczne","8":"first","9":"instock","10":"sale","11":"shipping-taxable","12":"purchasable","13":"product-type-simple"},"aioseo_notices":[],"jetpack_sharing_enabled":true,"_links":{"self":[{"href":"https:\/\/mydlamanufaktura.pl\/index.php?rest_route=\/wp\/v2\/product\/94","targetHints":{"allow":["GET"]}}],"collection":[{"href":"https:\/\/mydlamanufaktura.pl\/index.php?rest_route=\/wp\/v2\/product"}],"about":[{"href":"https:\/\/mydlamanufaktura.pl\/index.php?rest_route=\/wp\/v2\/types\/product"}],"replies":[{"embeddable":true,"href":"https:\/\/mydlamanufaktura.pl\/index.php?rest_route=%2Fwp%2Fv2%2Fcomments&post=94"}],"wp:featuredmedia":[{"embeddable":true,"href":"https:\/\/mydlamanufaktura.pl\/index.php?rest_route=\/wp\/v2\/media\/16214"}],"wp:attachment":[{"href":"https:\/\/mydlamanufaktura.pl\/index.php?rest_route=%2Fwp%2Fv2%2Fmedia&parent=94"}],"wp:term":[{"taxonomy":"product_brand","embeddable":true,"href":"https:\/\/mydlamanufaktura.pl\/index.php?rest_route=%2Fwp%2Fv2%2Fproduct_brand&post=94"},{"taxonomy":"product_cat","embeddable":true,"href":"https:\/\/mydlamanufaktura.pl\/index.php?rest_route=%2Fwp%2Fv2%2Fproduct_cat&post=94"},{"taxonomy":"product_tag","embeddable":true,"href":"https:\/\/mydlamanufaktura.pl\/index.php?rest_route=%2Fwp%2Fv2%2Fproduct_tag&post=94"}],"curies":[{"name":"wp","href":"https:\/\/api.w.org\/{rel}","templated":true}]}}