{"id":688,"date":"2024-06-26T05:49:54","date_gmt":"2024-06-26T05:49:54","guid":{"rendered":"https:\/\/mydlamanufaktura.pl\/?post_type=product&#038;p=688"},"modified":"2025-05-15T09:49:48","modified_gmt":"2025-05-15T09:49:48","slug":"zestaw-domowe-spa-mamy-i","status":"publish","type":"product","link":"https:\/\/mydlamanufaktura.pl\/?product=zestaw-domowe-spa-mamy-i","title":{"rendered":"Zestaw Domowe Spa Mamy I"},"content":{"rendered":"","protected":false},"excerpt":{"rendered":"<p><strong>Domowe Spa &#8211; podaruj Mamie relaks, na kt\u00f3ry zas\u0142uguje!<\/strong> <img loading=\"lazy\" decoding=\"async\" class=\"alignnone wp-image-14190\" src=\"https:\/\/mydlamanufaktura.pl\/wp-content\/uploads\/2024\/06\/Projekt-bez-nazwy-1-300x300.png\" alt=\"\" width=\"120\" height=\"120\" srcset=\"https:\/\/mydlamanufaktura.pl\/wp-content\/uploads\/2024\/06\/Projekt-bez-nazwy-1-300x300.png 300w, https:\/\/mydlamanufaktura.pl\/wp-content\/uploads\/2024\/06\/Projekt-bez-nazwy-1-150x150.png 150w, https:\/\/mydlamanufaktura.pl\/wp-content\/uploads\/2024\/06\/Projekt-bez-nazwy-1-380x380.png 380w, https:\/\/mydlamanufaktura.pl\/wp-content\/uploads\/2024\/06\/Projekt-bez-nazwy-1-420x420.png 420w, https:\/\/mydlamanufaktura.pl\/wp-content\/uploads\/2024\/06\/Projekt-bez-nazwy-1-100x100.png 100w, https:\/\/mydlamanufaktura.pl\/wp-content\/uploads\/2024\/06\/Projekt-bez-nazwy-1.png 500w\" sizes=\"auto, (max-width: 120px) 100vw, 120px\" \/><\/p>\n<blockquote><p>Domowe Spa stworzyli\u015bmy z my\u015bl\u0105 o ka\u017cdej zapracowanej Mamie. To pude\u0142ka wype\u0142nione wyj\u0105tkowymi produktami, dzi\u0119ki kt\u00f3rym stworzycie w\u0142asne spa w domowym zaciszu&#8230; poniewa\u017c ka\u017cdy zas\u0142uguje na chwil\u0119 relaksu!<\/p><\/blockquote>\n<p>Zestaw <strong>Domowe Spa I<\/strong> zawiera:<\/p>\n<ul>\n<li>aromatyzowan\u0105 s\u00f3l do k\u0105pieli z suszonymi p\u0142atkami r\u00f3\u017c<\/li>\n<li>naturaln\u0105 \u015bwiec\u0119 o ponadczasowym, kobiecym zapachu Mademoiselle<\/li>\n<li>mini krem do r\u0105k z mas\u0142em shea i ekstraktem z bursztynu<\/li>\n<li>myde\u0142ko glicerynowe w kszta\u0142cie r\u00f3\u017cyczki<\/li>\n<\/ul>\n","protected":false},"featured_media":744,"comment_status":"open","ping_status":"closed","template":"","meta":{"_monsterinsights_skip_tracking":false,"_monsterinsights_sitenote_active":false,"_monsterinsights_sitenote_note":"","_monsterinsights_sitenote_category":0},"product_brand":[],"product_cat":[43],"product_tag":[],"class_list":{"0":"post-688","1":"product","2":"type-product","3":"status-publish","4":"has-post-thumbnail","6":"product_cat-prezenty","8":"first","9":"instock","10":"shipping-taxable","11":"purchasable","12":"product-type-simple"},"aioseo_notices":[],"jetpack_sharing_enabled":true,"_links":{"self":[{"href":"https:\/\/mydlamanufaktura.pl\/index.php?rest_route=\/wp\/v2\/product\/688","targetHints":{"allow":["GET"]}}],"collection":[{"href":"https:\/\/mydlamanufaktura.pl\/index.php?rest_route=\/wp\/v2\/product"}],"about":[{"href":"https:\/\/mydlamanufaktura.pl\/index.php?rest_route=\/wp\/v2\/types\/product"}],"replies":[{"embeddable":true,"href":"https:\/\/mydlamanufaktura.pl\/index.php?rest_route=%2Fwp%2Fv2%2Fcomments&post=688"}],"wp:featuredmedia":[{"embeddable":true,"href":"https:\/\/mydlamanufaktura.pl\/index.php?rest_route=\/wp\/v2\/media\/744"}],"wp:attachment":[{"href":"https:\/\/mydlamanufaktura.pl\/index.php?rest_route=%2Fwp%2Fv2%2Fmedia&parent=688"}],"wp:term":[{"taxonomy":"product_brand","embeddable":true,"href":"https:\/\/mydlamanufaktura.pl\/index.php?rest_route=%2Fwp%2Fv2%2Fproduct_brand&post=688"},{"taxonomy":"product_cat","embeddable":true,"href":"https:\/\/mydlamanufaktura.pl\/index.php?rest_route=%2Fwp%2Fv2%2Fproduct_cat&post=688"},{"taxonomy":"product_tag","embeddable":true,"href":"https:\/\/mydlamanufaktura.pl\/index.php?rest_route=%2Fwp%2Fv2%2Fproduct_tag&post=688"}],"curies":[{"name":"wp","href":"https:\/\/api.w.org\/{rel}","templated":true}]}}