{"id":686,"date":"2024-06-26T05:49:54","date_gmt":"2024-06-26T05:49:54","guid":{"rendered":"https:\/\/mydlamanufaktura.pl\/?post_type=product&#038;p=686"},"modified":"2026-01-23T08:17:52","modified_gmt":"2026-01-23T08:17:52","slug":"sol-do-kapieli-dzien-mamy","status":"publish","type":"product","link":"https:\/\/mydlamanufaktura.pl\/?product=sol-do-kapieli-dzien-mamy","title":{"rendered":"S\u00f3l do k\u0105pieli DZIE\u0143 MAMY"},"content":{"rendered":"","protected":false},"excerpt":{"rendered":"<p><b>Personalizowana s\u00f3l do k\u0105pieli DZIE\u0143 MAMY<\/b><\/p>\n<p><b> <strong><img loading=\"lazy\" decoding=\"async\" class=\"alignnone wp-image-14190\" src=\"https:\/\/mydlamanufaktura.pl\/wp-content\/uploads\/2024\/06\/Projekt-bez-nazwy-1-300x300.png\" alt=\"\" width=\"98\" height=\"98\" srcset=\"https:\/\/mydlamanufaktura.pl\/wp-content\/uploads\/2024\/06\/Projekt-bez-nazwy-1-300x300.png 300w, https:\/\/mydlamanufaktura.pl\/wp-content\/uploads\/2024\/06\/Projekt-bez-nazwy-1-150x150.png 150w, https:\/\/mydlamanufaktura.pl\/wp-content\/uploads\/2024\/06\/Projekt-bez-nazwy-1-380x380.png 380w, https:\/\/mydlamanufaktura.pl\/wp-content\/uploads\/2024\/06\/Projekt-bez-nazwy-1-420x420.png 420w, https:\/\/mydlamanufaktura.pl\/wp-content\/uploads\/2024\/06\/Projekt-bez-nazwy-1-100x100.png 100w, https:\/\/mydlamanufaktura.pl\/wp-content\/uploads\/2024\/06\/Projekt-bez-nazwy-1.png 500w\" sizes=\"auto, (max-width: 98px) 100vw, 98px\" \/><\/strong><\/b><\/p>\n<p><strong>S\u00f3l k\u0105pielowa z kwiatami b\u0142awatka<\/strong><\/p>\n<p>Wyj\u0105tkowa k\u0105piel z przepisem na pi\u0119kno:<\/p>\n<ul>\n<li>do codziennej k\u0105pieli dodaj naszej soli z dodatkiem b\u0142awatka<\/li>\n<li>pobud\u017a zmys\u0142y i odpr\u0119\u017c cia\u0142o<\/li>\n<li>pozw\u00f3l soli na regeneracj\u0119 i zmiekcz\u0119nie<\/li>\n<\/ul>\n<p><strong>Zapach inspirowany\u00a0<\/strong><em>Priscilla Summer\u00a0<\/em>\u2013 otulaj\u0105cy, ciep\u0142y, letni zapach; po\u0142\u0105czenie s\u0142odkich nut mandarynki i cytryny, prze\u0142amanych kwiatow\u0105 woni\u0105, nut\u0105 herbaty i cedru.<\/p>\n<p><strong>Pojemno\u015b\u0107:<\/strong>\u00a0500 g.<\/p>\n","protected":false},"featured_media":738,"comment_status":"open","ping_status":"closed","template":"","meta":{"_monsterinsights_skip_tracking":false,"_monsterinsights_sitenote_active":false,"_monsterinsights_sitenote_note":"","_monsterinsights_sitenote_category":0},"product_brand":[],"product_cat":[43],"product_tag":[],"class_list":{"0":"post-686","1":"product","2":"type-product","3":"status-publish","4":"has-post-thumbnail","6":"product_cat-prezenty","8":"first","9":"instock","10":"shipping-taxable","11":"purchasable","12":"product-type-simple"},"aioseo_notices":[],"jetpack_sharing_enabled":true,"_links":{"self":[{"href":"https:\/\/mydlamanufaktura.pl\/index.php?rest_route=\/wp\/v2\/product\/686","targetHints":{"allow":["GET"]}}],"collection":[{"href":"https:\/\/mydlamanufaktura.pl\/index.php?rest_route=\/wp\/v2\/product"}],"about":[{"href":"https:\/\/mydlamanufaktura.pl\/index.php?rest_route=\/wp\/v2\/types\/product"}],"replies":[{"embeddable":true,"href":"https:\/\/mydlamanufaktura.pl\/index.php?rest_route=%2Fwp%2Fv2%2Fcomments&post=686"}],"wp:featuredmedia":[{"embeddable":true,"href":"https:\/\/mydlamanufaktura.pl\/index.php?rest_route=\/wp\/v2\/media\/738"}],"wp:attachment":[{"href":"https:\/\/mydlamanufaktura.pl\/index.php?rest_route=%2Fwp%2Fv2%2Fmedia&parent=686"}],"wp:term":[{"taxonomy":"product_brand","embeddable":true,"href":"https:\/\/mydlamanufaktura.pl\/index.php?rest_route=%2Fwp%2Fv2%2Fproduct_brand&post=686"},{"taxonomy":"product_cat","embeddable":true,"href":"https:\/\/mydlamanufaktura.pl\/index.php?rest_route=%2Fwp%2Fv2%2Fproduct_cat&post=686"},{"taxonomy":"product_tag","embeddable":true,"href":"https:\/\/mydlamanufaktura.pl\/index.php?rest_route=%2Fwp%2Fv2%2Fproduct_tag&post=686"}],"curies":[{"name":"wp","href":"https:\/\/api.w.org\/{rel}","templated":true}]}}