{"id":668,"date":"2024-06-26T05:48:51","date_gmt":"2024-06-26T05:48:51","guid":{"rendered":"https:\/\/mydlamanufaktura.pl\/?post_type=product&#038;p=668"},"modified":"2025-02-26T14:45:48","modified_gmt":"2025-02-26T14:45:48","slug":"zestaw-wielkanocny-iv","status":"publish","type":"product","link":"https:\/\/mydlamanufaktura.pl\/?product=zestaw-wielkanocny-iv","title":{"rendered":"Zestaw wielkanocny IV"},"content":{"rendered":"","protected":false},"excerpt":{"rendered":"<p><strong><span style=\"color: #add681;\"><span style=\"color: #b6c7a3;\">Wielkanocny<\/span> <\/span>zestaw prezentowy w kartonowym pude\u0142ku z okienkiem <img loading=\"lazy\" decoding=\"async\" class=\"alignnone wp-image-1016\" src=\"https:\/\/mydlamanufaktura.pl\/wp-content\/uploads\/2024\/07\/off2.png\" alt=\"\" width=\"51\" height=\"51\" srcset=\"https:\/\/mydlamanufaktura.pl\/wp-content\/uploads\/2024\/07\/off2.png 127w, https:\/\/mydlamanufaktura.pl\/wp-content\/uploads\/2024\/07\/off2-100x100.png 100w\" sizes=\"auto, (max-width: 51px) 100vw, 51px\" \/><\/strong><\/p>\n<ul>\n<li>zestaw zawiera 2 myde\u0142ka pisanki retro, bursztynowy olejek do cia\u0142a oraz naturaln\u0105 \u015bwiece o zapachu ekskluzywnej Mademoiselle<\/li>\n<li>pude\u0142ko z okienkiem: wype\u0142nienie siankiem ozdobnym, zamkni\u0119cie naklejk\u0105 tematyczn\u0105<\/li>\n<\/ul>\n","protected":false},"featured_media":14757,"comment_status":"open","ping_status":"closed","template":"","meta":{"_monsterinsights_skip_tracking":false,"_monsterinsights_sitenote_active":false,"_monsterinsights_sitenote_note":"","_monsterinsights_sitenote_category":0},"product_brand":[],"product_cat":[36],"product_tag":[],"class_list":{"0":"post-668","1":"product","2":"type-product","3":"status-publish","4":"has-post-thumbnail","6":"product_cat-wielkanoc","8":"first","9":"instock","10":"shipping-taxable","11":"purchasable","12":"product-type-simple"},"aioseo_notices":[],"jetpack_sharing_enabled":true,"_links":{"self":[{"href":"https:\/\/mydlamanufaktura.pl\/index.php?rest_route=\/wp\/v2\/product\/668","targetHints":{"allow":["GET"]}}],"collection":[{"href":"https:\/\/mydlamanufaktura.pl\/index.php?rest_route=\/wp\/v2\/product"}],"about":[{"href":"https:\/\/mydlamanufaktura.pl\/index.php?rest_route=\/wp\/v2\/types\/product"}],"replies":[{"embeddable":true,"href":"https:\/\/mydlamanufaktura.pl\/index.php?rest_route=%2Fwp%2Fv2%2Fcomments&post=668"}],"wp:featuredmedia":[{"embeddable":true,"href":"https:\/\/mydlamanufaktura.pl\/index.php?rest_route=\/wp\/v2\/media\/14757"}],"wp:attachment":[{"href":"https:\/\/mydlamanufaktura.pl\/index.php?rest_route=%2Fwp%2Fv2%2Fmedia&parent=668"}],"wp:term":[{"taxonomy":"product_brand","embeddable":true,"href":"https:\/\/mydlamanufaktura.pl\/index.php?rest_route=%2Fwp%2Fv2%2Fproduct_brand&post=668"},{"taxonomy":"product_cat","embeddable":true,"href":"https:\/\/mydlamanufaktura.pl\/index.php?rest_route=%2Fwp%2Fv2%2Fproduct_cat&post=668"},{"taxonomy":"product_tag","embeddable":true,"href":"https:\/\/mydlamanufaktura.pl\/index.php?rest_route=%2Fwp%2Fv2%2Fproduct_tag&post=668"}],"curies":[{"name":"wp","href":"https:\/\/api.w.org\/{rel}","templated":true}]}}