{"id":627,"date":"2024-06-26T05:46:13","date_gmt":"2024-06-26T05:46:13","guid":{"rendered":"https:\/\/mydlamanufaktura.pl\/?post_type=product&#038;p=627"},"modified":"2026-01-23T08:30:16","modified_gmt":"2026-01-23T08:30:16","slug":"zestaw-prezentowy-walentynki-iv","status":"publish","type":"product","link":"https:\/\/mydlamanufaktura.pl\/?product=zestaw-prezentowy-walentynki-iv","title":{"rendered":"Zestaw prezentowy WALENTYNKI IV"},"content":{"rendered":"","protected":false},"excerpt":{"rendered":"<div><strong>WALENTYNKI<\/strong><\/div>\n<div><strong> <img loading=\"lazy\" decoding=\"async\" class=\"alignnone wp-image-1017\" src=\"https:\/\/mydlamanufaktura.pl\/wp-content\/uploads\/2024\/07\/off3.png\" alt=\"\" width=\"103\" height=\"103\" srcset=\"https:\/\/mydlamanufaktura.pl\/wp-content\/uploads\/2024\/07\/off3.png 127w, https:\/\/mydlamanufaktura.pl\/wp-content\/uploads\/2024\/07\/off3-100x100.png 100w\" sizes=\"auto, (max-width: 103px) 100vw, 103px\" \/><\/strong><\/div>\n<div><strong>Zestaw kosmetyk\u00f3w r\u0119cznie robionych<\/strong><\/div>\n<ul>\n<li>kartonowe, ozdobne pude\u0142ko wype\u0142nione siankiem i suszonymi kwiatami<\/li>\n<li>kartonik zapakowany w celofan przewi\u0105zany sznurkiem jutowym<\/li>\n<\/ul>\n<p><strong>Zawarto\u015b\u0107<\/strong>: dwa myde\u0142ka, \u015bwieca do masa\u017cu cia\u0142a (wybierz zapach), mini krem do r\u0105k (wybierz zapach)<\/p>\n","protected":false},"featured_media":715,"comment_status":"open","ping_status":"closed","template":"","meta":{"_monsterinsights_skip_tracking":false,"_monsterinsights_sitenote_active":false,"_monsterinsights_sitenote_note":"","_monsterinsights_sitenote_category":0},"product_brand":[],"product_cat":[72],"product_tag":[],"class_list":{"0":"post-627","1":"product","2":"type-product","3":"status-publish","4":"has-post-thumbnail","6":"product_cat-walentynki","8":"first","9":"instock","10":"shipping-taxable","11":"purchasable","12":"product-type-variable"},"aioseo_notices":[],"jetpack_sharing_enabled":true,"_links":{"self":[{"href":"https:\/\/mydlamanufaktura.pl\/index.php?rest_route=\/wp\/v2\/product\/627","targetHints":{"allow":["GET"]}}],"collection":[{"href":"https:\/\/mydlamanufaktura.pl\/index.php?rest_route=\/wp\/v2\/product"}],"about":[{"href":"https:\/\/mydlamanufaktura.pl\/index.php?rest_route=\/wp\/v2\/types\/product"}],"replies":[{"embeddable":true,"href":"https:\/\/mydlamanufaktura.pl\/index.php?rest_route=%2Fwp%2Fv2%2Fcomments&post=627"}],"wp:featuredmedia":[{"embeddable":true,"href":"https:\/\/mydlamanufaktura.pl\/index.php?rest_route=\/wp\/v2\/media\/715"}],"wp:attachment":[{"href":"https:\/\/mydlamanufaktura.pl\/index.php?rest_route=%2Fwp%2Fv2%2Fmedia&parent=627"}],"wp:term":[{"taxonomy":"product_brand","embeddable":true,"href":"https:\/\/mydlamanufaktura.pl\/index.php?rest_route=%2Fwp%2Fv2%2Fproduct_brand&post=627"},{"taxonomy":"product_cat","embeddable":true,"href":"https:\/\/mydlamanufaktura.pl\/index.php?rest_route=%2Fwp%2Fv2%2Fproduct_cat&post=627"},{"taxonomy":"product_tag","embeddable":true,"href":"https:\/\/mydlamanufaktura.pl\/index.php?rest_route=%2Fwp%2Fv2%2Fproduct_tag&post=627"}],"curies":[{"name":"wp","href":"https:\/\/api.w.org\/{rel}","templated":true}]}}