{"id":610,"date":"2024-06-26T05:45:18","date_gmt":"2024-06-26T05:45:18","guid":{"rendered":"https:\/\/mydlamanufaktura.pl\/?post_type=product&#038;p=610"},"modified":"2026-01-23T08:45:23","modified_gmt":"2026-01-23T08:45:23","slug":"mus-peelingujacy-do-mycia-ciala-bursztynborowina-aurore","status":"publish","type":"product","link":"https:\/\/mydlamanufaktura.pl\/?product=mus-peelingujacy-do-mycia-ciala-bursztynborowina-aurore","title":{"rendered":"Mus peelinguj\u0105cy do mycia cia\u0142a bursztyn&#038;borowina Aurore"},"content":{"rendered":"","protected":false},"excerpt":{"rendered":"<p><strong>Regeneruj\u0105cy bursztyn &amp; od\u017cywcza borowina<\/strong><\/p>\n<blockquote><p>Bursztyn znany jest ze swoich nawil\u017caj\u0105cych i regeneruj\u0105cych w\u0142a\u015bciwo\u015bci, za\u015b borowina, nazywana r\u00f3wnie\u017c \u201cczarnym z\u0142otem\u201d, wspomaga jej od\u017cywienie. To niesamowite po\u0142\u0105czenie\u00a0 ukryli\u015bmy dla Ciebie w\u0142a\u015bnie tutaj \u2013 w naszej nowej serii kosmetyk\u00f3w r\u0119cznie robionych. Ju\u017c po pierwszym u\u017cyciu sk\u00f3ra staje si\u0119 jedwabi\u015bcie g\u0142adka i mi\u0119kka. Wyj\u0105tkowy i niespotykany zapach serii bursztynowo-borowinowej sprawi, \u017ce ka\u017cdy zabieg w Twoim domowym spa b\u0119dzie niesamowicie relaksuj\u0105cym doznaniem.<\/p><\/blockquote>\n<div dir=\"auto\"><strong>Spr\u00f3buj, rozpie\u015b\u0107 cia\u0142o, zakochaj si\u0119 w zdrowej piel\u0119gnacji.<\/strong><\/div>\n<ul>\n<li>mus \u0142\u0105czy w sobie naturalne drobinki peelinguj\u0105ce i ekstrakt z bursztynu i borowiny<\/li>\n<li>optymalnie nawil\u017cona, od\u017cywiona i g\u0142adka sk\u00f3ra ju\u017c po pierwszym u\u017cyciu!<\/li>\n<li>mi\u0119kki\u00a0mus\u00a0pod wp\u0142ywem wody zamienia si\u0119 w delikatn\u0105 piank\u0119 myj\u0105ca, kt\u00f3ra swoim zapachem na d\u0142ugo otuli Twoj\u0105 sk\u00f3r\u0119.<\/li>\n<\/ul>\n<p><strong>Pojemno\u015b\u0107<\/strong>: 430 g.<\/p>\n<div class=\"elementor-element elementor-element-30db18fc elementor-widget elementor-widget-woocommerce-product-short-description\" data-id=\"30db18fc\" data-element_type=\"widget\" data-widget_type=\"woocommerce-product-short-description.default\">\n<div class=\"elementor-widget-container\">\n<div class=\"woocommerce-product-details__short-description\">\n<p><strong>Zapach<\/strong>: <i>Aurore\u00a0<\/i>&#8211; wyrafinowany, s\u0142odki owocowo-kwiatowy zapach podkre\u015blaj\u0105cy kobieco\u015b\u0107. Reprezentuje wolno\u015b\u0107, beztrosk\u0119 i szcz\u0119\u015bcie. Zapach inspirowany ekskluzywnym perfum.<\/p>\n<\/div>\n<\/div>\n<\/div>\n<div class=\"elementor-element elementor-element-7fd8cbeb elementor-widget elementor-widget-woocommerce-product-add-to-cart\" data-id=\"7fd8cbeb\" data-element_type=\"widget\" data-widget_type=\"woocommerce-product-add-to-cart.default\">\n<div class=\"elementor-widget-container\">\n<div class=\"elementor-add-to-cart elementor-product-simple\">\n<form class=\"cart\" action=\"https:\/\/mydlamanufaktura.pl\/produkt\/sol-do-kapieli-bb\/\" enctype=\"multipart\/form-data\" method=\"post\">\n<div class=\"quantity buttons_added\"><\/div>\n<\/form>\n<\/div>\n<\/div>\n<\/div>\n","protected":false},"featured_media":708,"comment_status":"open","ping_status":"closed","template":"","meta":{"_monsterinsights_skip_tracking":false,"_monsterinsights_sitenote_active":false,"_monsterinsights_sitenote_note":"","_monsterinsights_sitenote_category":0},"product_brand":[],"product_cat":[82,29],"product_tag":[],"class_list":{"0":"post-610","1":"product","2":"type-product","3":"status-publish","4":"has-post-thumbnail","6":"product_cat-aurore","7":"product_cat-seria-bursztyn-borowina","9":"first","10":"instock","11":"shipping-taxable","12":"purchasable","13":"product-type-simple"},"aioseo_notices":[],"jetpack_sharing_enabled":true,"_links":{"self":[{"href":"https:\/\/mydlamanufaktura.pl\/index.php?rest_route=\/wp\/v2\/product\/610","targetHints":{"allow":["GET"]}}],"collection":[{"href":"https:\/\/mydlamanufaktura.pl\/index.php?rest_route=\/wp\/v2\/product"}],"about":[{"href":"https:\/\/mydlamanufaktura.pl\/index.php?rest_route=\/wp\/v2\/types\/product"}],"replies":[{"embeddable":true,"href":"https:\/\/mydlamanufaktura.pl\/index.php?rest_route=%2Fwp%2Fv2%2Fcomments&post=610"}],"wp:featuredmedia":[{"embeddable":true,"href":"https:\/\/mydlamanufaktura.pl\/index.php?rest_route=\/wp\/v2\/media\/708"}],"wp:attachment":[{"href":"https:\/\/mydlamanufaktura.pl\/index.php?rest_route=%2Fwp%2Fv2%2Fmedia&parent=610"}],"wp:term":[{"taxonomy":"product_brand","embeddable":true,"href":"https:\/\/mydlamanufaktura.pl\/index.php?rest_route=%2Fwp%2Fv2%2Fproduct_brand&post=610"},{"taxonomy":"product_cat","embeddable":true,"href":"https:\/\/mydlamanufaktura.pl\/index.php?rest_route=%2Fwp%2Fv2%2Fproduct_cat&post=610"},{"taxonomy":"product_tag","embeddable":true,"href":"https:\/\/mydlamanufaktura.pl\/index.php?rest_route=%2Fwp%2Fv2%2Fproduct_tag&post=610"}],"curies":[{"name":"wp","href":"https:\/\/api.w.org\/{rel}","templated":true}]}}