{"id":603,"date":"2024-06-26T05:44:53","date_gmt":"2024-06-26T05:44:53","guid":{"rendered":"https:\/\/mydlamanufaktura.pl\/?post_type=product&#038;p=603"},"modified":"2026-01-23T08:15:35","modified_gmt":"2026-01-23T08:15:35","slug":"swieca-dzien-nauczyciela","status":"publish","type":"product","link":"https:\/\/mydlamanufaktura.pl\/?product=swieca-dzien-nauczyciela","title":{"rendered":"\u015awieca Dzie\u0144 Nauczyciela"},"content":{"rendered":"","protected":false},"excerpt":{"rendered":"<p><strong>\u015awieca na zrelaksowane cia\u0142o pedagogiczne\u00a0<\/strong><\/p>\n<p><img loading=\"lazy\" decoding=\"async\" class=\"alignnone  wp-image-14191\" src=\"https:\/\/mydlamanufaktura.pl\/wp-content\/uploads\/2024\/06\/Projekt-bez-nazwy-3-300x300.png\" alt=\"\" width=\"162\" height=\"162\" srcset=\"https:\/\/mydlamanufaktura.pl\/wp-content\/uploads\/2024\/06\/Projekt-bez-nazwy-3-300x300.png 300w, https:\/\/mydlamanufaktura.pl\/wp-content\/uploads\/2024\/06\/Projekt-bez-nazwy-3-150x150.png 150w, https:\/\/mydlamanufaktura.pl\/wp-content\/uploads\/2024\/06\/Projekt-bez-nazwy-3-380x380.png 380w, https:\/\/mydlamanufaktura.pl\/wp-content\/uploads\/2024\/06\/Projekt-bez-nazwy-3-420x420.png 420w, https:\/\/mydlamanufaktura.pl\/wp-content\/uploads\/2024\/06\/Projekt-bez-nazwy-3-100x100.png 100w, https:\/\/mydlamanufaktura.pl\/wp-content\/uploads\/2024\/06\/Projekt-bez-nazwy-3.png 500w\" sizes=\"auto, (max-width: 162px) 100vw, 162px\" \/><\/p>\n<ul>\n<li>\u015bwieca 200 ml. w szklanym s\u0142oiczku<\/li>\n<li>drewniany knot imituj\u0105cy d\u017awi\u0119k drewna palonego w kominku<\/li>\n<li>relaksuj\u0105cy, lawendowy zapach<\/li>\n<li>\u0142\u0105czny czas palenia: 40 godzin.<\/li>\n<\/ul>\n","protected":false},"featured_media":700,"comment_status":"open","ping_status":"closed","template":"","meta":{"_monsterinsights_skip_tracking":false,"_monsterinsights_sitenote_active":false,"_monsterinsights_sitenote_note":"","_monsterinsights_sitenote_category":0},"product_brand":[],"product_cat":[43,35,33,81],"product_tag":[],"class_list":{"0":"post-603","1":"product","2":"type-product","3":"status-publish","4":"has-post-thumbnail","6":"product_cat-prezenty","7":"product_cat-produkty-okazjonalne","8":"product_cat-swiece-i-aromaterapia","9":"product_cat-swiece-ozdobne","11":"first","12":"instock","13":"shipping-taxable","14":"purchasable","15":"product-type-simple"},"aioseo_notices":[],"jetpack_sharing_enabled":true,"_links":{"self":[{"href":"https:\/\/mydlamanufaktura.pl\/index.php?rest_route=\/wp\/v2\/product\/603","targetHints":{"allow":["GET"]}}],"collection":[{"href":"https:\/\/mydlamanufaktura.pl\/index.php?rest_route=\/wp\/v2\/product"}],"about":[{"href":"https:\/\/mydlamanufaktura.pl\/index.php?rest_route=\/wp\/v2\/types\/product"}],"replies":[{"embeddable":true,"href":"https:\/\/mydlamanufaktura.pl\/index.php?rest_route=%2Fwp%2Fv2%2Fcomments&post=603"}],"wp:featuredmedia":[{"embeddable":true,"href":"https:\/\/mydlamanufaktura.pl\/index.php?rest_route=\/wp\/v2\/media\/700"}],"wp:attachment":[{"href":"https:\/\/mydlamanufaktura.pl\/index.php?rest_route=%2Fwp%2Fv2%2Fmedia&parent=603"}],"wp:term":[{"taxonomy":"product_brand","embeddable":true,"href":"https:\/\/mydlamanufaktura.pl\/index.php?rest_route=%2Fwp%2Fv2%2Fproduct_brand&post=603"},{"taxonomy":"product_cat","embeddable":true,"href":"https:\/\/mydlamanufaktura.pl\/index.php?rest_route=%2Fwp%2Fv2%2Fproduct_cat&post=603"},{"taxonomy":"product_tag","embeddable":true,"href":"https:\/\/mydlamanufaktura.pl\/index.php?rest_route=%2Fwp%2Fv2%2Fproduct_tag&post=603"}],"curies":[{"name":"wp","href":"https:\/\/api.w.org\/{rel}","templated":true}]}}