{"id":60,"date":"2024-06-26T05:19:41","date_gmt":"2024-06-26T05:19:41","guid":{"rendered":"https:\/\/mydlamanufaktura.pl\/?post_type=product&#038;p=60"},"modified":"2026-01-25T11:35:02","modified_gmt":"2026-01-25T11:35:02","slug":"mydlo-ze-sznurkiem-bursztynborowina-le-noit-shea","status":"publish","type":"product","link":"https:\/\/mydlamanufaktura.pl\/?product=mydlo-ze-sznurkiem-bursztynborowina-le-noit-shea","title":{"rendered":"Myd\u0142o ze sznurkiem bursztyn&#038;borowina Le noit Shea"},"content":{"rendered":"","protected":false},"excerpt":{"rendered":"<p><strong>Regeneruj\u0105cy bursztyn &amp; od\u017cywcza borowina<\/strong><\/p>\n<blockquote><p>Bursztyn znany jest ze swoich nawil\u017caj\u0105cych i regeneruj\u0105cych w\u0142a\u015bciwo\u015bci, za\u015b borowina, nazywana r\u00f3wnie\u017c \u201cczarnym z\u0142otem\u201d, wspomaga jej od\u017cywienie. To niesamowite po\u0142\u0105czenie\u00a0 ukryli\u015bmy dla Ciebie w\u0142a\u015bnie tutaj \u2013 w naszej nowej serii kosmetyk\u00f3w r\u0119cznie robionych. Ju\u017c po pierwszym u\u017cyciu sk\u00f3ra staje si\u0119 jedwabi\u015bcie g\u0142adka i mi\u0119kka. Wyj\u0105tkowy i niespotykany zapach serii bursztynowo-borowinowej sprawi, \u017ce ka\u017cdy zabieg w Twoim domowym spa b\u0119dzie niesamowicie relaksuj\u0105cym doznaniem.<\/p><\/blockquote>\n<div dir=\"auto\"><strong>Spr\u00f3buj, rozpie\u015b\u0107 cia\u0142o, zakochaj si\u0119 w zdrowej piel\u0119gnacji.<\/strong><\/div>\n<div dir=\"auto\"><\/div>\n<p><b>Waga:\u00a0<\/b>90 g.<\/p>\n<p><strong>Zapach<\/strong>:<em> She<\/em> &#8211; zmys\u0142owy, czu\u0142y zapach mi\u0142o\u015bci o ekskluzywnych nutach wanilii, pi\u017cma, cedru, ambry i drzewa sanda\u0142owego. Zapach inspirowany ekskluzywnym perfum.<\/p>\n","protected":false},"featured_media":16018,"comment_status":"open","ping_status":"closed","template":"","meta":{"_monsterinsights_skip_tracking":false,"_monsterinsights_sitenote_active":false,"_monsterinsights_sitenote_note":"","_monsterinsights_sitenote_category":0},"product_brand":[],"product_cat":[30,32,29],"product_tag":[],"class_list":{"0":"post-60","1":"product","2":"type-product","3":"status-publish","4":"has-post-thumbnail","6":"product_cat-le-noit-shea","7":"product_cat-mydla-specjalistyczne","8":"product_cat-seria-bursztyn-borowina","10":"first","11":"instock","12":"shipping-taxable","13":"purchasable","14":"product-type-simple"},"aioseo_notices":[],"jetpack_sharing_enabled":true,"_links":{"self":[{"href":"https:\/\/mydlamanufaktura.pl\/index.php?rest_route=\/wp\/v2\/product\/60","targetHints":{"allow":["GET"]}}],"collection":[{"href":"https:\/\/mydlamanufaktura.pl\/index.php?rest_route=\/wp\/v2\/product"}],"about":[{"href":"https:\/\/mydlamanufaktura.pl\/index.php?rest_route=\/wp\/v2\/types\/product"}],"replies":[{"embeddable":true,"href":"https:\/\/mydlamanufaktura.pl\/index.php?rest_route=%2Fwp%2Fv2%2Fcomments&post=60"}],"wp:featuredmedia":[{"embeddable":true,"href":"https:\/\/mydlamanufaktura.pl\/index.php?rest_route=\/wp\/v2\/media\/16018"}],"wp:attachment":[{"href":"https:\/\/mydlamanufaktura.pl\/index.php?rest_route=%2Fwp%2Fv2%2Fmedia&parent=60"}],"wp:term":[{"taxonomy":"product_brand","embeddable":true,"href":"https:\/\/mydlamanufaktura.pl\/index.php?rest_route=%2Fwp%2Fv2%2Fproduct_brand&post=60"},{"taxonomy":"product_cat","embeddable":true,"href":"https:\/\/mydlamanufaktura.pl\/index.php?rest_route=%2Fwp%2Fv2%2Fproduct_cat&post=60"},{"taxonomy":"product_tag","embeddable":true,"href":"https:\/\/mydlamanufaktura.pl\/index.php?rest_route=%2Fwp%2Fv2%2Fproduct_tag&post=60"}],"curies":[{"name":"wp","href":"https:\/\/api.w.org\/{rel}","templated":true}]}}