{"id":596,"date":"2024-06-26T05:44:23","date_gmt":"2024-06-26T05:44:23","guid":{"rendered":"https:\/\/mydlamanufaktura.pl\/?post_type=product&#038;p=596"},"modified":"2026-01-23T08:18:45","modified_gmt":"2026-01-23T08:18:45","slug":"zestaw-mydel-dzien-dziadkow-na-wesolo","status":"publish","type":"product","link":"https:\/\/mydlamanufaktura.pl\/?product=zestaw-mydel-dzien-dziadkow-na-wesolo","title":{"rendered":"Zestaw myde\u0142 DZIE\u0143 DZIADK\u00d3W na weso\u0142o"},"content":{"rendered":"","protected":false},"excerpt":{"rendered":"<p><strong>Personalizowany zestaw myde\u0142 DZIE\u0143 DZIADK\u00d3W dla weso\u0142ych dziadk\u00f3w <img loading=\"lazy\" decoding=\"async\" class=\"alignnone wp-image-10358\" src=\"https:\/\/mydlamanufaktura.pl\/wp-content\/uploads\/2023\/05\/Projekt-bez-nazwy-300x300.png\" alt=\"\" width=\"30\" height=\"30\" \/><\/strong><\/p>\n<p>Zestaw myde\u0142 zamkni\u0119ty w kartonowe opakowanie wype\u0142nione ozdobnym siankiem i pachn\u0105cymi myde\u0142kami:<\/p>\n<ul>\n<li>myde\u0142ko <em>sztuczna szcz\u0119ka<\/em><\/li>\n<li>myde\u0142ko <em>niebieskie tabletki<\/em>.<\/li>\n<\/ul>\n<p><strong>Ostrze\u017cenie!<\/strong> Prezent wywo\u0142uje niepohamowany \u015bmiech.<\/p>\n","protected":false},"featured_media":693,"comment_status":"open","ping_status":"closed","template":"","meta":{"_monsterinsights_skip_tracking":false,"_monsterinsights_sitenote_active":false,"_monsterinsights_sitenote_note":"","_monsterinsights_sitenote_category":0},"product_brand":[],"product_cat":[43],"product_tag":[],"class_list":{"0":"post-596","1":"product","2":"type-product","3":"status-publish","4":"has-post-thumbnail","6":"product_cat-prezenty","8":"first","9":"instock","10":"shipping-taxable","11":"purchasable","12":"product-type-simple"},"aioseo_notices":[],"jetpack_sharing_enabled":true,"_links":{"self":[{"href":"https:\/\/mydlamanufaktura.pl\/index.php?rest_route=\/wp\/v2\/product\/596","targetHints":{"allow":["GET"]}}],"collection":[{"href":"https:\/\/mydlamanufaktura.pl\/index.php?rest_route=\/wp\/v2\/product"}],"about":[{"href":"https:\/\/mydlamanufaktura.pl\/index.php?rest_route=\/wp\/v2\/types\/product"}],"replies":[{"embeddable":true,"href":"https:\/\/mydlamanufaktura.pl\/index.php?rest_route=%2Fwp%2Fv2%2Fcomments&post=596"}],"wp:featuredmedia":[{"embeddable":true,"href":"https:\/\/mydlamanufaktura.pl\/index.php?rest_route=\/wp\/v2\/media\/693"}],"wp:attachment":[{"href":"https:\/\/mydlamanufaktura.pl\/index.php?rest_route=%2Fwp%2Fv2%2Fmedia&parent=596"}],"wp:term":[{"taxonomy":"product_brand","embeddable":true,"href":"https:\/\/mydlamanufaktura.pl\/index.php?rest_route=%2Fwp%2Fv2%2Fproduct_brand&post=596"},{"taxonomy":"product_cat","embeddable":true,"href":"https:\/\/mydlamanufaktura.pl\/index.php?rest_route=%2Fwp%2Fv2%2Fproduct_cat&post=596"},{"taxonomy":"product_tag","embeddable":true,"href":"https:\/\/mydlamanufaktura.pl\/index.php?rest_route=%2Fwp%2Fv2%2Fproduct_tag&post=596"}],"curies":[{"name":"wp","href":"https:\/\/api.w.org\/{rel}","templated":true}]}}