{"id":573,"date":"2024-06-26T05:43:12","date_gmt":"2024-06-26T05:43:12","guid":{"rendered":"https:\/\/mydlamanufaktura.pl\/?post_type=product&#038;p=573"},"modified":"2026-01-23T08:18:32","modified_gmt":"2026-01-23T08:18:32","slug":"zestaw-prezentowy-dzien-dziadkow-na-wesolo","status":"publish","type":"product","link":"https:\/\/mydlamanufaktura.pl\/?product=zestaw-prezentowy-dzien-dziadkow-na-wesolo","title":{"rendered":"Zestaw prezentowy DZIE\u0143 DZIADK\u00d3W na weso\u0142o"},"content":{"rendered":"","protected":false},"excerpt":{"rendered":"<p><strong>Personalizowany zestaw prezentowy DZIE\u0143 DZIADK\u00d3W dla weso\u0142ych dziadk\u00f3w <img loading=\"lazy\" decoding=\"async\" class=\"alignnone wp-image-10358\" src=\"https:\/\/mydlamanufaktura.pl\/wp-content\/uploads\/2023\/05\/Projekt-bez-nazwy-300x300.png\" alt=\"\" width=\"30\" height=\"30\" \/><\/strong><\/p>\n<p>Zestaw prezentowy, a w nim:<\/p>\n<ul>\n<li>aromatyzowana s\u00f3l do k\u0105pieli &#8211; po\u0142\u0105czenie soli uzdrowiskowej, himalajskiej i relaksuj\u0105cych aromat\u00f3w<\/li>\n<li>myde\u0142ko <em>sztuczna szcz\u0119ka<\/em><\/li>\n<li>myde\u0142ko <em>niebieskie tabletki<\/em><\/li>\n<\/ul>\n<p>Ca\u0142o\u015b\u0107 zapakowana w foli\u0119 ozdobn\u0105 i przewi\u0105zana sznurkiem jutowym.<\/p>\n<p><strong>Ostrze\u017cenie!<\/strong> Prezent wywo\u0142uje niepohamowany \u015bmiech.<\/p>\n","protected":false},"featured_media":664,"comment_status":"open","ping_status":"closed","template":"","meta":{"_monsterinsights_skip_tracking":false,"_monsterinsights_sitenote_active":false,"_monsterinsights_sitenote_note":"","_monsterinsights_sitenote_category":0},"product_brand":[],"product_cat":[43],"product_tag":[],"class_list":{"0":"post-573","1":"product","2":"type-product","3":"status-publish","4":"has-post-thumbnail","6":"product_cat-prezenty","8":"first","9":"instock","10":"shipping-taxable","11":"purchasable","12":"product-type-simple"},"aioseo_notices":[],"jetpack_sharing_enabled":true,"_links":{"self":[{"href":"https:\/\/mydlamanufaktura.pl\/index.php?rest_route=\/wp\/v2\/product\/573","targetHints":{"allow":["GET"]}}],"collection":[{"href":"https:\/\/mydlamanufaktura.pl\/index.php?rest_route=\/wp\/v2\/product"}],"about":[{"href":"https:\/\/mydlamanufaktura.pl\/index.php?rest_route=\/wp\/v2\/types\/product"}],"replies":[{"embeddable":true,"href":"https:\/\/mydlamanufaktura.pl\/index.php?rest_route=%2Fwp%2Fv2%2Fcomments&post=573"}],"wp:featuredmedia":[{"embeddable":true,"href":"https:\/\/mydlamanufaktura.pl\/index.php?rest_route=\/wp\/v2\/media\/664"}],"wp:attachment":[{"href":"https:\/\/mydlamanufaktura.pl\/index.php?rest_route=%2Fwp%2Fv2%2Fmedia&parent=573"}],"wp:term":[{"taxonomy":"product_brand","embeddable":true,"href":"https:\/\/mydlamanufaktura.pl\/index.php?rest_route=%2Fwp%2Fv2%2Fproduct_brand&post=573"},{"taxonomy":"product_cat","embeddable":true,"href":"https:\/\/mydlamanufaktura.pl\/index.php?rest_route=%2Fwp%2Fv2%2Fproduct_cat&post=573"},{"taxonomy":"product_tag","embeddable":true,"href":"https:\/\/mydlamanufaktura.pl\/index.php?rest_route=%2Fwp%2Fv2%2Fproduct_tag&post=573"}],"curies":[{"name":"wp","href":"https:\/\/api.w.org\/{rel}","templated":true}]}}