{"id":49,"date":"2024-06-26T05:19:18","date_gmt":"2024-06-26T05:19:18","guid":{"rendered":"https:\/\/mydlamanufaktura.pl\/?post_type=product&#038;p=49"},"modified":"2026-01-23T08:48:35","modified_gmt":"2026-01-23T08:48:35","slug":"swieca-do-masazu-ciala","status":"publish","type":"product","link":"https:\/\/mydlamanufaktura.pl\/?product=swieca-do-masazu-ciala","title":{"rendered":"\u015awieca do masa\u017cu cia\u0142a"},"content":{"rendered":"<p>Poznaj bli\u017cej zapachy:<\/p>\n<p><em><strong>Modemoiselle<\/strong><\/em>\u00a0\u2013 zmys\u0142owo\u015b\u0107 we francuskim, stylowym wydaniu. Pocz\u0105tkowo twoje zmys\u0142y pobudzi po\u0142\u0105czenie s\u0142odkich kwiat\u00f3w pomara\u0144czy, bergamotki i mandarynki, za\u015b po chwili poczujesz r\u00f3\u017c\u0119, \u015bwie\u017cy ja\u015bmin i egzotyczny kwiat ylang-ylang. Te wszystkie nuty zwie\u0144czone na ko\u0144cu bia\u0142ym pi\u017cmem i orientaln\u0105 wanili\u0105, przypomn\u0105 Ci o cudownych chwilach nami\u0119tno\u015bci.<strong>\u00a0Grupy zapach\u00f3w<\/strong>: perfumowane, kwiatowe.<\/p>\n<p><em><strong>Si si<\/strong> <\/em>&#8211; stylowy, charyzmatyczny zapach, dzi\u0119ki kt\u00f3remu powiesz tak wolno\u015bci, marzeniom, mi\u0142o\u015bci. Po\u0142\u0105czenie nut kwiatowych czarnej porzeczki, kt\u00f3ra z pocz\u0105tku otuli Ci\u0119 s\u0142odycz\u0105\u00a0 i frezji, kt\u00f3ra prze\u0142amie j\u0105 swoj\u0105 g\u0142\u0119bi\u0105.<\/p>\n<p><em><strong>\u015awie\u017cy bambus<\/strong><\/em> \u2013 intensywnie orze\u017awiaj\u0105cy, \u015bwie\u017cy, wodny zapach z nutami kwiatowymi o pon\u0119tnej, s\u0142odkiej g\u0142\u0119bi. Idealny zar\u00f3wno dla kobiet jak i m\u0119\u017cczyzn.<\/p>\n<p><em><strong>Amber<\/strong><\/em> &#8211; delikatnie s\u0142odki, kremowy zapach. Idealny zar\u00f3wno dla kobiet jak i m\u0119\u017cczyzn.<\/p>\n<p><em><strong>Lui Dessert<\/strong> <\/em>&#8211; orientalno-kwiatowy zapach z nutami ja\u015bminu, r\u00f3\u017cy, kwiatu pomara\u0144czy i pi\u017cma. Idealny zar\u00f3wno dla kobiet jak i m\u0119\u017cczyzn.<\/p>\n<p><em><strong>Wanilia <\/strong><\/em>\u2013 zapach dla wszystkich mi\u0142o\u015bnik\u00f3w s\u0142odkich, ciep\u0142ych nut.<\/p>\n<p><strong><em>Men Boss <\/em><\/strong>\u2013 energetyzuj\u0105cy, balsamicznie aromatyczny zapach, kt\u00f3ry niesie si\u0119 w harmonii \u015bwie\u017cych drzewnych nut wraz z dodatkiem cytrusowego akordu.\u00a0<strong>Grupy zapach\u00f3w<\/strong>: perfumowane, drzewne. Zapach m\u0119ski.<\/p>\n<p><em><strong>Pomara\u0144cza z cynamonem<\/strong> <\/em>&#8211; po\u0142\u0105czenie wibruj\u0105cej pomara\u0144czy ze s\u0142odkim, korzennym aromatem cynamonu.<\/p>\n<p><strong><em>R\u00f3\u017ca<\/em><\/strong><em>\u00a0<\/em>\u2013 kr\u00f3lowa kwiat\u00f3w, zapach, kt\u00f3ry uspokaja, poprawia nastr\u00f3j i dzia\u0142a niczym afrodyzjak.<\/p>\n<p><em><strong>Lawendowe wzg\u00f3rza<\/strong><\/em> &#8211; przenie\u015b si\u0119 na francuskie pola lawendy oblane zachodz\u0105cym s\u0142o\u0144cem&#8230;<\/p>\n<p><em><strong>Orchidea\u00a0<\/strong><\/em>&#8211; delikatnie s\u0142odki, kwiatowy zapach poprawiaj\u0105cy nastr\u00f3j i dodaj\u0105cy si\u0142 &#8211; idealny do domowego spa.<\/p>\n","protected":false},"excerpt":{"rendered":"<p><strong>Wyj\u0105tkowe spa teraz w twoim domu!<\/strong><\/p>\n<ul>\n<li>doskonale nawil\u017ca i nat\u0142uszcza nawet najbardziej wysuszon\u0105 sk\u00f3r\u0119<\/li>\n<li>zawiera witaminy A, E i F<\/li>\n<li>wyg\u0142adza i dzia\u0142a przeciwzmarszczkowo<\/li>\n<li>masa\u017c ciep\u0142ym olejkiem niesamowicie odpr\u0119\u017ca i relaksuje cia\u0142o<\/li>\n<li>wyj\u0105tkowy aromat, kt\u00f3ry na d\u0142ugo otuli cia\u0142o<\/li>\n<li>eko design &#8211; metalowe opakowanie, drewniany knot<\/li>\n<\/ul>\n<p><strong>Spos\u00f3b u\u017cycia<\/strong>: Pali\u0107 do momentu uzyskania potrzebnej ilo\u015bci olejku, nast\u0119pnie zgasi\u0107 i wylewa\u0107 bezpo\u015brednio na sk\u00f3r\u0119.<\/p>\n<p><strong>Pojemno\u015b\u0107<\/strong>: 180 g.<\/p>\n<p>\u2193 Poznaj wszystkie dost\u0119pne zapachy w opisie poni\u017cej! \u2193<\/p>\n","protected":false},"featured_media":100,"comment_status":"open","ping_status":"closed","template":"","meta":{"_monsterinsights_skip_tracking":false,"_monsterinsights_sitenote_active":false,"_monsterinsights_sitenote_note":"","_monsterinsights_sitenote_category":0},"product_brand":[],"product_cat":[20,17,19],"product_tag":[],"class_list":{"0":"post-49","1":"product","2":"type-product","3":"status-publish","4":"has-post-thumbnail","6":"product_cat-gabinety-spa","7":"product_cat-pielegnacja","8":"product_cat-pozostale-wyroby","10":"first","11":"instock","12":"shipping-taxable","13":"purchasable","14":"product-type-variable"},"aioseo_notices":[],"jetpack_sharing_enabled":true,"_links":{"self":[{"href":"https:\/\/mydlamanufaktura.pl\/index.php?rest_route=\/wp\/v2\/product\/49","targetHints":{"allow":["GET"]}}],"collection":[{"href":"https:\/\/mydlamanufaktura.pl\/index.php?rest_route=\/wp\/v2\/product"}],"about":[{"href":"https:\/\/mydlamanufaktura.pl\/index.php?rest_route=\/wp\/v2\/types\/product"}],"replies":[{"embeddable":true,"href":"https:\/\/mydlamanufaktura.pl\/index.php?rest_route=%2Fwp%2Fv2%2Fcomments&post=49"}],"wp:featuredmedia":[{"embeddable":true,"href":"https:\/\/mydlamanufaktura.pl\/index.php?rest_route=\/wp\/v2\/media\/100"}],"wp:attachment":[{"href":"https:\/\/mydlamanufaktura.pl\/index.php?rest_route=%2Fwp%2Fv2%2Fmedia&parent=49"}],"wp:term":[{"taxonomy":"product_brand","embeddable":true,"href":"https:\/\/mydlamanufaktura.pl\/index.php?rest_route=%2Fwp%2Fv2%2Fproduct_brand&post=49"},{"taxonomy":"product_cat","embeddable":true,"href":"https:\/\/mydlamanufaktura.pl\/index.php?rest_route=%2Fwp%2Fv2%2Fproduct_cat&post=49"},{"taxonomy":"product_tag","embeddable":true,"href":"https:\/\/mydlamanufaktura.pl\/index.php?rest_route=%2Fwp%2Fv2%2Fproduct_tag&post=49"}],"curies":[{"name":"wp","href":"https:\/\/api.w.org\/{rel}","templated":true}]}}