{"id":479,"date":"2024-06-26T05:38:29","date_gmt":"2024-06-26T05:38:29","guid":{"rendered":"https:\/\/mydlamanufaktura.pl\/?post_type=product&#038;p=479"},"modified":"2026-01-23T08:16:05","modified_gmt":"2026-01-23T08:16:05","slug":"swieca-zapachowa-slodka-zolza","status":"publish","type":"product","link":"https:\/\/mydlamanufaktura.pl\/?product=swieca-zapachowa-slodka-zolza","title":{"rendered":"\u015awieca zapachowa S\u0142odka Zo\u0142za"},"content":{"rendered":"","protected":false},"excerpt":{"rendered":"<p><strong>\u015awieca ro\u015blinna<\/strong> o zapachu s\u0142odkiej, waniliowej babeczki<\/p>\n<ul>\n<li>\u015bwieca 200 ml. w szklanym s\u0142oiczku<\/li>\n<li>drewniany knot imituj\u0105cy d\u017awi\u0119k drewna palonego w kominku<\/li>\n<li>\u0142\u0105czny czas palenia: 40 godzin.<\/li>\n<\/ul>\n","protected":false},"featured_media":541,"comment_status":"open","ping_status":"closed","template":"","meta":{"_monsterinsights_skip_tracking":false,"_monsterinsights_sitenote_active":false,"_monsterinsights_sitenote_note":"","_monsterinsights_sitenote_category":0},"product_brand":[],"product_cat":[43,33,81],"product_tag":[],"class_list":{"0":"post-479","1":"product","2":"type-product","3":"status-publish","4":"has-post-thumbnail","6":"product_cat-prezenty","7":"product_cat-swiece-i-aromaterapia","8":"product_cat-swiece-ozdobne","10":"first","11":"instock","12":"shipping-taxable","13":"purchasable","14":"product-type-simple"},"aioseo_notices":[],"jetpack_sharing_enabled":true,"_links":{"self":[{"href":"https:\/\/mydlamanufaktura.pl\/index.php?rest_route=\/wp\/v2\/product\/479","targetHints":{"allow":["GET"]}}],"collection":[{"href":"https:\/\/mydlamanufaktura.pl\/index.php?rest_route=\/wp\/v2\/product"}],"about":[{"href":"https:\/\/mydlamanufaktura.pl\/index.php?rest_route=\/wp\/v2\/types\/product"}],"replies":[{"embeddable":true,"href":"https:\/\/mydlamanufaktura.pl\/index.php?rest_route=%2Fwp%2Fv2%2Fcomments&post=479"}],"wp:featuredmedia":[{"embeddable":true,"href":"https:\/\/mydlamanufaktura.pl\/index.php?rest_route=\/wp\/v2\/media\/541"}],"wp:attachment":[{"href":"https:\/\/mydlamanufaktura.pl\/index.php?rest_route=%2Fwp%2Fv2%2Fmedia&parent=479"}],"wp:term":[{"taxonomy":"product_brand","embeddable":true,"href":"https:\/\/mydlamanufaktura.pl\/index.php?rest_route=%2Fwp%2Fv2%2Fproduct_brand&post=479"},{"taxonomy":"product_cat","embeddable":true,"href":"https:\/\/mydlamanufaktura.pl\/index.php?rest_route=%2Fwp%2Fv2%2Fproduct_cat&post=479"},{"taxonomy":"product_tag","embeddable":true,"href":"https:\/\/mydlamanufaktura.pl\/index.php?rest_route=%2Fwp%2Fv2%2Fproduct_tag&post=479"}],"curies":[{"name":"wp","href":"https:\/\/api.w.org\/{rel}","templated":true}]}}