{"id":472,"date":"2024-06-26T05:38:07","date_gmt":"2024-06-26T05:38:07","guid":{"rendered":"https:\/\/mydlamanufaktura.pl\/?post_type=product&#038;p=472"},"modified":"2026-01-23T08:52:02","modified_gmt":"2026-01-23T08:52:02","slug":"walentynkowa-swieca-zapachowa-rozpalasz-we-mnie","status":"publish","type":"product","link":"https:\/\/mydlamanufaktura.pl\/?product=walentynkowa-swieca-zapachowa-rozpalasz-we-mnie","title":{"rendered":"Walentynkowa \u015bwieca zapachowa ROZPALASZ WE MNIE&#8230;"},"content":{"rendered":"<p><strong><em>Wanilia <\/em><\/strong>\u2013 zapach dla wszystkich mi\u0142o\u015bnik\u00f3w s\u0142odkich, ciep\u0142ych nut.<\/p>\n<p><strong><em>Modemoiselle<\/em><\/strong>\u00a0\u2013 zmys\u0142owo\u015b\u0107 we francuskim, stylowym wydaniu. Pocz\u0105tkowo twoje zmys\u0142y pobudzi po\u0142\u0105czenie s\u0142odkich kwiat\u00f3w pomara\u0144czy, bergamotki i mandarynki, za\u015b po chwili poczujesz r\u00f3\u017c\u0119, \u015bwie\u017cy ja\u015bmin i egzotyczny kwiat ylang-ylang. Te wszystkie nuty zwie\u0144czone na ko\u0144cu bia\u0142ym pi\u017cmem i orientaln\u0105 wanili\u0105, przypomn\u0105 Ci o cudownych chwilach nami\u0119tno\u015bci.<strong>\u00a0Grupy zapach\u00f3w<\/strong>: perfumowane, kwiatowe.<\/p>\n<p><b><i>Men Boss <\/i><\/b>\u2013 energetyzuj\u0105cy, balsamicznie aromatyczny zapach, kt\u00f3ry niesie si\u0119 w harmonii \u015bwie\u017cych drzewnych nut wraz z dodatkiem cytrusowego akordu.\u00a0<strong>Grupy zapach\u00f3w<\/strong>: perfumowane, drzewne.<\/p>\n<p><em><strong>Whisky\u00a0<\/strong><\/em>&#8211; to istna uczta w ekskluzywnym wydaniu; po\u0142\u0105czenie s\u0142odkich nut wanilii i karmelu z pikantnymi, iskrz\u0105cymi nutami imbiru i ga\u0142ki muszkato\u0142owej.<\/p>\n","protected":false},"excerpt":{"rendered":"<div><strong>WALENTYNKI<\/strong><\/div>\n<div><strong> <img loading=\"lazy\" decoding=\"async\" class=\"alignnone wp-image-1017\" src=\"https:\/\/mydlamanufaktura.pl\/wp-content\/uploads\/2024\/07\/off3.png\" alt=\"\" width=\"103\" height=\"103\" srcset=\"https:\/\/mydlamanufaktura.pl\/wp-content\/uploads\/2024\/07\/off3.png 127w, https:\/\/mydlamanufaktura.pl\/wp-content\/uploads\/2024\/07\/off3-100x100.png 100w\" sizes=\"auto, (max-width: 103px) 100vw, 103px\" \/><\/strong><\/div>\n<ul>\n<li>\u015bwieca 200 ml. w szklanym s\u0142oiczku<\/li>\n<li>drewniany knot imituj\u0105cy d\u017awi\u0119k drewna palonego w kominku<\/li>\n<li>\u0142\u0105czny czas palenia: 40 godzin.<\/li>\n<\/ul>\n<p>Opis dost\u0119pnych zamach\u00f3w poni\u017cej:<\/p>\n","protected":false},"featured_media":531,"comment_status":"open","ping_status":"closed","template":"","meta":{"_monsterinsights_skip_tracking":false,"_monsterinsights_sitenote_active":false,"_monsterinsights_sitenote_note":"","_monsterinsights_sitenote_category":0},"product_brand":[],"product_cat":[33,81,72],"product_tag":[],"class_list":{"0":"post-472","1":"product","2":"type-product","3":"status-publish","4":"has-post-thumbnail","6":"product_cat-swiece-i-aromaterapia","7":"product_cat-swiece-ozdobne","8":"product_cat-walentynki","10":"first","11":"instock","12":"shipping-taxable","13":"purchasable","14":"product-type-variable"},"aioseo_notices":[],"jetpack_sharing_enabled":true,"_links":{"self":[{"href":"https:\/\/mydlamanufaktura.pl\/index.php?rest_route=\/wp\/v2\/product\/472","targetHints":{"allow":["GET"]}}],"collection":[{"href":"https:\/\/mydlamanufaktura.pl\/index.php?rest_route=\/wp\/v2\/product"}],"about":[{"href":"https:\/\/mydlamanufaktura.pl\/index.php?rest_route=\/wp\/v2\/types\/product"}],"replies":[{"embeddable":true,"href":"https:\/\/mydlamanufaktura.pl\/index.php?rest_route=%2Fwp%2Fv2%2Fcomments&post=472"}],"wp:featuredmedia":[{"embeddable":true,"href":"https:\/\/mydlamanufaktura.pl\/index.php?rest_route=\/wp\/v2\/media\/531"}],"wp:attachment":[{"href":"https:\/\/mydlamanufaktura.pl\/index.php?rest_route=%2Fwp%2Fv2%2Fmedia&parent=472"}],"wp:term":[{"taxonomy":"product_brand","embeddable":true,"href":"https:\/\/mydlamanufaktura.pl\/index.php?rest_route=%2Fwp%2Fv2%2Fproduct_brand&post=472"},{"taxonomy":"product_cat","embeddable":true,"href":"https:\/\/mydlamanufaktura.pl\/index.php?rest_route=%2Fwp%2Fv2%2Fproduct_cat&post=472"},{"taxonomy":"product_tag","embeddable":true,"href":"https:\/\/mydlamanufaktura.pl\/index.php?rest_route=%2Fwp%2Fv2%2Fproduct_tag&post=472"}],"curies":[{"name":"wp","href":"https:\/\/api.w.org\/{rel}","templated":true}]}}