{"id":462,"date":"2024-06-26T05:37:36","date_gmt":"2024-06-26T05:37:36","guid":{"rendered":"https:\/\/mydlamanufaktura.pl\/?post_type=product&#038;p=462"},"modified":"2026-01-23T07:41:28","modified_gmt":"2026-01-23T07:41:28","slug":"serce","status":"publish","type":"product","link":"https:\/\/mydlamanufaktura.pl\/?product=serce","title":{"rendered":"Serce"},"content":{"rendered":"","protected":false},"excerpt":{"rendered":"<div><strong>WALENTYNKI<\/strong><\/div>\n<div><strong> <img loading=\"lazy\" decoding=\"async\" class=\"alignnone wp-image-1017\" src=\"https:\/\/mydlamanufaktura.pl\/wp-content\/uploads\/2024\/07\/off3.png\" alt=\"\" width=\"103\" height=\"103\" srcset=\"https:\/\/mydlamanufaktura.pl\/wp-content\/uploads\/2024\/07\/off3.png 127w, https:\/\/mydlamanufaktura.pl\/wp-content\/uploads\/2024\/07\/off3-100x100.png 100w\" sizes=\"auto, (max-width: 103px) 100vw, 103px\" \/><\/strong><\/div>\n<p><strong>Glicerynowe myd\u0142o naturalnie oczyszczaj\u0105co-piel\u0119gnuj\u0105ce<\/strong><\/p>\n<ul>\n<li>myd\u0142o glicerynowe 100%<\/li>\n<li>nawil\u017ca sk\u00f3r\u0119, pozostawia j\u0105 mi\u0119kk\u0105, bez osadu i uczucia \u015bci\u0105gni\u0119cia<\/li>\n<li>nietuzinkowa forma myd\u0142a<\/li>\n<li>wyj\u0105tkowy zapach, kt\u00f3ry otuli sk\u00f3r\u0119 i wype\u0142ni pomieszczenie<\/li>\n<\/ul>\n<p><strong>Waga<\/strong>: ok. 50 gram<\/p>\n","protected":false},"featured_media":519,"comment_status":"open","ping_status":"closed","template":"","meta":{"_monsterinsights_skip_tracking":false,"_monsterinsights_sitenote_active":false,"_monsterinsights_sitenote_note":"","_monsterinsights_sitenote_category":0},"product_brand":[],"product_cat":[42,80,72],"product_tag":[],"class_list":{"0":"post-462","1":"product","2":"type-product","3":"status-publish","4":"has-post-thumbnail","6":"product_cat-mydla-z-formy","7":"product_cat-slub","8":"product_cat-walentynki","10":"first","11":"instock","12":"shipping-taxable","13":"purchasable","14":"product-type-variable"},"aioseo_notices":[],"jetpack_sharing_enabled":true,"_links":{"self":[{"href":"https:\/\/mydlamanufaktura.pl\/index.php?rest_route=\/wp\/v2\/product\/462","targetHints":{"allow":["GET"]}}],"collection":[{"href":"https:\/\/mydlamanufaktura.pl\/index.php?rest_route=\/wp\/v2\/product"}],"about":[{"href":"https:\/\/mydlamanufaktura.pl\/index.php?rest_route=\/wp\/v2\/types\/product"}],"replies":[{"embeddable":true,"href":"https:\/\/mydlamanufaktura.pl\/index.php?rest_route=%2Fwp%2Fv2%2Fcomments&post=462"}],"wp:featuredmedia":[{"embeddable":true,"href":"https:\/\/mydlamanufaktura.pl\/index.php?rest_route=\/wp\/v2\/media\/519"}],"wp:attachment":[{"href":"https:\/\/mydlamanufaktura.pl\/index.php?rest_route=%2Fwp%2Fv2%2Fmedia&parent=462"}],"wp:term":[{"taxonomy":"product_brand","embeddable":true,"href":"https:\/\/mydlamanufaktura.pl\/index.php?rest_route=%2Fwp%2Fv2%2Fproduct_brand&post=462"},{"taxonomy":"product_cat","embeddable":true,"href":"https:\/\/mydlamanufaktura.pl\/index.php?rest_route=%2Fwp%2Fv2%2Fproduct_cat&post=462"},{"taxonomy":"product_tag","embeddable":true,"href":"https:\/\/mydlamanufaktura.pl\/index.php?rest_route=%2Fwp%2Fv2%2Fproduct_tag&post=462"}],"curies":[{"name":"wp","href":"https:\/\/api.w.org\/{rel}","templated":true}]}}