{"id":439,"date":"2024-06-26T05:36:28","date_gmt":"2024-06-26T05:36:28","guid":{"rendered":"https:\/\/mydlamanufaktura.pl\/?post_type=product&#038;p=439"},"modified":"2026-01-23T08:17:05","modified_gmt":"2026-01-23T08:17:05","slug":"mydelko-roza-na-drewnianej-lodydze-najpiekniejsze-zyczenia","status":"publish","type":"product","link":"https:\/\/mydlamanufaktura.pl\/?product=mydelko-roza-na-drewnianej-lodydze-najpiekniejsze-zyczenia","title":{"rendered":"Myd\u0142o r\u00f3\u017ca na drewnianej \u0142odydze &#8211; najpi\u0119kniejsze \u017cyczenia"},"content":{"rendered":"<p>INCI: Aqua, Glycerin, Sodium Stearate, Propylene Glycol, Sorbitol, Sodium Laurate, Sodium Laureth Sulfeta, Sodium Lauryl Sulfate, Sodium Chloride, Stearic Acid, Lauric Acid, Pentasodium Pentetate, Tetrasodium Etidronate, Aroma, Parfum, CI 77891, CI 19140, CI 15985, CI 16255, CI 16035, CI 42090, CI 45100, CI 45350, CI 16185, CI 14720, CI 73360, Mica, Titanium Dioxide, Iron Oxide, Benzyl Alcohol, Benzyl Benzoate, Citral, Citranellol, Coumarin, Eugenol, Geraniol, Limonene, Linalool<\/p>\n<p>*w sk\u0142adzie wymienione zosta\u0142y alergeny wszystkich mo\u017cliwych zapach\u00f3w<\/p>\n","protected":false},"excerpt":{"rendered":"<h3>Wyj\u0105tkowy prezent \u2665<\/h3>\n<p>myd\u0142o na drewnianej \u0142odydze z \u017cyczeniami na ka\u017cd\u0105 okazj\u0119<\/p>\n<p>____<\/p>\n<p><strong>Glicerynowe myd\u0142o naturalnie oczyszczaj\u0105co-piel\u0119gnuj\u0105ce<\/strong><\/p>\n<ul>\n<li>myd\u0142o glicerynowe 100%<\/li>\n<li>nawil\u017ca sk\u00f3r\u0119, pozostawia j\u0105 mi\u0119kk\u0105, bez osadu i uczucia \u015bci\u0105gni\u0119cia<\/li>\n<li>nietuzinkowa forma myd\u0142a<\/li>\n<li>wyj\u0105tkowy zapach, kt\u00f3ry otuli sk\u00f3r\u0119 i wype\u0142ni pomieszczenie<\/li>\n<\/ul>\n<p><strong>Waga<\/strong>: ok.\u00a0<span style=\"font-size: 16px; font-style: normal; font-weight: 400;\"> 80 g.<\/span><\/p>\n<p><strong>Zapach<\/strong>: R\u00f3\u017cany<\/p>\n","protected":false},"featured_media":14121,"comment_status":"open","ping_status":"closed","template":"","meta":{"_monsterinsights_skip_tracking":false,"_monsterinsights_sitenote_active":false,"_monsterinsights_sitenote_note":"","_monsterinsights_sitenote_category":0},"product_brand":[],"product_cat":[42,43],"product_tag":[],"class_list":{"0":"post-439","1":"product","2":"type-product","3":"status-publish","4":"has-post-thumbnail","6":"product_cat-mydla-z-formy","7":"product_cat-prezenty","9":"first","10":"instock","11":"shipping-taxable","12":"purchasable","13":"product-type-variable"},"aioseo_notices":[],"jetpack_sharing_enabled":true,"_links":{"self":[{"href":"https:\/\/mydlamanufaktura.pl\/index.php?rest_route=\/wp\/v2\/product\/439","targetHints":{"allow":["GET"]}}],"collection":[{"href":"https:\/\/mydlamanufaktura.pl\/index.php?rest_route=\/wp\/v2\/product"}],"about":[{"href":"https:\/\/mydlamanufaktura.pl\/index.php?rest_route=\/wp\/v2\/types\/product"}],"replies":[{"embeddable":true,"href":"https:\/\/mydlamanufaktura.pl\/index.php?rest_route=%2Fwp%2Fv2%2Fcomments&post=439"}],"wp:featuredmedia":[{"embeddable":true,"href":"https:\/\/mydlamanufaktura.pl\/index.php?rest_route=\/wp\/v2\/media\/14121"}],"wp:attachment":[{"href":"https:\/\/mydlamanufaktura.pl\/index.php?rest_route=%2Fwp%2Fv2%2Fmedia&parent=439"}],"wp:term":[{"taxonomy":"product_brand","embeddable":true,"href":"https:\/\/mydlamanufaktura.pl\/index.php?rest_route=%2Fwp%2Fv2%2Fproduct_brand&post=439"},{"taxonomy":"product_cat","embeddable":true,"href":"https:\/\/mydlamanufaktura.pl\/index.php?rest_route=%2Fwp%2Fv2%2Fproduct_cat&post=439"},{"taxonomy":"product_tag","embeddable":true,"href":"https:\/\/mydlamanufaktura.pl\/index.php?rest_route=%2Fwp%2Fv2%2Fproduct_tag&post=439"}],"curies":[{"name":"wp","href":"https:\/\/api.w.org\/{rel}","templated":true}]}}