{"id":433,"date":"2024-06-26T05:36:02","date_gmt":"2024-06-26T05:36:02","guid":{"rendered":"https:\/\/mydlamanufaktura.pl\/?post_type=product&#038;p=433"},"modified":"2026-01-23T08:16:37","modified_gmt":"2026-01-23T08:16:37","slug":"dzien-nauczyciela-zestaw-prezentowy","status":"publish","type":"product","link":"https:\/\/mydlamanufaktura.pl\/?product=dzien-nauczyciela-zestaw-prezentowy","title":{"rendered":"Dzie\u0144 Nauczyciela &#8211; zestaw prezentowy"},"content":{"rendered":"","protected":false},"excerpt":{"rendered":"<p><em><strong>Spos\u00f3b na zrelaksowane cia\u0142o pedagogiczne<\/strong><\/em><strong>\u00a0<\/strong><\/p>\n<ul>\n<li>zestaw prezentowy w ozdobnym kartoniku<\/li>\n<li>zawiera aromatyzowana s\u00f3l do k\u0105pieli z p\u0142atkami b\u0142awatka + krem do r\u0105k<\/li>\n<li>ca\u0142o\u015b\u0107 pakowana w celofan<\/li>\n<\/ul>\n","protected":false},"featured_media":503,"comment_status":"open","ping_status":"closed","template":"","meta":{"_monsterinsights_skip_tracking":false,"_monsterinsights_sitenote_active":false,"_monsterinsights_sitenote_note":"","_monsterinsights_sitenote_category":0},"product_brand":[],"product_cat":[43],"product_tag":[],"class_list":{"0":"post-433","1":"product","2":"type-product","3":"status-publish","4":"has-post-thumbnail","6":"product_cat-prezenty","8":"first","9":"instock","10":"shipping-taxable","11":"purchasable","12":"product-type-simple"},"aioseo_notices":[],"jetpack_sharing_enabled":true,"_links":{"self":[{"href":"https:\/\/mydlamanufaktura.pl\/index.php?rest_route=\/wp\/v2\/product\/433","targetHints":{"allow":["GET"]}}],"collection":[{"href":"https:\/\/mydlamanufaktura.pl\/index.php?rest_route=\/wp\/v2\/product"}],"about":[{"href":"https:\/\/mydlamanufaktura.pl\/index.php?rest_route=\/wp\/v2\/types\/product"}],"replies":[{"embeddable":true,"href":"https:\/\/mydlamanufaktura.pl\/index.php?rest_route=%2Fwp%2Fv2%2Fcomments&post=433"}],"wp:featuredmedia":[{"embeddable":true,"href":"https:\/\/mydlamanufaktura.pl\/index.php?rest_route=\/wp\/v2\/media\/503"}],"wp:attachment":[{"href":"https:\/\/mydlamanufaktura.pl\/index.php?rest_route=%2Fwp%2Fv2%2Fmedia&parent=433"}],"wp:term":[{"taxonomy":"product_brand","embeddable":true,"href":"https:\/\/mydlamanufaktura.pl\/index.php?rest_route=%2Fwp%2Fv2%2Fproduct_brand&post=433"},{"taxonomy":"product_cat","embeddable":true,"href":"https:\/\/mydlamanufaktura.pl\/index.php?rest_route=%2Fwp%2Fv2%2Fproduct_cat&post=433"},{"taxonomy":"product_tag","embeddable":true,"href":"https:\/\/mydlamanufaktura.pl\/index.php?rest_route=%2Fwp%2Fv2%2Fproduct_tag&post=433"}],"curies":[{"name":"wp","href":"https:\/\/api.w.org\/{rel}","templated":true}]}}