{"id":42,"date":"2024-06-26T05:18:57","date_gmt":"2024-06-26T05:18:57","guid":{"rendered":"https:\/\/mydlamanufaktura.pl\/?post_type=product&#038;p=42"},"modified":"2026-01-23T08:49:28","modified_gmt":"2026-01-23T08:49:28","slug":"dwufazowy-peeling-do-ciala","status":"publish","type":"product","link":"https:\/\/mydlamanufaktura.pl\/?product=dwufazowy-peeling-do-ciala","title":{"rendered":"Dwufazowy peeling do cia\u0142a"},"content":{"rendered":"<p>Poznaj bli\u017cej zapachy:<\/p>\n<p><em><strong>Modemoiselle<\/strong><\/em>\u00a0\u2013 zmys\u0142owo\u015b\u0107 we francuskim, stylowym wydaniu. Pocz\u0105tkowo twoje zmys\u0142y pobudzi po\u0142\u0105czenie s\u0142odkich kwiat\u00f3w pomara\u0144czy, bergamotki i mandarynki, za\u015b po chwili poczujesz r\u00f3\u017c\u0119, \u015bwie\u017cy ja\u015bmin i egzotyczny kwiat ylang-ylang. Te wszystkie nuty zwie\u0144czone na ko\u0144cu bia\u0142ym pi\u017cmem i orientaln\u0105 wanili\u0105, przypomn\u0105 Ci o cudownych chwilach nami\u0119tno\u015bci.<strong>\u00a0Grupy zapach\u00f3w<\/strong>: perfumowane, kwiatowe.<\/p>\n<p><em><strong>Si si<\/strong> <\/em>&#8211; stylowy, charyzmatyczny zapach, dzi\u0119ki kt\u00f3remu powiesz tak wolno\u015bci, marzeniom, mi\u0142o\u015bci. Po\u0142\u0105czenie nut kwiatowych czarnej porzeczki, kt\u00f3ra z pocz\u0105tku otuli Ci\u0119 s\u0142odycz\u0105\u00a0 i frezji, kt\u00f3ra prze\u0142amie j\u0105 swoj\u0105 g\u0142\u0119bi\u0105.<\/p>\n<p><em><strong>\u015awie\u017cy bambus<\/strong><\/em> \u2013 intensywnie orze\u017awiaj\u0105cy, \u015bwie\u017cy, wodny zapach z nutami kwiatowymi o pon\u0119tnej, s\u0142odkiej g\u0142\u0119bi. Idealny zar\u00f3wno dla kobiet jak i m\u0119\u017cczyzn.<\/p>\n<p><em><strong>Amber<\/strong><\/em> &#8211; delikatnie s\u0142odki, kremowy zapach. Idealny zar\u00f3wno dla kobiet jak i m\u0119\u017cczyzn.<\/p>\n<p><em><strong>Lui Dessert<\/strong> <\/em>&#8211; orientalno-kwiatowy zapach z nutami ja\u015bminu, r\u00f3\u017cy, kwiatu pomara\u0144czy i pi\u017cma. Idealny zar\u00f3wno dla kobiet jak i m\u0119\u017cczyzn.<\/p>\n<p><strong><em>Men Boss <\/em><\/strong>\u2013 energetyzuj\u0105cy, balsamicznie aromatyczny zapach, kt\u00f3ry niesie si\u0119 w harmonii \u015bwie\u017cych drzewnych nut wraz z dodatkiem cytrusowego akordu.\u00a0<strong>Grupy zapach\u00f3w<\/strong>: perfumowane, drzewne. Zapach m\u0119ski.<\/p>\n","protected":false},"excerpt":{"rendered":"<p><strong>Solny peeling z olejami nawil\u017caj\u0105cymi\u00a0<\/strong><\/p>\n<ul>\n<li>w naturalny spos\u00f3b z\u0142uszcza martwy nask\u00f3rek i wspomaga lepsze kr\u0105\u017cenie<\/li>\n<li>wspomaga walk\u0119 z cellulitem<\/li>\n<li>pozostawia sk\u00f3r\u0119 g\u0142\u0119boko nawil\u017con\u0105 i nat\u0142uszczon\u0105<\/li>\n<li>wyj\u0105tkowy aromat, kt\u00f3ry otuli sk\u00f3r\u0119 na ca\u0142y dzie\u0144!<\/li>\n<\/ul>\n<p><strong>G\u0142adka i mi\u0119kka sk\u00f3ra ju\u017c po pierwszym zastosowaniu!<\/strong><\/p>\n<p><strong>Spos\u00f3b u\u017cycia<\/strong>: Wmasowa\u0107 w sk\u00f3r\u0119, a nast\u0119pnie dok\u0142adnie sp\u0142uka\u0107. Dla najlepszego efektu stosowa\u0107 raz w tygodniu (nie bezpo\u015brednio po goleniu, poniewa\u017c s\u00f3l mo\u017ce zrani\u0107 podra\u017cnion\u0105 sk\u00f3r\u0119).<\/p>\n<p><strong>Waga<\/strong>: 360 g.<\/p>\n<p>\u2193 Poznaj wszystkie dost\u0119pne zapachy w opisie poni\u017cej! \u2193<\/p>\n","protected":false},"featured_media":98,"comment_status":"open","ping_status":"closed","template":"","meta":{"_monsterinsights_skip_tracking":false,"_monsterinsights_sitenote_active":false,"_monsterinsights_sitenote_note":"","_monsterinsights_sitenote_category":0},"product_brand":[],"product_cat":[17,18],"product_tag":[],"class_list":{"0":"post-42","1":"product","2":"type-product","3":"status-publish","4":"has-post-thumbnail","6":"product_cat-pielegnacja","7":"product_cat-seria-bursztynowa","9":"first","10":"instock","11":"shipping-taxable","12":"purchasable","13":"product-type-variable"},"aioseo_notices":[],"jetpack_sharing_enabled":true,"_links":{"self":[{"href":"https:\/\/mydlamanufaktura.pl\/index.php?rest_route=\/wp\/v2\/product\/42","targetHints":{"allow":["GET"]}}],"collection":[{"href":"https:\/\/mydlamanufaktura.pl\/index.php?rest_route=\/wp\/v2\/product"}],"about":[{"href":"https:\/\/mydlamanufaktura.pl\/index.php?rest_route=\/wp\/v2\/types\/product"}],"replies":[{"embeddable":true,"href":"https:\/\/mydlamanufaktura.pl\/index.php?rest_route=%2Fwp%2Fv2%2Fcomments&post=42"}],"wp:featuredmedia":[{"embeddable":true,"href":"https:\/\/mydlamanufaktura.pl\/index.php?rest_route=\/wp\/v2\/media\/98"}],"wp:attachment":[{"href":"https:\/\/mydlamanufaktura.pl\/index.php?rest_route=%2Fwp%2Fv2%2Fmedia&parent=42"}],"wp:term":[{"taxonomy":"product_brand","embeddable":true,"href":"https:\/\/mydlamanufaktura.pl\/index.php?rest_route=%2Fwp%2Fv2%2Fproduct_brand&post=42"},{"taxonomy":"product_cat","embeddable":true,"href":"https:\/\/mydlamanufaktura.pl\/index.php?rest_route=%2Fwp%2Fv2%2Fproduct_cat&post=42"},{"taxonomy":"product_tag","embeddable":true,"href":"https:\/\/mydlamanufaktura.pl\/index.php?rest_route=%2Fwp%2Fv2%2Fproduct_tag&post=42"}],"curies":[{"name":"wp","href":"https:\/\/api.w.org\/{rel}","templated":true}]}}