{"id":403,"date":"2024-06-26T05:34:42","date_gmt":"2024-06-26T05:34:42","guid":{"rendered":"https:\/\/mydlamanufaktura.pl\/?post_type=product&#038;p=403"},"modified":"2026-01-23T07:50:29","modified_gmt":"2026-01-23T07:50:29","slug":"dinusie","status":"publish","type":"product","link":"https:\/\/mydlamanufaktura.pl\/?product=dinusie","title":{"rendered":"Dinusie"},"content":{"rendered":"","protected":false},"excerpt":{"rendered":"<p><strong>Glicerynowe myd\u0142o naturalnie oczyszczaj\u0105co-piel\u0119gnuj\u0105ce<\/strong><\/p>\n<ul>\n<li>myd\u0142o glicerynowe 100%<\/li>\n<li>nawil\u017ca sk\u00f3r\u0119, pozostawia j\u0105 mi\u0119kk\u0105, bez osadu i uczucia \u015bci\u0105gni\u0119cia<\/li>\n<li>nietuzinkowa forma myd\u0142a<\/li>\n<\/ul>\n<p><strong>Waga<\/strong>: ok. 80 gram<\/p>\n<p><strong>Zapach<\/strong>: <em>\u015awie\u017cy bambus<\/em> &#8211; s\u0142odki, orze\u017awiaj\u0105cy zapach<\/p>\n<p><strong>Kolor<\/strong>: Zielony<\/p>\n<p><strong>Warianty<\/strong>:<\/p>\n<p><strong>A)<\/strong><\/p>\n<p><img loading=\"lazy\" decoding=\"async\" class=\"alignnone size-medium wp-image-8347\" src=\"https:\/\/mydlamanufaktura.pl\/wp-content\/uploads\/2022\/09\/IMG_1757-300x204.jpg\" alt=\"\" width=\"300\" height=\"204\" \/><\/p>\n<p>&nbsp;<\/p>\n<p><strong>B)<\/strong><\/p>\n<p><img loading=\"lazy\" decoding=\"async\" class=\"alignnone size-medium wp-image-8348\" src=\"https:\/\/mydlamanufaktura.pl\/wp-content\/uploads\/2022\/09\/IMG_1761-300x200.jpg\" alt=\"\" width=\"300\" height=\"200\" \/><\/p>\n<p>&nbsp;<\/p>\n<p><strong>C)<\/strong><\/p>\n<p><img loading=\"lazy\" decoding=\"async\" class=\"alignnone size-medium wp-image-8349\" src=\"https:\/\/mydlamanufaktura.pl\/wp-content\/uploads\/2022\/09\/IMG_1762-300x200.jpg\" alt=\"\" width=\"300\" height=\"200\" \/><\/p>\n","protected":false},"featured_media":473,"comment_status":"open","ping_status":"closed","template":"","meta":{"_monsterinsights_skip_tracking":false,"_monsterinsights_sitenote_active":false,"_monsterinsights_sitenote_note":"","_monsterinsights_sitenote_category":0},"product_brand":[],"product_cat":[79],"product_tag":[],"class_list":{"0":"post-403","1":"product","2":"type-product","3":"status-publish","4":"has-post-thumbnail","6":"product_cat-mydla-dzieciece","8":"first","9":"instock","10":"shipping-taxable","11":"purchasable","12":"product-type-variable"},"aioseo_notices":[],"jetpack_sharing_enabled":true,"_links":{"self":[{"href":"https:\/\/mydlamanufaktura.pl\/index.php?rest_route=\/wp\/v2\/product\/403","targetHints":{"allow":["GET"]}}],"collection":[{"href":"https:\/\/mydlamanufaktura.pl\/index.php?rest_route=\/wp\/v2\/product"}],"about":[{"href":"https:\/\/mydlamanufaktura.pl\/index.php?rest_route=\/wp\/v2\/types\/product"}],"replies":[{"embeddable":true,"href":"https:\/\/mydlamanufaktura.pl\/index.php?rest_route=%2Fwp%2Fv2%2Fcomments&post=403"}],"wp:featuredmedia":[{"embeddable":true,"href":"https:\/\/mydlamanufaktura.pl\/index.php?rest_route=\/wp\/v2\/media\/473"}],"wp:attachment":[{"href":"https:\/\/mydlamanufaktura.pl\/index.php?rest_route=%2Fwp%2Fv2%2Fmedia&parent=403"}],"wp:term":[{"taxonomy":"product_brand","embeddable":true,"href":"https:\/\/mydlamanufaktura.pl\/index.php?rest_route=%2Fwp%2Fv2%2Fproduct_brand&post=403"},{"taxonomy":"product_cat","embeddable":true,"href":"https:\/\/mydlamanufaktura.pl\/index.php?rest_route=%2Fwp%2Fv2%2Fproduct_cat&post=403"},{"taxonomy":"product_tag","embeddable":true,"href":"https:\/\/mydlamanufaktura.pl\/index.php?rest_route=%2Fwp%2Fv2%2Fproduct_tag&post=403"}],"curies":[{"name":"wp","href":"https:\/\/api.w.org\/{rel}","templated":true}]}}