{"id":383,"date":"2024-06-26T05:33:38","date_gmt":"2024-06-26T05:33:38","guid":{"rendered":"https:\/\/mydlamanufaktura.pl\/?post_type=product&#038;p=383"},"modified":"2026-01-23T07:51:24","modified_gmt":"2026-01-23T07:51:24","slug":"mydlo-bursztynowe","status":"publish","type":"product","link":"https:\/\/mydlamanufaktura.pl\/?product=mydlo-bursztynowe","title":{"rendered":"Myd\u0142o bursztynowe"},"content":{"rendered":"","protected":false},"excerpt":{"rendered":"<p><strong>W trosce o Twoj\u0105 sk\u00f3r\u0119!<\/strong><\/p>\n<blockquote><p>Bursztyn znany jest ze swoich nawil\u017caj\u0105cych i regeneruj\u0105cych w\u0142a\u015bciwo\u015bci, wykorzystywany w kosmetyce wykazuje w\u0142a\u015bciwo\u015bci \u00a0energetyzuj\u0105ce, bakteriob\u00f3jcze i antyoksydacyjne.<\/p><\/blockquote>\n<ul>\n<li>myd\u0142o glicerynowe z ekstraktem z bursztynu<\/li>\n<li>nawil\u017ca sk\u00f3r\u0119, nie pozostawia osadu i uczucia \u015bci\u0105gni\u0119cia<\/li>\n<li>g\u0142\u0119boko od\u017cywia<\/li>\n<li>perfumowany zapach<\/li>\n<\/ul>\n<p><strong>Waga<\/strong>: oko\u0142o 90 g.<\/p>\n<p><strong>Zapach<\/strong>: Amber<\/p>\n","protected":false},"featured_media":443,"comment_status":"open","ping_status":"closed","template":"","meta":{"_monsterinsights_skip_tracking":false,"_monsterinsights_sitenote_active":false,"_monsterinsights_sitenote_note":"","_monsterinsights_sitenote_category":0},"product_brand":[],"product_cat":[32],"product_tag":[],"class_list":{"0":"post-383","1":"product","2":"type-product","3":"status-publish","4":"has-post-thumbnail","6":"product_cat-mydla-specjalistyczne","8":"first","9":"instock","10":"shipping-taxable","11":"purchasable","12":"product-type-simple"},"aioseo_notices":[],"jetpack_sharing_enabled":true,"_links":{"self":[{"href":"https:\/\/mydlamanufaktura.pl\/index.php?rest_route=\/wp\/v2\/product\/383","targetHints":{"allow":["GET"]}}],"collection":[{"href":"https:\/\/mydlamanufaktura.pl\/index.php?rest_route=\/wp\/v2\/product"}],"about":[{"href":"https:\/\/mydlamanufaktura.pl\/index.php?rest_route=\/wp\/v2\/types\/product"}],"replies":[{"embeddable":true,"href":"https:\/\/mydlamanufaktura.pl\/index.php?rest_route=%2Fwp%2Fv2%2Fcomments&post=383"}],"wp:featuredmedia":[{"embeddable":true,"href":"https:\/\/mydlamanufaktura.pl\/index.php?rest_route=\/wp\/v2\/media\/443"}],"wp:attachment":[{"href":"https:\/\/mydlamanufaktura.pl\/index.php?rest_route=%2Fwp%2Fv2%2Fmedia&parent=383"}],"wp:term":[{"taxonomy":"product_brand","embeddable":true,"href":"https:\/\/mydlamanufaktura.pl\/index.php?rest_route=%2Fwp%2Fv2%2Fproduct_brand&post=383"},{"taxonomy":"product_cat","embeddable":true,"href":"https:\/\/mydlamanufaktura.pl\/index.php?rest_route=%2Fwp%2Fv2%2Fproduct_cat&post=383"},{"taxonomy":"product_tag","embeddable":true,"href":"https:\/\/mydlamanufaktura.pl\/index.php?rest_route=%2Fwp%2Fv2%2Fproduct_tag&post=383"}],"curies":[{"name":"wp","href":"https:\/\/api.w.org\/{rel}","templated":true}]}}