{"id":375,"date":"2024-06-26T05:33:14","date_gmt":"2024-06-26T05:33:14","guid":{"rendered":"https:\/\/mydlamanufaktura.pl\/?post_type=product&#038;p=375"},"modified":"2026-01-23T07:52:41","modified_gmt":"2026-01-23T07:52:41","slug":"natura","status":"publish","type":"product","link":"https:\/\/mydlamanufaktura.pl\/?product=natura","title":{"rendered":"Natura"},"content":{"rendered":"","protected":false},"excerpt":{"rendered":"<p><strong>Glicerynowe myd\u0142o naturalnie oczyszczaj\u0105co-piel\u0119gnuj\u0105ce<\/strong><\/p>\n<ul>\n<li>myd\u0142o glicerynowe 100%<\/li>\n<li>nawil\u017ca sk\u00f3r\u0119, pozostawia j\u0105 mi\u0119kk\u0105, bez osadu i uczucia \u015bci\u0105gni\u0119cia<\/li>\n<li>nietuzinkowa forma myd\u0142a<\/li>\n<li>wyj\u0105tkowy zapach, kt\u00f3ry otuli sk\u00f3r\u0119 i wype\u0142ni pomieszczenie<\/li>\n<\/ul>\n<p><strong>Waga<\/strong>: ok. 80 g.\/90 g.<\/p>\n<p><strong>Zapach<\/strong>: \u015awie\u017cy bambus<\/p>\n","protected":false},"featured_media":442,"comment_status":"open","ping_status":"closed","template":"","meta":{"_monsterinsights_skip_tracking":false,"_monsterinsights_sitenote_active":false,"_monsterinsights_sitenote_note":"","_monsterinsights_sitenote_category":0},"product_brand":[],"product_cat":[42],"product_tag":[],"class_list":{"0":"post-375","1":"product","2":"type-product","3":"status-publish","4":"has-post-thumbnail","6":"product_cat-mydla-z-formy","8":"first","9":"instock","10":"shipping-taxable","11":"purchasable","12":"product-type-variable"},"aioseo_notices":[],"jetpack_sharing_enabled":true,"_links":{"self":[{"href":"https:\/\/mydlamanufaktura.pl\/index.php?rest_route=\/wp\/v2\/product\/375","targetHints":{"allow":["GET"]}}],"collection":[{"href":"https:\/\/mydlamanufaktura.pl\/index.php?rest_route=\/wp\/v2\/product"}],"about":[{"href":"https:\/\/mydlamanufaktura.pl\/index.php?rest_route=\/wp\/v2\/types\/product"}],"replies":[{"embeddable":true,"href":"https:\/\/mydlamanufaktura.pl\/index.php?rest_route=%2Fwp%2Fv2%2Fcomments&post=375"}],"wp:featuredmedia":[{"embeddable":true,"href":"https:\/\/mydlamanufaktura.pl\/index.php?rest_route=\/wp\/v2\/media\/442"}],"wp:attachment":[{"href":"https:\/\/mydlamanufaktura.pl\/index.php?rest_route=%2Fwp%2Fv2%2Fmedia&parent=375"}],"wp:term":[{"taxonomy":"product_brand","embeddable":true,"href":"https:\/\/mydlamanufaktura.pl\/index.php?rest_route=%2Fwp%2Fv2%2Fproduct_brand&post=375"},{"taxonomy":"product_cat","embeddable":true,"href":"https:\/\/mydlamanufaktura.pl\/index.php?rest_route=%2Fwp%2Fv2%2Fproduct_cat&post=375"},{"taxonomy":"product_tag","embeddable":true,"href":"https:\/\/mydlamanufaktura.pl\/index.php?rest_route=%2Fwp%2Fv2%2Fproduct_tag&post=375"}],"curies":[{"name":"wp","href":"https:\/\/api.w.org\/{rel}","templated":true}]}}