{"id":370,"date":"2024-06-26T05:33:13","date_gmt":"2024-06-26T05:33:13","guid":{"rendered":"https:\/\/mydlamanufaktura.pl\/?post_type=product&#038;p=370"},"modified":"2026-01-23T08:31:30","modified_gmt":"2026-01-23T08:31:30","slug":"zestaw-slubny-pasja","status":"publish","type":"product","link":"https:\/\/mydlamanufaktura.pl\/?product=zestaw-slubny-pasja","title":{"rendered":"Zestaw \u015blubny Pasja"},"content":{"rendered":"","protected":false},"excerpt":{"rendered":"<p><strong>Wyj\u0105tkowy prezent dla Twoich go\u015bci weselnych lub pary weselnej<\/strong><\/p>\n<ul>\n<li>zestaw w kartoniku wype\u0142nionym ozdobnym siankiem i suszonymi kwiatami<\/li>\n<li>kartonik pakujemy w celofan i przewi\u0105zujemy sznurkiem jutowym<\/li>\n<li>karnet z gotowymi \u017cyczeniami dla pary m\u0142odej lub \u017cyczeniami dla go\u015bci \u2013 po z\u0142o\u017ceniu zam\u00f3wienia kontaktujemy si\u0119 w celu uzgodnienia projektu karnetu\u00a0<img decoding=\"async\" class=\"emoji\" role=\"img\" draggable=\"false\" src=\"https:\/\/s.w.org\/images\/core\/emoji\/13.0.1\/svg\/1f642.svg\" alt=\"?\" \/><\/li>\n<\/ul>\n<p><strong>Zawarto\u015b\u0107<\/strong>: \u015bwieca sojowa Pasja, 2 myde\u0142ka \u015blubne<\/p>\n","protected":false},"featured_media":427,"comment_status":"open","ping_status":"closed","template":"","meta":{"_monsterinsights_skip_tracking":false,"_monsterinsights_sitenote_active":false,"_monsterinsights_sitenote_note":"","_monsterinsights_sitenote_category":0},"product_brand":[],"product_cat":[80],"product_tag":[],"class_list":{"0":"post-370","1":"product","2":"type-product","3":"status-publish","4":"has-post-thumbnail","6":"product_cat-slub","8":"first","9":"instock","10":"shipping-taxable","11":"purchasable","12":"product-type-simple"},"aioseo_notices":[],"jetpack_sharing_enabled":true,"_links":{"self":[{"href":"https:\/\/mydlamanufaktura.pl\/index.php?rest_route=\/wp\/v2\/product\/370","targetHints":{"allow":["GET"]}}],"collection":[{"href":"https:\/\/mydlamanufaktura.pl\/index.php?rest_route=\/wp\/v2\/product"}],"about":[{"href":"https:\/\/mydlamanufaktura.pl\/index.php?rest_route=\/wp\/v2\/types\/product"}],"replies":[{"embeddable":true,"href":"https:\/\/mydlamanufaktura.pl\/index.php?rest_route=%2Fwp%2Fv2%2Fcomments&post=370"}],"wp:featuredmedia":[{"embeddable":true,"href":"https:\/\/mydlamanufaktura.pl\/index.php?rest_route=\/wp\/v2\/media\/427"}],"wp:attachment":[{"href":"https:\/\/mydlamanufaktura.pl\/index.php?rest_route=%2Fwp%2Fv2%2Fmedia&parent=370"}],"wp:term":[{"taxonomy":"product_brand","embeddable":true,"href":"https:\/\/mydlamanufaktura.pl\/index.php?rest_route=%2Fwp%2Fv2%2Fproduct_brand&post=370"},{"taxonomy":"product_cat","embeddable":true,"href":"https:\/\/mydlamanufaktura.pl\/index.php?rest_route=%2Fwp%2Fv2%2Fproduct_cat&post=370"},{"taxonomy":"product_tag","embeddable":true,"href":"https:\/\/mydlamanufaktura.pl\/index.php?rest_route=%2Fwp%2Fv2%2Fproduct_tag&post=370"}],"curies":[{"name":"wp","href":"https:\/\/api.w.org\/{rel}","templated":true}]}}