{"id":361,"date":"2024-06-26T05:32:42","date_gmt":"2024-06-26T05:32:42","guid":{"rendered":"https:\/\/mydlamanufaktura.pl\/?post_type=product&#038;p=361"},"modified":"2026-01-23T08:26:28","modified_gmt":"2026-01-23T08:26:28","slug":"mydelko-slubne-on","status":"publish","type":"product","link":"https:\/\/mydlamanufaktura.pl\/?product=mydelko-slubne-on","title":{"rendered":"Myde\u0142ko \u015blubne ON"},"content":{"rendered":"","protected":false},"excerpt":{"rendered":"<p><strong>Wyj\u0105tkowy prezent dla Twoich go\u015bci weselnych<\/strong><\/p>\n<ul>\n<li>myd\u0142o glicerynowe 100%<\/li>\n<li>nawil\u017ca sk\u00f3r\u0119, pozostawia j\u0105 mi\u0119kk\u0105, bez osadu i uczucia \u015bci\u0105gni\u0119cia<\/li>\n<li>wyj\u0105tkowy, intensywny zapach<\/li>\n<\/ul>\n<p>Po z\u0142o\u017ceniu zam\u00f3wienia kontaktujemy si\u0119 w celu uzgodnienia projektu karnetu\u00a0<img decoding=\"async\" class=\"emoji\" role=\"img\" draggable=\"false\" src=\"https:\/\/s.w.org\/images\/core\/emoji\/13.0.1\/svg\/1f642.svg\" alt=\"?\" \/><\/p>\n<p><strong>Waga<\/strong>: 80 g.<\/p>\n<p><strong>Kolor\/zapach<\/strong>: Czarne\/Inspirowany Men Boss<\/p>\n","protected":false},"featured_media":418,"comment_status":"open","ping_status":"closed","template":"","meta":{"_monsterinsights_skip_tracking":false,"_monsterinsights_sitenote_active":false,"_monsterinsights_sitenote_note":"","_monsterinsights_sitenote_category":0},"product_brand":[],"product_cat":[80],"product_tag":[],"class_list":{"0":"post-361","1":"product","2":"type-product","3":"status-publish","4":"has-post-thumbnail","6":"product_cat-slub","8":"first","9":"instock","10":"shipping-taxable","11":"purchasable","12":"product-type-simple"},"aioseo_notices":[],"jetpack_sharing_enabled":true,"_links":{"self":[{"href":"https:\/\/mydlamanufaktura.pl\/index.php?rest_route=\/wp\/v2\/product\/361","targetHints":{"allow":["GET"]}}],"collection":[{"href":"https:\/\/mydlamanufaktura.pl\/index.php?rest_route=\/wp\/v2\/product"}],"about":[{"href":"https:\/\/mydlamanufaktura.pl\/index.php?rest_route=\/wp\/v2\/types\/product"}],"replies":[{"embeddable":true,"href":"https:\/\/mydlamanufaktura.pl\/index.php?rest_route=%2Fwp%2Fv2%2Fcomments&post=361"}],"wp:featuredmedia":[{"embeddable":true,"href":"https:\/\/mydlamanufaktura.pl\/index.php?rest_route=\/wp\/v2\/media\/418"}],"wp:attachment":[{"href":"https:\/\/mydlamanufaktura.pl\/index.php?rest_route=%2Fwp%2Fv2%2Fmedia&parent=361"}],"wp:term":[{"taxonomy":"product_brand","embeddable":true,"href":"https:\/\/mydlamanufaktura.pl\/index.php?rest_route=%2Fwp%2Fv2%2Fproduct_brand&post=361"},{"taxonomy":"product_cat","embeddable":true,"href":"https:\/\/mydlamanufaktura.pl\/index.php?rest_route=%2Fwp%2Fv2%2Fproduct_cat&post=361"},{"taxonomy":"product_tag","embeddable":true,"href":"https:\/\/mydlamanufaktura.pl\/index.php?rest_route=%2Fwp%2Fv2%2Fproduct_tag&post=361"}],"curies":[{"name":"wp","href":"https:\/\/api.w.org\/{rel}","templated":true}]}}