{"id":35,"date":"2024-06-26T05:18:57","date_gmt":"2024-06-26T05:18:57","guid":{"rendered":"https:\/\/mydlamanufaktura.pl\/?post_type=product&#038;p=35"},"modified":"2026-01-23T08:49:55","modified_gmt":"2026-01-23T08:49:55","slug":"naturalne-maslo-shea","status":"publish","type":"product","link":"https:\/\/mydlamanufaktura.pl\/?product=naturalne-maslo-shea","title":{"rendered":"Naturalne mas\u0142o shea"},"content":{"rendered":"","protected":false},"excerpt":{"rendered":"<p><strong>Jeden produkt &#8211; wiele zastosowa\u0144<\/strong><\/p>\n<p>Czyste, organiczne, nie zawiera konserwant\u00f3w, barwnik\u00f3w, perfum. Op\u00f3\u017ania starzenie si\u0119 sk\u00f3ry, chroni j\u0105 przed niekorzystnym dzia\u0142aniem warunk\u00f3w atmosferycznych, przywraca j\u0119drno\u015b\u0107 i elastyczno\u015b\u0107. Stymuluje kom\u00f3rki sk\u00f3ry do regeneracji, zwi\u0119ksza ukrwienie. Od\u017cywia i nawil\u017ca sk\u00f3r\u0119. Zaopatrzone jest w wysok\u0105 zawarto\u015b\u0107 witamin A, E, F. Zapobiega takim dolegliwo\u015bciom jak: przesuszona cera, spierzchni\u0119te usta, rozst\u0119py, zmarszczki, przebarwienia. \u0141agodzi egzemy, \u0142uszczyc\u0119, zmniejsza blizny. Mas\u0142o jest naturaln\u0105 od\u017cywk\u0105 do w\u0142os\u00f3w suchych, jak r\u00f3wnie\u017c naturalnym filtrem s\u0142onecznym.<\/p>\n","protected":false},"featured_media":86,"comment_status":"open","ping_status":"closed","template":"","meta":{"_monsterinsights_skip_tracking":false,"_monsterinsights_sitenote_active":false,"_monsterinsights_sitenote_note":"","_monsterinsights_sitenote_category":0},"product_brand":[],"product_cat":[17,19],"product_tag":[],"class_list":{"0":"post-35","1":"product","2":"type-product","3":"status-publish","4":"has-post-thumbnail","6":"product_cat-pielegnacja","7":"product_cat-pozostale-wyroby","9":"first","10":"instock","11":"shipping-taxable","12":"purchasable","13":"product-type-variable"},"aioseo_notices":[],"jetpack_sharing_enabled":true,"_links":{"self":[{"href":"https:\/\/mydlamanufaktura.pl\/index.php?rest_route=\/wp\/v2\/product\/35","targetHints":{"allow":["GET"]}}],"collection":[{"href":"https:\/\/mydlamanufaktura.pl\/index.php?rest_route=\/wp\/v2\/product"}],"about":[{"href":"https:\/\/mydlamanufaktura.pl\/index.php?rest_route=\/wp\/v2\/types\/product"}],"replies":[{"embeddable":true,"href":"https:\/\/mydlamanufaktura.pl\/index.php?rest_route=%2Fwp%2Fv2%2Fcomments&post=35"}],"wp:featuredmedia":[{"embeddable":true,"href":"https:\/\/mydlamanufaktura.pl\/index.php?rest_route=\/wp\/v2\/media\/86"}],"wp:attachment":[{"href":"https:\/\/mydlamanufaktura.pl\/index.php?rest_route=%2Fwp%2Fv2%2Fmedia&parent=35"}],"wp:term":[{"taxonomy":"product_brand","embeddable":true,"href":"https:\/\/mydlamanufaktura.pl\/index.php?rest_route=%2Fwp%2Fv2%2Fproduct_brand&post=35"},{"taxonomy":"product_cat","embeddable":true,"href":"https:\/\/mydlamanufaktura.pl\/index.php?rest_route=%2Fwp%2Fv2%2Fproduct_cat&post=35"},{"taxonomy":"product_tag","embeddable":true,"href":"https:\/\/mydlamanufaktura.pl\/index.php?rest_route=%2Fwp%2Fv2%2Fproduct_tag&post=35"}],"curies":[{"name":"wp","href":"https:\/\/api.w.org\/{rel}","templated":true}]}}