{"id":337,"date":"2024-06-26T05:31:26","date_gmt":"2024-06-26T05:31:26","guid":{"rendered":"https:\/\/mydlamanufaktura.pl\/?post_type=product&#038;p=337"},"modified":"2026-01-23T08:07:34","modified_gmt":"2026-01-23T08:07:34","slug":"mydlo-brylka-z-dodatkiem-soli-logo","status":"publish","type":"product","link":"https:\/\/mydlamanufaktura.pl\/?product=mydlo-brylka-z-dodatkiem-soli-logo","title":{"rendered":"Myd\u0142o bry\u0142ka z dodatkiem soli &#8211; logo"},"content":{"rendered":"<p>Ingredients: Aqua, Glycerin, Sodium Stearate, Propylene Glycol, Sorbitol, Sodium Laurate, Sodium Laureth Sulfate, Sodium Lauryl Sulfate, Sodium Chloride, Stearic Acid, Lauric Acid, Pentasodium Pentetate, Tetrasodium Etidronate, CI 77891, Parfum, Limonene, Citral, Citronellol<\/p>\n","protected":false},"excerpt":{"rendered":"<p><strong>Myd\u0142o bry\u0142ka z sol\u0105 z logo Twojej firmy w formie karnetu<\/strong><\/p>\n<ul>\n<li>myd\u0142o z zawarto\u015bci\u0105 soli stymuluje kr\u0105\u017cenie, uj\u0119drnia sk\u00f3r\u0119, usuwa martwy nask\u00f3rek<\/li>\n<li>posiada w\u0142a\u015bciwo\u015bci odka\u017caj\u0105ce<\/li>\n<li>nawil\u017ca, pozostawia sk\u00f3r\u0119 mi\u0119kk\u0105, bez osadu i uczucia \u015bci\u0105gni\u0119cia<\/li>\n<li>wyj\u0105tkowy zapach<\/li>\n<li>kszta\u0142t bry\u0142ki soli<\/li>\n<\/ul>\n<p><strong>Waga<\/strong>: oko\u0142o 100 g.<\/p>\n<p><strong>Zapach<\/strong>: \u015awie\u017cy bambus<\/p>\n<p>____________<\/p>\n<p>Po z\u0142o\u017ceniu zam\u00f3wienia prosimy o przes\u0142anie logo na adres mailowy <strong>sklep@mydlamanufaktura.pl\u00a0<\/strong><\/p>\n<p>Produkty z logo realizowane s\u0105 przy zam\u00f3wieniu<strong> min. 30 sztuk\/produkt<\/strong><\/p>\n","protected":false},"featured_media":405,"comment_status":"open","ping_status":"closed","template":"","meta":{"_monsterinsights_skip_tracking":false,"_monsterinsights_sitenote_active":false,"_monsterinsights_sitenote_note":"","_monsterinsights_sitenote_category":0},"product_brand":[],"product_cat":[57],"product_tag":[],"class_list":{"0":"post-337","1":"product","2":"type-product","3":"status-publish","4":"has-post-thumbnail","6":"product_cat-mydla-i-produkty-z-logo","8":"first","9":"instock","10":"shipping-taxable","11":"purchasable","12":"product-type-simple"},"aioseo_notices":[],"jetpack_sharing_enabled":true,"_links":{"self":[{"href":"https:\/\/mydlamanufaktura.pl\/index.php?rest_route=\/wp\/v2\/product\/337","targetHints":{"allow":["GET"]}}],"collection":[{"href":"https:\/\/mydlamanufaktura.pl\/index.php?rest_route=\/wp\/v2\/product"}],"about":[{"href":"https:\/\/mydlamanufaktura.pl\/index.php?rest_route=\/wp\/v2\/types\/product"}],"replies":[{"embeddable":true,"href":"https:\/\/mydlamanufaktura.pl\/index.php?rest_route=%2Fwp%2Fv2%2Fcomments&post=337"}],"wp:featuredmedia":[{"embeddable":true,"href":"https:\/\/mydlamanufaktura.pl\/index.php?rest_route=\/wp\/v2\/media\/405"}],"wp:attachment":[{"href":"https:\/\/mydlamanufaktura.pl\/index.php?rest_route=%2Fwp%2Fv2%2Fmedia&parent=337"}],"wp:term":[{"taxonomy":"product_brand","embeddable":true,"href":"https:\/\/mydlamanufaktura.pl\/index.php?rest_route=%2Fwp%2Fv2%2Fproduct_brand&post=337"},{"taxonomy":"product_cat","embeddable":true,"href":"https:\/\/mydlamanufaktura.pl\/index.php?rest_route=%2Fwp%2Fv2%2Fproduct_cat&post=337"},{"taxonomy":"product_tag","embeddable":true,"href":"https:\/\/mydlamanufaktura.pl\/index.php?rest_route=%2Fwp%2Fv2%2Fproduct_tag&post=337"}],"curies":[{"name":"wp","href":"https:\/\/api.w.org\/{rel}","templated":true}]}}