{"id":336,"date":"2024-06-26T05:31:25","date_gmt":"2024-06-26T05:31:25","guid":{"rendered":"https:\/\/mydlamanufaktura.pl\/?post_type=product&#038;p=336"},"modified":"2026-01-23T08:07:48","modified_gmt":"2026-01-23T08:07:48","slug":"mydlo-brylka-z-aktywnym-weglem-kopia","status":"publish","type":"product","link":"https:\/\/mydlamanufaktura.pl\/?product=mydlo-brylka-z-aktywnym-weglem-kopia","title":{"rendered":"Myd\u0142o bry\u0142ka z aktywnym w\u0119glem &#8211; kopia"},"content":{"rendered":"<p>Ingredients: Aqua, Glycerin, Sodium Stearate, Propylone Glycol, Sorbitol, Sodium Laurate, Sodium Laureth Sulfate, Sodium Lauryl Sulfate, Sodium Chloride, Stearic Acid, Lauric Acid, Pentasodium Pentetate, Tetrasodium Etidronate, CI 77891, Active Carbon, Partum, Limonen, Citral, Citronellol<\/p>\n","protected":false},"excerpt":{"rendered":"<p><strong>Myd\u0142o bry\u0142ka z w\u0119glem z logo Twojej firmy<\/strong><\/p>\n<ul>\n<li>aktywny w\u0119giel g\u0142\u0119boko oczyszcza sk\u00f3r\u0119, idealnie sprawdzi si\u0119 w przypadku sk\u00f3ry t\u0142ustej, mieszanej i tr\u0105dzikowej<\/li>\n<li>myd\u0142o glicerynowe doskonale nawil\u017ca sk\u00f3r\u0119<\/li>\n<li>pozostawia sk\u00f3r\u0119 mi\u0119kk\u0105, bez osadu i uczucia \u015bci\u0105gni\u0119cia<\/li>\n<li>perfumowany zapach<\/li>\n<li>kszta\u0142t bry\u0142ki w\u0119gla<\/li>\n<\/ul>\n<p><strong>Waga<\/strong>: oko\u0142o 100 g.<\/p>\n<p><strong>Zapach<\/strong>: Inspirowany Alien<\/p>\n<p>____________<\/p>\n<p>Po z\u0142o\u017ceniu zam\u00f3wienia prosimy o przes\u0142anie logo na adres mailowy <strong>sklep@mydlamanufaktura.pl\u00a0<\/strong><\/p>\n<p>Produkty z logo realizowane s\u0105 przy zam\u00f3wieniu<strong> min. 30 sztuk\/produkt<\/strong><\/p>\n","protected":false},"featured_media":404,"comment_status":"open","ping_status":"closed","template":"","meta":{"_monsterinsights_skip_tracking":false,"_monsterinsights_sitenote_active":false,"_monsterinsights_sitenote_note":"","_monsterinsights_sitenote_category":0},"product_brand":[],"product_cat":[57],"product_tag":[],"class_list":{"0":"post-336","1":"product","2":"type-product","3":"status-publish","4":"has-post-thumbnail","6":"product_cat-mydla-i-produkty-z-logo","8":"first","9":"instock","10":"shipping-taxable","11":"purchasable","12":"product-type-simple"},"aioseo_notices":[],"jetpack_sharing_enabled":true,"_links":{"self":[{"href":"https:\/\/mydlamanufaktura.pl\/index.php?rest_route=\/wp\/v2\/product\/336","targetHints":{"allow":["GET"]}}],"collection":[{"href":"https:\/\/mydlamanufaktura.pl\/index.php?rest_route=\/wp\/v2\/product"}],"about":[{"href":"https:\/\/mydlamanufaktura.pl\/index.php?rest_route=\/wp\/v2\/types\/product"}],"replies":[{"embeddable":true,"href":"https:\/\/mydlamanufaktura.pl\/index.php?rest_route=%2Fwp%2Fv2%2Fcomments&post=336"}],"wp:featuredmedia":[{"embeddable":true,"href":"https:\/\/mydlamanufaktura.pl\/index.php?rest_route=\/wp\/v2\/media\/404"}],"wp:attachment":[{"href":"https:\/\/mydlamanufaktura.pl\/index.php?rest_route=%2Fwp%2Fv2%2Fmedia&parent=336"}],"wp:term":[{"taxonomy":"product_brand","embeddable":true,"href":"https:\/\/mydlamanufaktura.pl\/index.php?rest_route=%2Fwp%2Fv2%2Fproduct_brand&post=336"},{"taxonomy":"product_cat","embeddable":true,"href":"https:\/\/mydlamanufaktura.pl\/index.php?rest_route=%2Fwp%2Fv2%2Fproduct_cat&post=336"},{"taxonomy":"product_tag","embeddable":true,"href":"https:\/\/mydlamanufaktura.pl\/index.php?rest_route=%2Fwp%2Fv2%2Fproduct_tag&post=336"}],"curies":[{"name":"wp","href":"https:\/\/api.w.org\/{rel}","templated":true}]}}