{"id":223,"date":"2024-06-26T05:26:50","date_gmt":"2024-06-26T05:26:50","guid":{"rendered":"https:\/\/mydlamanufaktura.pl\/?post_type=product&#038;p=223"},"modified":"2026-01-23T07:56:34","modified_gmt":"2026-01-23T07:56:34","slug":"mydlo-konopne","status":"publish","type":"product","link":"https:\/\/mydlamanufaktura.pl\/?product=mydlo-konopne","title":{"rendered":"Myd\u0142o konopne"},"content":{"rendered":"","protected":false},"excerpt":{"rendered":"<p><strong>Naturalne, wega\u0144skie myd\u0142o z olejem z konopi<\/strong><\/p>\n<ul>\n<li>przeznaczone jest do mycia i piel\u0119gnacji ca\u0142ego cia\u0142a<\/li>\n<li>stworzone z my\u015bl\u0105 o ka\u017cdym rodzaju sk\u00f3ry<\/li>\n<li>myd\u0142o o \u015bwie\u017cym zapachu ze s\u0142odk\u0105, wodn\u0105 nut\u0105<\/li>\n<li>olej konopny \u0142agodzi podra\u017cnienia, sprzyja szybszej regeneracji i optymalnie nawil\u017ca sk\u00f3r\u0119<\/li>\n<\/ul>\n<p><strong>Waga<\/strong>: 90 g.<\/p>\n<p><strong>Zapach<\/strong>: \u015awie\u017cy bambus<\/p>\n","protected":false},"featured_media":273,"comment_status":"open","ping_status":"closed","template":"","meta":{"_monsterinsights_skip_tracking":false,"_monsterinsights_sitenote_active":false,"_monsterinsights_sitenote_note":"","_monsterinsights_sitenote_category":0},"product_brand":[],"product_cat":[32],"product_tag":[],"class_list":{"0":"post-223","1":"product","2":"type-product","3":"status-publish","4":"has-post-thumbnail","6":"product_cat-mydla-specjalistyczne","8":"first","9":"instock","10":"shipping-taxable","11":"purchasable","12":"product-type-simple"},"aioseo_notices":[],"jetpack_sharing_enabled":true,"_links":{"self":[{"href":"https:\/\/mydlamanufaktura.pl\/index.php?rest_route=\/wp\/v2\/product\/223","targetHints":{"allow":["GET"]}}],"collection":[{"href":"https:\/\/mydlamanufaktura.pl\/index.php?rest_route=\/wp\/v2\/product"}],"about":[{"href":"https:\/\/mydlamanufaktura.pl\/index.php?rest_route=\/wp\/v2\/types\/product"}],"replies":[{"embeddable":true,"href":"https:\/\/mydlamanufaktura.pl\/index.php?rest_route=%2Fwp%2Fv2%2Fcomments&post=223"}],"wp:featuredmedia":[{"embeddable":true,"href":"https:\/\/mydlamanufaktura.pl\/index.php?rest_route=\/wp\/v2\/media\/273"}],"wp:attachment":[{"href":"https:\/\/mydlamanufaktura.pl\/index.php?rest_route=%2Fwp%2Fv2%2Fmedia&parent=223"}],"wp:term":[{"taxonomy":"product_brand","embeddable":true,"href":"https:\/\/mydlamanufaktura.pl\/index.php?rest_route=%2Fwp%2Fv2%2Fproduct_brand&post=223"},{"taxonomy":"product_cat","embeddable":true,"href":"https:\/\/mydlamanufaktura.pl\/index.php?rest_route=%2Fwp%2Fv2%2Fproduct_cat&post=223"},{"taxonomy":"product_tag","embeddable":true,"href":"https:\/\/mydlamanufaktura.pl\/index.php?rest_route=%2Fwp%2Fv2%2Fproduct_tag&post=223"}],"curies":[{"name":"wp","href":"https:\/\/api.w.org\/{rel}","templated":true}]}}