{"id":22,"date":"2024-06-26T05:18:56","date_gmt":"2024-06-26T05:18:56","guid":{"rendered":"https:\/\/mydlamanufaktura.pl\/?post_type=product&#038;p=22"},"modified":"2026-01-23T08:11:12","modified_gmt":"2026-01-23T08:11:12","slug":"aromatyzowana-sol-do-kapieli-z-platkami-pomaranczy-rozy-lawendy","status":"publish","type":"product","link":"https:\/\/mydlamanufaktura.pl\/?product=aromatyzowana-sol-do-kapieli-z-platkami-pomaranczy-rozy-lawendy","title":{"rendered":"Aromatyzowana s\u00f3l do k\u0105pieli z p\u0142atkami pomara\u0144czy\/r\u00f3\u017cy\/lawendy"},"content":{"rendered":"","protected":false},"excerpt":{"rendered":"<p><strong>S\u00f3l k\u0105pielowa z naturalnymi dodatkami<\/strong> &#8211; wyj\u0105tkowa k\u0105piel z przepisem na pi\u0119kno:<\/p>\n<ul>\n<li>do codziennej k\u0105pieli dodaj naszej aromatycznej soli<\/li>\n<li>pobud\u017a zmys\u0142y i odpr\u0119\u017c cia\u0142o<\/li>\n<li>pozw\u00f3l soli na regeneracj\u0119 i zmi\u0119kczenie<\/li>\n<\/ul>\n<p><strong>Ciesz si\u0119 pi\u0119kn\u0105 sk\u00f3r\u0105!\u00a0<\/strong>Wybierz spo\u015br\u00f3d trzech wyj\u0105tkowych soli:<\/p>\n<p><strong>S\u00f3l lawendowa<\/strong> z naturaln\u0105 lawend\u0105 zmniejsza bezsenno\u015b\u0107, przyspiesza metabolizm i pobudza kr\u0105\u017cenie krwi. Wskazana przy leczeniu chor\u00f3b sk\u00f3ry jak egzema, czy \u0142uszczyca. \u0141agodzi stany zapalne sk\u00f3ry.<\/p>\n<p><strong>S\u00f3l r\u00f3\u017cana<\/strong> z zawarto\u015bci\u0105 naturalnych p\u0142atk\u00f3w wspaniale wyg\u0142adza sk\u00f3r\u0119. Posiada silne w\u0142asciwo\u015bci antyoksydacyjne, antyseptyczne, dezynfekuj\u0105ce i przeciwzapalne. Wzmacnia naczynia krwiono\u015bne sk\u00f3ry. Doskonale j\u0105 nawil\u017ca i op\u00f3\u017ania procesy starzenia.<\/p>\n<p><strong>S\u00f3l pomara\u0144czowa<\/strong> z plastrami pomara\u0144czy bogata jest w mikroelementy. Oczyszcza organizm z toksyn, poprawia kr\u0105\u017cenie, uj\u0119drnia, wyg\u0142adza sk\u00f3r\u0119, a tak\u017ce wspomaga walk\u0119 z cellulitem. Zawarta w niej naturalna pomara\u0144cza poprawia nastr\u00f3j.<\/p>\n<p><strong>Pojemno\u015b\u0107:<\/strong> 450g.<\/p>\n<p><strong>Spos\u00f3b u\u017cycia:<\/strong> Wsypa\u0107 \u0142y\u017ck\u0119 sto\u0142ow\u0105 soli do wanny z wod\u0105.<\/p>\n","protected":false},"featured_media":55,"comment_status":"open","ping_status":"closed","template":"","meta":{"_monsterinsights_skip_tracking":false,"_monsterinsights_sitenote_active":false,"_monsterinsights_sitenote_note":"","_monsterinsights_sitenote_category":0},"product_brand":[],"product_cat":[16],"product_tag":[],"class_list":{"0":"post-22","1":"product","2":"type-product","3":"status-publish","4":"has-post-thumbnail","6":"product_cat-sole-kapielowe","8":"first","9":"instock","10":"shipping-taxable","11":"purchasable","12":"product-type-variable"},"aioseo_notices":[],"jetpack_sharing_enabled":true,"_links":{"self":[{"href":"https:\/\/mydlamanufaktura.pl\/index.php?rest_route=\/wp\/v2\/product\/22","targetHints":{"allow":["GET"]}}],"collection":[{"href":"https:\/\/mydlamanufaktura.pl\/index.php?rest_route=\/wp\/v2\/product"}],"about":[{"href":"https:\/\/mydlamanufaktura.pl\/index.php?rest_route=\/wp\/v2\/types\/product"}],"replies":[{"embeddable":true,"href":"https:\/\/mydlamanufaktura.pl\/index.php?rest_route=%2Fwp%2Fv2%2Fcomments&post=22"}],"wp:featuredmedia":[{"embeddable":true,"href":"https:\/\/mydlamanufaktura.pl\/index.php?rest_route=\/wp\/v2\/media\/55"}],"wp:attachment":[{"href":"https:\/\/mydlamanufaktura.pl\/index.php?rest_route=%2Fwp%2Fv2%2Fmedia&parent=22"}],"wp:term":[{"taxonomy":"product_brand","embeddable":true,"href":"https:\/\/mydlamanufaktura.pl\/index.php?rest_route=%2Fwp%2Fv2%2Fproduct_brand&post=22"},{"taxonomy":"product_cat","embeddable":true,"href":"https:\/\/mydlamanufaktura.pl\/index.php?rest_route=%2Fwp%2Fv2%2Fproduct_cat&post=22"},{"taxonomy":"product_tag","embeddable":true,"href":"https:\/\/mydlamanufaktura.pl\/index.php?rest_route=%2Fwp%2Fv2%2Fproduct_tag&post=22"}],"curies":[{"name":"wp","href":"https:\/\/api.w.org\/{rel}","templated":true}]}}