{"id":215,"date":"2024-06-26T05:26:29","date_gmt":"2024-06-26T05:26:29","guid":{"rendered":"https:\/\/mydlamanufaktura.pl\/?post_type=product&#038;p=215"},"modified":"2026-01-23T08:28:32","modified_gmt":"2026-01-23T08:28:32","slug":"sol-do-kapieli-w-beczce-pomarancza-z-cynamonem","status":"publish","type":"product","link":"https:\/\/mydlamanufaktura.pl\/?product=sol-do-kapieli-w-beczce-pomarancza-z-cynamonem","title":{"rendered":"S\u00f3l do k\u0105pieli w beczce pomara\u0144cza z cynamonem WESO\u0141YCH \u015aWI\u0104T"},"content":{"rendered":"","protected":false},"excerpt":{"rendered":"<div><strong>\u015awi\u0105teczny upominek pe\u0142en naturalno\u015bci <img loading=\"lazy\" decoding=\"async\" class=\"alignnone wp-image-1015\" src=\"https:\/\/mydlamanufaktura.pl\/wp-content\/uploads\/2024\/07\/off1.png\" alt=\"\" width=\"49\" height=\"49\" srcset=\"https:\/\/mydlamanufaktura.pl\/wp-content\/uploads\/2024\/07\/off1.png 127w, https:\/\/mydlamanufaktura.pl\/wp-content\/uploads\/2024\/07\/off1-100x100.png 100w\" sizes=\"auto, (max-width: 49px) 100vw, 49px\" \/><\/strong><\/div>\n<p>S\u00f3l k\u0105pielowa skryta <strong>w zamykanej, drewnianej beczce z \u0142opatk\u0105 w \u015bwi\u0105tecznym wydaniu<\/strong><\/p>\n<ul>\n<li>po\u0142\u0105czenie soli uzdrowiskowych<\/li>\n<li>wyj\u0105tkowy aromat<\/li>\n<li>etykieta w \u015bwi\u0105tecznym wydaniu<\/li>\n<li>beczka zapakowana w celofan ozdobiony naturalnymi plastrami pomara\u0144czy, cynamonem i any\u017cem<\/li>\n<\/ul>\n<p><strong>Aromatyczna k\u0105piel z przepisem na pi\u0119kno:<\/strong><\/p>\n<ul>\n<li>do codziennej k\u0105pieli dodaj naszej soli<\/li>\n<li>pobud\u017a zmys\u0142y i odpr\u0119\u017c cia\u0142o<\/li>\n<li>pozw\u00f3l soli na regeneracj\u0119 i od\u017cywienie<\/li>\n<\/ul>\n<p><strong>Beczka zawiera<\/strong>\u00a0600 g soli k\u0105pielowej.<\/p>\n<p><strong>Zapach<\/strong>: Pomara\u0144cza z cynamonem<\/p>\n","protected":false},"featured_media":263,"comment_status":"open","ping_status":"closed","template":"","meta":{"_monsterinsights_skip_tracking":false,"_monsterinsights_sitenote_active":false,"_monsterinsights_sitenote_note":"","_monsterinsights_sitenote_category":0},"product_brand":[],"product_cat":[59,107],"product_tag":[],"class_list":{"0":"post-215","1":"product","2":"type-product","3":"status-publish","4":"has-post-thumbnail","6":"product_cat-boze-narodzenie","7":"product_cat-sole-do-kapieli","9":"first","10":"outofstock","11":"shipping-taxable","12":"purchasable","13":"product-type-simple"},"aioseo_notices":[],"jetpack_sharing_enabled":true,"_links":{"self":[{"href":"https:\/\/mydlamanufaktura.pl\/index.php?rest_route=\/wp\/v2\/product\/215","targetHints":{"allow":["GET"]}}],"collection":[{"href":"https:\/\/mydlamanufaktura.pl\/index.php?rest_route=\/wp\/v2\/product"}],"about":[{"href":"https:\/\/mydlamanufaktura.pl\/index.php?rest_route=\/wp\/v2\/types\/product"}],"replies":[{"embeddable":true,"href":"https:\/\/mydlamanufaktura.pl\/index.php?rest_route=%2Fwp%2Fv2%2Fcomments&post=215"}],"wp:featuredmedia":[{"embeddable":true,"href":"https:\/\/mydlamanufaktura.pl\/index.php?rest_route=\/wp\/v2\/media\/263"}],"wp:attachment":[{"href":"https:\/\/mydlamanufaktura.pl\/index.php?rest_route=%2Fwp%2Fv2%2Fmedia&parent=215"}],"wp:term":[{"taxonomy":"product_brand","embeddable":true,"href":"https:\/\/mydlamanufaktura.pl\/index.php?rest_route=%2Fwp%2Fv2%2Fproduct_brand&post=215"},{"taxonomy":"product_cat","embeddable":true,"href":"https:\/\/mydlamanufaktura.pl\/index.php?rest_route=%2Fwp%2Fv2%2Fproduct_cat&post=215"},{"taxonomy":"product_tag","embeddable":true,"href":"https:\/\/mydlamanufaktura.pl\/index.php?rest_route=%2Fwp%2Fv2%2Fproduct_tag&post=215"}],"curies":[{"name":"wp","href":"https:\/\/api.w.org\/{rel}","templated":true}]}}