{"id":214,"date":"2024-06-26T05:26:29","date_gmt":"2024-06-26T05:26:29","guid":{"rendered":"https:\/\/mydlamanufaktura.pl\/?post_type=product&#038;p=214"},"modified":"2026-01-23T08:28:25","modified_gmt":"2026-01-23T08:28:25","slug":"sol-do-kapieli-drzewko-swiateczne","status":"publish","type":"product","link":"https:\/\/mydlamanufaktura.pl\/?product=sol-do-kapieli-drzewko-swiateczne","title":{"rendered":"S\u00f3l do k\u0105pieli drzewko \u015bwi\u0105teczne WESO\u0141YCH \u015aWI\u0104T"},"content":{"rendered":"","protected":false},"excerpt":{"rendered":"<div><strong>\u015awi\u0105teczny upominek pe\u0142en naturalno\u015bci <img loading=\"lazy\" decoding=\"async\" class=\"alignnone wp-image-1015\" src=\"https:\/\/mydlamanufaktura.pl\/wp-content\/uploads\/2024\/07\/off1.png\" alt=\"\" width=\"49\" height=\"49\" srcset=\"https:\/\/mydlamanufaktura.pl\/wp-content\/uploads\/2024\/07\/off1.png 127w, https:\/\/mydlamanufaktura.pl\/wp-content\/uploads\/2024\/07\/off1-100x100.png 100w\" sizes=\"auto, (max-width: 49px) 100vw, 49px\" \/><\/strong><\/div>\n<p>Aromatyczna s\u00f3l do k\u0105pieli w \u015bwi\u0105tecznym wydaniu!<\/p>\n<ul>\n<li>butelk\u0119 soli ozdabiamy naturalnymi cynamonem i any\u017cem<\/li>\n<li>etykieta nawi\u0105zuje do zapachu soli<\/li>\n<\/ul>\n<p>Kilka s\u0142\u00f3w o soli z przepisem na pi\u0119kno:<\/p>\n<ul>\n<li>mieszanina soli uzdrowiskowych, himalajskiej i olejk\u00f3w eterycznych<\/li>\n<li>do codziennej k\u0105pieli dodaj naszej soli<\/li>\n<li>pobud\u017a zmys\u0142y i odpr\u0119\u017c cia\u0142o<\/li>\n<li>pozw\u00f3l soli na regeneracj\u0119 i od\u017cywienie. <strong style=\"font-size: 16px;\">Ciesz si\u0119 pi\u0119kn\u0105 sk\u00f3r\u0105!<\/strong><\/li>\n<\/ul>\n<p><strong>Spos\u00f3b u\u017cycia<\/strong>:\u00a0Wsypa\u0107 \u0142y\u017ck\u0119 sto\u0142ow\u0105 soli do wanny z wod\u0105.<\/p>\n<p><strong>Pojemno\u015b\u0107<\/strong>: 600 g.<\/p>\n<p><strong>Zapach<\/strong>: Drzewko \u015bwi\u0105teczne<\/p>\n","protected":false},"featured_media":262,"comment_status":"open","ping_status":"closed","template":"","meta":{"_monsterinsights_skip_tracking":false,"_monsterinsights_sitenote_active":false,"_monsterinsights_sitenote_note":"","_monsterinsights_sitenote_category":0},"product_brand":[],"product_cat":[59,107],"product_tag":[],"class_list":{"0":"post-214","1":"product","2":"type-product","3":"status-publish","4":"has-post-thumbnail","6":"product_cat-boze-narodzenie","7":"product_cat-sole-do-kapieli","9":"first","10":"outofstock","11":"shipping-taxable","12":"purchasable","13":"product-type-simple"},"aioseo_notices":[],"jetpack_sharing_enabled":true,"_links":{"self":[{"href":"https:\/\/mydlamanufaktura.pl\/index.php?rest_route=\/wp\/v2\/product\/214","targetHints":{"allow":["GET"]}}],"collection":[{"href":"https:\/\/mydlamanufaktura.pl\/index.php?rest_route=\/wp\/v2\/product"}],"about":[{"href":"https:\/\/mydlamanufaktura.pl\/index.php?rest_route=\/wp\/v2\/types\/product"}],"replies":[{"embeddable":true,"href":"https:\/\/mydlamanufaktura.pl\/index.php?rest_route=%2Fwp%2Fv2%2Fcomments&post=214"}],"wp:featuredmedia":[{"embeddable":true,"href":"https:\/\/mydlamanufaktura.pl\/index.php?rest_route=\/wp\/v2\/media\/262"}],"wp:attachment":[{"href":"https:\/\/mydlamanufaktura.pl\/index.php?rest_route=%2Fwp%2Fv2%2Fmedia&parent=214"}],"wp:term":[{"taxonomy":"product_brand","embeddable":true,"href":"https:\/\/mydlamanufaktura.pl\/index.php?rest_route=%2Fwp%2Fv2%2Fproduct_brand&post=214"},{"taxonomy":"product_cat","embeddable":true,"href":"https:\/\/mydlamanufaktura.pl\/index.php?rest_route=%2Fwp%2Fv2%2Fproduct_cat&post=214"},{"taxonomy":"product_tag","embeddable":true,"href":"https:\/\/mydlamanufaktura.pl\/index.php?rest_route=%2Fwp%2Fv2%2Fproduct_tag&post=214"}],"curies":[{"name":"wp","href":"https:\/\/api.w.org\/{rel}","templated":true}]}}