{"id":185,"date":"2024-06-26T05:25:16","date_gmt":"2024-06-26T05:25:16","guid":{"rendered":"https:\/\/mydlamanufaktura.pl\/?post_type=product&#038;p=185"},"modified":"2026-01-23T08:29:02","modified_gmt":"2026-01-23T08:29:02","slug":"zestaw-mydel-swiatecznych-duza-choinka-i-skarpeta","status":"publish","type":"product","link":"https:\/\/mydlamanufaktura.pl\/?product=zestaw-mydel-swiatecznych-duza-choinka-i-skarpeta","title":{"rendered":"Zestaw myde\u0142 \u015bwi\u0105tecznych &#8211; du\u017ca choinka i skarpeta"},"content":{"rendered":"","protected":false},"excerpt":{"rendered":"<div><strong>\u015awi\u0105teczny zestaw pe\u0142en naturalno\u015bci <img loading=\"lazy\" decoding=\"async\" class=\"alignnone wp-image-1015\" src=\"https:\/\/mydlamanufaktura.pl\/wp-content\/uploads\/2024\/07\/off1.png\" alt=\"\" width=\"49\" height=\"49\" srcset=\"https:\/\/mydlamanufaktura.pl\/wp-content\/uploads\/2024\/07\/off1.png 127w, https:\/\/mydlamanufaktura.pl\/wp-content\/uploads\/2024\/07\/off1-100x100.png 100w\" sizes=\"auto, (max-width: 49px) 100vw, 49px\" \/><\/strong><\/div>\n<ul>\n<li>zestaw w ozdobnym kartoniku z okienkiem &#8211; wype\u0142nienie siankiem ozdobnym; karton przewi\u0105zany wst\u0105\u017ck\u0105 + ozdoby<\/li>\n<li>w \u015brodku, poza myd\u0142ami, znajdziesz \u015bwi\u0105teczne ozdoby: plastry pomara\u0144czy, cynamon, any\u017c, go\u017adziki<\/li>\n<\/ul>\n<p><strong>Zawarto\u015b\u0107<\/strong>: 2x \u015bwi\u0105teczne myde\u0142ko (100 gram)<\/p>\n","protected":false},"featured_media":237,"comment_status":"open","ping_status":"closed","template":"","meta":{"_monsterinsights_skip_tracking":false,"_monsterinsights_sitenote_active":false,"_monsterinsights_sitenote_note":"","_monsterinsights_sitenote_category":0},"product_brand":[],"product_cat":[59,105],"product_tag":[],"class_list":{"0":"post-185","1":"product","2":"type-product","3":"status-publish","4":"has-post-thumbnail","6":"product_cat-boze-narodzenie","7":"product_cat-mydla-i-zestawy-mydel","9":"first","10":"outofstock","11":"shipping-taxable","12":"purchasable","13":"product-type-simple"},"aioseo_notices":[],"jetpack_sharing_enabled":true,"_links":{"self":[{"href":"https:\/\/mydlamanufaktura.pl\/index.php?rest_route=\/wp\/v2\/product\/185","targetHints":{"allow":["GET"]}}],"collection":[{"href":"https:\/\/mydlamanufaktura.pl\/index.php?rest_route=\/wp\/v2\/product"}],"about":[{"href":"https:\/\/mydlamanufaktura.pl\/index.php?rest_route=\/wp\/v2\/types\/product"}],"replies":[{"embeddable":true,"href":"https:\/\/mydlamanufaktura.pl\/index.php?rest_route=%2Fwp%2Fv2%2Fcomments&post=185"}],"wp:featuredmedia":[{"embeddable":true,"href":"https:\/\/mydlamanufaktura.pl\/index.php?rest_route=\/wp\/v2\/media\/237"}],"wp:attachment":[{"href":"https:\/\/mydlamanufaktura.pl\/index.php?rest_route=%2Fwp%2Fv2%2Fmedia&parent=185"}],"wp:term":[{"taxonomy":"product_brand","embeddable":true,"href":"https:\/\/mydlamanufaktura.pl\/index.php?rest_route=%2Fwp%2Fv2%2Fproduct_brand&post=185"},{"taxonomy":"product_cat","embeddable":true,"href":"https:\/\/mydlamanufaktura.pl\/index.php?rest_route=%2Fwp%2Fv2%2Fproduct_cat&post=185"},{"taxonomy":"product_tag","embeddable":true,"href":"https:\/\/mydlamanufaktura.pl\/index.php?rest_route=%2Fwp%2Fv2%2Fproduct_tag&post=185"}],"curies":[{"name":"wp","href":"https:\/\/api.w.org\/{rel}","templated":true}]}}