{"id":16251,"date":"2026-03-25T17:02:13","date_gmt":"2026-03-25T17:02:13","guid":{"rendered":"https:\/\/mydlamanufaktura.pl\/?post_type=product&#038;p=16251"},"modified":"2026-03-25T17:03:16","modified_gmt":"2026-03-25T17:03:16","slug":"esencja-perfum-sisi","status":"publish","type":"product","link":"https:\/\/mydlamanufaktura.pl\/?product=esencja-perfum-sisi","title":{"rendered":"Esencja perfum Sisi"},"content":{"rendered":"","protected":false},"excerpt":{"rendered":"<p><strong>Esencja perfum w od\u017cywczym olejku bursztynowym<\/strong><\/p>\n<p><em>Wasze\u00a0 ulubione zapachy przeniesione z kosmetyk\u00f3w do ma\u0142ych buteleczek &#8211; skoncentrowana\u00a0 esencja perfum&#8230;\u00a0<\/em><\/p>\n<ul>\n<li>koncentrat\u00a0 zapachu na bazie bursztynowego olejku\u00a0 z dodatkiem wit. E<\/li>\n<li>nie wysusza sk\u00f3ry, dzia\u0142a piel\u0119gnuj\u0105co i od\u017cywczo<\/li>\n<\/ul>\n<p><strong>Preferowane u\u017cycie<\/strong>:\u00a0 nadgarstki, zgi\u0119cia \u0142okci,\u00a0 za uszami.<\/p>\n<p><em><strong>Zapach Si si<\/strong>\u2013 stylowy, charyzmatyczny zapach, dzi\u0119ki kt\u00f3remu powiesz tak wolno\u015bci, marzeniom, mi\u0142o\u015bci. Po\u0142\u0105czenie nut kwiatowych czarnej porzeczki, kt\u00f3ra z pocz\u0105tku otuli Ci\u0119 s\u0142odycz\u0105\u00a0 i frezji, kt\u00f3ra prze\u0142amie j\u0105 swoj\u0105 g\u0142\u0119bi\u0105.<\/em><\/p>\n","protected":false},"featured_media":16252,"comment_status":"open","ping_status":"closed","template":"","meta":{"_monsterinsights_skip_tracking":false,"_monsterinsights_sitenote_active":false,"_monsterinsights_sitenote_note":"","_monsterinsights_sitenote_category":0},"product_brand":[],"product_cat":[117],"product_tag":[],"class_list":{"0":"post-16251","1":"product","2":"type-product","3":"status-publish","4":"has-post-thumbnail","6":"product_cat-perfumetki","8":"first","9":"instock","10":"shipping-taxable","11":"purchasable","12":"product-type-simple"},"aioseo_notices":[],"jetpack_sharing_enabled":true,"_links":{"self":[{"href":"https:\/\/mydlamanufaktura.pl\/index.php?rest_route=\/wp\/v2\/product\/16251","targetHints":{"allow":["GET"]}}],"collection":[{"href":"https:\/\/mydlamanufaktura.pl\/index.php?rest_route=\/wp\/v2\/product"}],"about":[{"href":"https:\/\/mydlamanufaktura.pl\/index.php?rest_route=\/wp\/v2\/types\/product"}],"replies":[{"embeddable":true,"href":"https:\/\/mydlamanufaktura.pl\/index.php?rest_route=%2Fwp%2Fv2%2Fcomments&post=16251"}],"wp:featuredmedia":[{"embeddable":true,"href":"https:\/\/mydlamanufaktura.pl\/index.php?rest_route=\/wp\/v2\/media\/16252"}],"wp:attachment":[{"href":"https:\/\/mydlamanufaktura.pl\/index.php?rest_route=%2Fwp%2Fv2%2Fmedia&parent=16251"}],"wp:term":[{"taxonomy":"product_brand","embeddable":true,"href":"https:\/\/mydlamanufaktura.pl\/index.php?rest_route=%2Fwp%2Fv2%2Fproduct_brand&post=16251"},{"taxonomy":"product_cat","embeddable":true,"href":"https:\/\/mydlamanufaktura.pl\/index.php?rest_route=%2Fwp%2Fv2%2Fproduct_cat&post=16251"},{"taxonomy":"product_tag","embeddable":true,"href":"https:\/\/mydlamanufaktura.pl\/index.php?rest_route=%2Fwp%2Fv2%2Fproduct_tag&post=16251"}],"curies":[{"name":"wp","href":"https:\/\/api.w.org\/{rel}","templated":true}]}}