{"id":16248,"date":"2026-03-25T17:00:32","date_gmt":"2026-03-25T17:00:32","guid":{"rendered":"https:\/\/mydlamanufaktura.pl\/?post_type=product&#038;p=16248"},"modified":"2026-03-25T17:01:55","modified_gmt":"2026-03-25T17:01:55","slug":"esencja-perfum-swiezy-bambus","status":"publish","type":"product","link":"https:\/\/mydlamanufaktura.pl\/?product=esencja-perfum-swiezy-bambus","title":{"rendered":"Esencja perfum \u015awie\u017cy bambus"},"content":{"rendered":"","protected":false},"excerpt":{"rendered":"<p><strong>Esencja perfum w od\u017cywczym olejku bursztynowym<\/strong><\/p>\n<p><em>Wasze\u00a0 ulubione zapachy przeniesione z kosmetyk\u00f3w do ma\u0142ych buteleczek &#8211; skoncentrowana\u00a0 esencja perfum&#8230;\u00a0<\/em><\/p>\n<ul>\n<li>koncentrat\u00a0 zapachu na bazie bursztynowego olejku\u00a0 z dodatkiem wit. E<\/li>\n<li>nie wysusza sk\u00f3ry, dzia\u0142a piel\u0119gnuj\u0105co i od\u017cywczo<\/li>\n<\/ul>\n<p><strong>Preferowane u\u017cycie<\/strong>:\u00a0 nadgarstki, zgi\u0119cia \u0142okci,\u00a0 za uszami.<\/p>\n<p><em><strong>Zapach \u015awie\u017cy bambus<\/strong>\u2013 intensywnie orze\u017awiaj\u0105cy, \u015bwie\u017cy, wodny zapach z nutami kwiatowymi o pon\u0119tnej, s\u0142odkiej g\u0142\u0119bi. Idealny zar\u00f3wno dla kobiet jak i m\u0119\u017cczyzn.<\/em><\/p>\n","protected":false},"featured_media":16249,"comment_status":"open","ping_status":"closed","template":"","meta":{"_monsterinsights_skip_tracking":false,"_monsterinsights_sitenote_active":false,"_monsterinsights_sitenote_note":"","_monsterinsights_sitenote_category":0},"product_brand":[],"product_cat":[117],"product_tag":[],"class_list":{"0":"post-16248","1":"product","2":"type-product","3":"status-publish","4":"has-post-thumbnail","6":"product_cat-perfumetki","8":"first","9":"instock","10":"shipping-taxable","11":"purchasable","12":"product-type-simple"},"aioseo_notices":[],"jetpack_sharing_enabled":true,"_links":{"self":[{"href":"https:\/\/mydlamanufaktura.pl\/index.php?rest_route=\/wp\/v2\/product\/16248","targetHints":{"allow":["GET"]}}],"collection":[{"href":"https:\/\/mydlamanufaktura.pl\/index.php?rest_route=\/wp\/v2\/product"}],"about":[{"href":"https:\/\/mydlamanufaktura.pl\/index.php?rest_route=\/wp\/v2\/types\/product"}],"replies":[{"embeddable":true,"href":"https:\/\/mydlamanufaktura.pl\/index.php?rest_route=%2Fwp%2Fv2%2Fcomments&post=16248"}],"wp:featuredmedia":[{"embeddable":true,"href":"https:\/\/mydlamanufaktura.pl\/index.php?rest_route=\/wp\/v2\/media\/16249"}],"wp:attachment":[{"href":"https:\/\/mydlamanufaktura.pl\/index.php?rest_route=%2Fwp%2Fv2%2Fmedia&parent=16248"}],"wp:term":[{"taxonomy":"product_brand","embeddable":true,"href":"https:\/\/mydlamanufaktura.pl\/index.php?rest_route=%2Fwp%2Fv2%2Fproduct_brand&post=16248"},{"taxonomy":"product_cat","embeddable":true,"href":"https:\/\/mydlamanufaktura.pl\/index.php?rest_route=%2Fwp%2Fv2%2Fproduct_cat&post=16248"},{"taxonomy":"product_tag","embeddable":true,"href":"https:\/\/mydlamanufaktura.pl\/index.php?rest_route=%2Fwp%2Fv2%2Fproduct_tag&post=16248"}],"curies":[{"name":"wp","href":"https:\/\/api.w.org\/{rel}","templated":true}]}}