{"id":16218,"date":"2026-03-17T12:26:37","date_gmt":"2026-03-17T12:26:37","guid":{"rendered":"https:\/\/mydlamanufaktura.pl\/?post_type=product&#038;p=16218"},"modified":"2026-03-17T12:28:34","modified_gmt":"2026-03-17T12:28:34","slug":"aromatyzowana-sol-do-kapieli-kozie-mleko","status":"publish","type":"product","link":"https:\/\/mydlamanufaktura.pl\/?product=aromatyzowana-sol-do-kapieli-kozie-mleko","title":{"rendered":"Aromatyzowana s\u00f3l do k\u0105pieli Kozie Mleko"},"content":{"rendered":"","protected":false},"excerpt":{"rendered":"<p><strong>Mieszanina soli uzdrowiskowych o wyj\u0105tkowym aromacie<\/strong><\/p>\n<p>Kozie mleko wykorzystywane w kosmetyce likwiduje uczucie \u015bci\u0105gni\u0119cia i sucho\u015bci. Regularnie stosowane pomaga w zmi\u0119kczeniu, uelastycznieniu oraz rozja\u015bnieniu sk\u00f3ry.<\/p>\n<p><strong>Aromatyczna k\u0105piel z przepisem na pi\u0119kno:<\/strong><\/p>\n<ul>\n<li>do codziennej k\u0105pieli dodaj naszej soli<\/li>\n<li>pobud\u017a zmys\u0142y i odpr\u0119\u017c cia\u0142o<\/li>\n<li>pozw\u00f3l soli na regeneracj\u0119 i od\u017cywienie<\/li>\n<\/ul>\n<p><strong>Spos\u00f3b u\u017cycia:<\/strong> Wsypa\u0107 \u0142y\u017ck\u0119 sto\u0142ow\u0105 soli do wanny z wod\u0105.<\/p>\n<p><strong>Zapach<\/strong>: kompozycja z\u0142o\u017cona z bia\u0142ych kwiat\u00f3w, pi\u017cma oraz nuty \u015bwie\u017co\u015bci.<\/p>\n<p><strong>Pojemno\u015b\u0107:<\/strong> 450g.<\/p>\n","protected":false},"featured_media":16219,"comment_status":"open","ping_status":"closed","template":"","meta":{"_monsterinsights_skip_tracking":false,"_monsterinsights_sitenote_active":false,"_monsterinsights_sitenote_note":"","_monsterinsights_sitenote_category":0},"product_brand":[],"product_cat":[91,16],"product_tag":[],"class_list":{"0":"post-16218","1":"product","2":"type-product","3":"status-publish","4":"has-post-thumbnail","6":"product_cat-kozie-mleko","7":"product_cat-sole-kapielowe","9":"first","10":"instock","11":"shipping-taxable","12":"purchasable","13":"product-type-simple"},"aioseo_notices":[],"jetpack_sharing_enabled":true,"_links":{"self":[{"href":"https:\/\/mydlamanufaktura.pl\/index.php?rest_route=\/wp\/v2\/product\/16218","targetHints":{"allow":["GET"]}}],"collection":[{"href":"https:\/\/mydlamanufaktura.pl\/index.php?rest_route=\/wp\/v2\/product"}],"about":[{"href":"https:\/\/mydlamanufaktura.pl\/index.php?rest_route=\/wp\/v2\/types\/product"}],"replies":[{"embeddable":true,"href":"https:\/\/mydlamanufaktura.pl\/index.php?rest_route=%2Fwp%2Fv2%2Fcomments&post=16218"}],"wp:featuredmedia":[{"embeddable":true,"href":"https:\/\/mydlamanufaktura.pl\/index.php?rest_route=\/wp\/v2\/media\/16219"}],"wp:attachment":[{"href":"https:\/\/mydlamanufaktura.pl\/index.php?rest_route=%2Fwp%2Fv2%2Fmedia&parent=16218"}],"wp:term":[{"taxonomy":"product_brand","embeddable":true,"href":"https:\/\/mydlamanufaktura.pl\/index.php?rest_route=%2Fwp%2Fv2%2Fproduct_brand&post=16218"},{"taxonomy":"product_cat","embeddable":true,"href":"https:\/\/mydlamanufaktura.pl\/index.php?rest_route=%2Fwp%2Fv2%2Fproduct_cat&post=16218"},{"taxonomy":"product_tag","embeddable":true,"href":"https:\/\/mydlamanufaktura.pl\/index.php?rest_route=%2Fwp%2Fv2%2Fproduct_tag&post=16218"}],"curies":[{"name":"wp","href":"https:\/\/api.w.org\/{rel}","templated":true}]}}