{"id":16048,"date":"2026-01-26T14:13:30","date_gmt":"2026-01-26T14:13:30","guid":{"rendered":"https:\/\/mydlamanufaktura.pl\/?post_type=product&#038;p=16048"},"modified":"2026-03-11T10:11:07","modified_gmt":"2026-03-11T10:11:07","slug":"zestaw-wielkanocny-ix","status":"publish","type":"product","link":"https:\/\/mydlamanufaktura.pl\/?product=zestaw-wielkanocny-ix","title":{"rendered":"Zestaw wielkanocny X"},"content":{"rendered":"","protected":false},"excerpt":{"rendered":"<p><strong><span style=\"color: #add681;\"><span style=\"color: #b6c7a3;\">Wielkanocny<\/span> <\/span>zestaw prezentowy w kartonowym pude\u0142ku z okienkiem <img loading=\"lazy\" decoding=\"async\" class=\"alignnone wp-image-1016\" src=\"https:\/\/mydlamanufaktura.pl\/wp-content\/uploads\/2024\/07\/off2.png\" alt=\"\" width=\"51\" height=\"51\" srcset=\"https:\/\/mydlamanufaktura.pl\/wp-content\/uploads\/2024\/07\/off2.png 127w, https:\/\/mydlamanufaktura.pl\/wp-content\/uploads\/2024\/07\/off2-100x100.png 100w\" sizes=\"auto, (max-width: 51px) 100vw, 51px\" \/><\/strong><\/p>\n<ul>\n<li>zestaw zawiera: sojow\u0105 \u015bwiece retro,\u00a0 opalizuj\u0105ce mas\u0142o do cia\u0142a, wielkanocn\u0105 s\u00f3l do k\u0105pieli i dwa myde\u0142ka wielkanocne<\/li>\n<li>pude\u0142ko wype\u0142nione jest siankiem<\/li>\n<\/ul>\n","protected":false},"featured_media":16049,"comment_status":"open","ping_status":"closed","template":"","meta":{"_monsterinsights_skip_tracking":false,"_monsterinsights_sitenote_active":false,"_monsterinsights_sitenote_note":"","_monsterinsights_sitenote_category":0},"product_brand":[],"product_cat":[36],"product_tag":[],"class_list":{"0":"post-16048","1":"product","2":"type-product","3":"status-publish","4":"has-post-thumbnail","6":"product_cat-wielkanoc","8":"first","9":"instock","10":"shipping-taxable","11":"purchasable","12":"product-type-simple"},"aioseo_notices":[],"jetpack_sharing_enabled":true,"_links":{"self":[{"href":"https:\/\/mydlamanufaktura.pl\/index.php?rest_route=\/wp\/v2\/product\/16048","targetHints":{"allow":["GET"]}}],"collection":[{"href":"https:\/\/mydlamanufaktura.pl\/index.php?rest_route=\/wp\/v2\/product"}],"about":[{"href":"https:\/\/mydlamanufaktura.pl\/index.php?rest_route=\/wp\/v2\/types\/product"}],"replies":[{"embeddable":true,"href":"https:\/\/mydlamanufaktura.pl\/index.php?rest_route=%2Fwp%2Fv2%2Fcomments&post=16048"}],"wp:featuredmedia":[{"embeddable":true,"href":"https:\/\/mydlamanufaktura.pl\/index.php?rest_route=\/wp\/v2\/media\/16049"}],"wp:attachment":[{"href":"https:\/\/mydlamanufaktura.pl\/index.php?rest_route=%2Fwp%2Fv2%2Fmedia&parent=16048"}],"wp:term":[{"taxonomy":"product_brand","embeddable":true,"href":"https:\/\/mydlamanufaktura.pl\/index.php?rest_route=%2Fwp%2Fv2%2Fproduct_brand&post=16048"},{"taxonomy":"product_cat","embeddable":true,"href":"https:\/\/mydlamanufaktura.pl\/index.php?rest_route=%2Fwp%2Fv2%2Fproduct_cat&post=16048"},{"taxonomy":"product_tag","embeddable":true,"href":"https:\/\/mydlamanufaktura.pl\/index.php?rest_route=%2Fwp%2Fv2%2Fproduct_tag&post=16048"}],"curies":[{"name":"wp","href":"https:\/\/api.w.org\/{rel}","templated":true}]}}