{"id":16027,"date":"2026-01-25T11:43:30","date_gmt":"2026-01-25T11:43:30","guid":{"rendered":"https:\/\/mydlamanufaktura.pl\/?post_type=product&#038;p=16027"},"modified":"2026-01-25T11:46:25","modified_gmt":"2026-01-25T11:46:25","slug":"wielkanocna-sol-do-kapieli-pomarancza-cynamon","status":"publish","type":"product","link":"https:\/\/mydlamanufaktura.pl\/?product=wielkanocna-sol-do-kapieli-pomarancza-cynamon","title":{"rendered":"Wielkanocna s\u00f3l do k\u0105pieli pomara\u0144cza &#038; cynamon"},"content":{"rendered":"<section class=\"elementor-element elementor-element-773d118 elementor-section-boxed elementor-section-height-default elementor-section-height-default elementor-section elementor-top-section\" data-id=\"773d118\" data-element_type=\"section\">\n<div class=\"elementor-container elementor-column-gap-default\">\n<div class=\"elementor-row\">\n<div class=\"elementor-element elementor-element-9af0b48 elementor-column elementor-col-100 elementor-top-column\" data-id=\"9af0b48\" data-element_type=\"column\">\n<div class=\"elementor-column-wrap elementor-element-populated\">\n<div class=\"elementor-widget-wrap\">\n<div class=\"elementor-element elementor-element-295af39 elementor-widget elementor-widget-woocommerce-product-data-tabs\" data-id=\"295af39\" data-element_type=\"widget\" data-widget_type=\"woocommerce-product-data-tabs.default\">\n<div class=\"elementor-widget-container\">\n<div class=\"woocommerce-tabs wc-tabs-wrapper\">\n<div id=\"tab-description\" class=\"woocommerce-Tabs-panel woocommerce-Tabs-panel--description panel entry-content wc-tab\" role=\"tabpanel\" aria-labelledby=\"tab-title-description\">\n<p>Sk\u0142ad: Mineral Salts, Parfum, Cornflowe Petals, Butylphenyl Methylpropional, Linalool, Limonene<\/p>\n<\/div>\n<\/div>\n<\/div>\n<\/div>\n<\/div>\n<\/div>\n<\/div>\n<\/div>\n<\/div>\n<\/section>\n","protected":false},"excerpt":{"rendered":"<p><strong><span style=\"color: #add681;\"><span style=\"color: #b6c7a3;\">Wielkanocna<\/span>\u00a0<\/span>s\u00f3l do k\u0105pieli\u00a0 <img loading=\"lazy\" decoding=\"async\" class=\"alignnone wp-image-1016\" src=\"https:\/\/mydlamanufaktura.pl\/wp-content\/uploads\/2024\/07\/off2.png\" alt=\"\" width=\"51\" height=\"51\" srcset=\"https:\/\/mydlamanufaktura.pl\/wp-content\/uploads\/2024\/07\/off2.png 127w, https:\/\/mydlamanufaktura.pl\/wp-content\/uploads\/2024\/07\/off2-100x100.png 100w\" sizes=\"auto, (max-width: 51px) 100vw, 51px\" \/><\/strong><\/p>\n<p><strong>Mieszanina soli uzdrowiskowych o wyj\u0105tkowym aromacie<\/strong><\/p>\n<p>Aromatyczna k\u0105piel z przepisem na pi\u0119kno:<\/p>\n<ul>\n<li>do codziennej k\u0105pieli dodaj naszej soli<\/li>\n<li>pobud\u017a zmys\u0142y i odpr\u0119\u017c cia\u0142o<\/li>\n<li>pozw\u00f3l soli na regeneracj\u0119 i od\u017cywienie<\/li>\n<\/ul>\n<p><strong>Spos\u00f3b u\u017cycia:<\/strong>\u00a0Wsypa\u0107 \u0142y\u017ck\u0119 sto\u0142ow\u0105 soli do wanny z wod\u0105.<\/p>\n<p><strong>Pojemno\u015b\u0107:<\/strong>\u00a0600g.<\/p>\n<p><strong>Zapach<\/strong>: <em>Pomara\u0144cza z cynamonem\u00a0<\/em>\u2013 po\u0142\u0105czenie wibruj\u0105cej pomara\u0144czy ze s\u0142odkim, korzennym aromatem cynamonu.<\/p>\n","protected":false},"featured_media":16028,"comment_status":"open","ping_status":"closed","template":"","meta":{"_monsterinsights_skip_tracking":false,"_monsterinsights_sitenote_active":false,"_monsterinsights_sitenote_note":"","_monsterinsights_sitenote_category":0},"product_brand":[],"product_cat":[36],"product_tag":[],"class_list":{"0":"post-16027","1":"product","2":"type-product","3":"status-publish","4":"has-post-thumbnail","6":"product_cat-wielkanoc","8":"first","9":"instock","10":"shipping-taxable","11":"purchasable","12":"product-type-simple"},"aioseo_notices":[],"jetpack_sharing_enabled":true,"_links":{"self":[{"href":"https:\/\/mydlamanufaktura.pl\/index.php?rest_route=\/wp\/v2\/product\/16027","targetHints":{"allow":["GET"]}}],"collection":[{"href":"https:\/\/mydlamanufaktura.pl\/index.php?rest_route=\/wp\/v2\/product"}],"about":[{"href":"https:\/\/mydlamanufaktura.pl\/index.php?rest_route=\/wp\/v2\/types\/product"}],"replies":[{"embeddable":true,"href":"https:\/\/mydlamanufaktura.pl\/index.php?rest_route=%2Fwp%2Fv2%2Fcomments&post=16027"}],"wp:featuredmedia":[{"embeddable":true,"href":"https:\/\/mydlamanufaktura.pl\/index.php?rest_route=\/wp\/v2\/media\/16028"}],"wp:attachment":[{"href":"https:\/\/mydlamanufaktura.pl\/index.php?rest_route=%2Fwp%2Fv2%2Fmedia&parent=16027"}],"wp:term":[{"taxonomy":"product_brand","embeddable":true,"href":"https:\/\/mydlamanufaktura.pl\/index.php?rest_route=%2Fwp%2Fv2%2Fproduct_brand&post=16027"},{"taxonomy":"product_cat","embeddable":true,"href":"https:\/\/mydlamanufaktura.pl\/index.php?rest_route=%2Fwp%2Fv2%2Fproduct_cat&post=16027"},{"taxonomy":"product_tag","embeddable":true,"href":"https:\/\/mydlamanufaktura.pl\/index.php?rest_route=%2Fwp%2Fv2%2Fproduct_tag&post=16027"}],"curies":[{"name":"wp","href":"https:\/\/api.w.org\/{rel}","templated":true}]}}