{"id":16023,"date":"2026-01-25T11:39:50","date_gmt":"2026-01-25T11:39:50","guid":{"rendered":"https:\/\/mydlamanufaktura.pl\/?post_type=product&#038;p=16023"},"modified":"2026-01-25T11:41:18","modified_gmt":"2026-01-25T11:41:18","slug":"mydlo-pisanka-2","status":"publish","type":"product","link":"https:\/\/mydlamanufaktura.pl\/?product=mydlo-pisanka-2","title":{"rendered":"Myd\u0142o pisanka"},"content":{"rendered":"","protected":false},"excerpt":{"rendered":"<div><strong><span style=\"color: #add681;\"><span style=\"color: #b6c7a3;\">Wielkanocne<\/span>\u00a0<\/span>myd\u0142o glicerynowe 100% <img loading=\"lazy\" decoding=\"async\" class=\"alignnone wp-image-1016\" src=\"https:\/\/mydlamanufaktura.pl\/wp-content\/uploads\/2024\/07\/off2.png\" alt=\"\" width=\"51\" height=\"51\" srcset=\"https:\/\/mydlamanufaktura.pl\/wp-content\/uploads\/2024\/07\/off2.png 127w, https:\/\/mydlamanufaktura.pl\/wp-content\/uploads\/2024\/07\/off2-100x100.png 100w\" sizes=\"auto, (max-width: 51px) 100vw, 51px\" \/><\/strong><\/div>\n<ul>\n<li>doskonale nawil\u017ca sk\u00f3r\u0119, nie pozostawia osadu i uczucia \u015bci\u0105gni\u0119cia<\/li>\n<li>r\u0119cznie robione<\/li>\n<li>trwa\u0142o\u015b\u0107 gwarantowana \u2013 pi\u0119kny zapach na d\u0142ugo pozostanie na sk\u00f3rze, wype\u0142ni r\u00f3wnie\u017c twoj\u0105 \u0142azienk\u0119<\/li>\n<li>nietuzinkowa forma myd\u0142a z pewno\u015bci\u0105 przykuje uwag\u0119<\/li>\n<\/ul>\n<div><strong>Waga<\/strong>: 100 g.<\/div>\n<div><\/div>\n","protected":false},"featured_media":16025,"comment_status":"open","ping_status":"closed","template":"","meta":{"_monsterinsights_skip_tracking":false,"_monsterinsights_sitenote_active":false,"_monsterinsights_sitenote_note":"","_monsterinsights_sitenote_category":0},"product_brand":[],"product_cat":[36],"product_tag":[],"class_list":{"0":"post-16023","1":"product","2":"type-product","3":"status-publish","4":"has-post-thumbnail","6":"product_cat-wielkanoc","8":"first","9":"instock","10":"shipping-taxable","11":"purchasable","12":"product-type-variable"},"aioseo_notices":[],"jetpack_sharing_enabled":true,"_links":{"self":[{"href":"https:\/\/mydlamanufaktura.pl\/index.php?rest_route=\/wp\/v2\/product\/16023","targetHints":{"allow":["GET"]}}],"collection":[{"href":"https:\/\/mydlamanufaktura.pl\/index.php?rest_route=\/wp\/v2\/product"}],"about":[{"href":"https:\/\/mydlamanufaktura.pl\/index.php?rest_route=\/wp\/v2\/types\/product"}],"replies":[{"embeddable":true,"href":"https:\/\/mydlamanufaktura.pl\/index.php?rest_route=%2Fwp%2Fv2%2Fcomments&post=16023"}],"wp:featuredmedia":[{"embeddable":true,"href":"https:\/\/mydlamanufaktura.pl\/index.php?rest_route=\/wp\/v2\/media\/16025"}],"wp:attachment":[{"href":"https:\/\/mydlamanufaktura.pl\/index.php?rest_route=%2Fwp%2Fv2%2Fmedia&parent=16023"}],"wp:term":[{"taxonomy":"product_brand","embeddable":true,"href":"https:\/\/mydlamanufaktura.pl\/index.php?rest_route=%2Fwp%2Fv2%2Fproduct_brand&post=16023"},{"taxonomy":"product_cat","embeddable":true,"href":"https:\/\/mydlamanufaktura.pl\/index.php?rest_route=%2Fwp%2Fv2%2Fproduct_cat&post=16023"},{"taxonomy":"product_tag","embeddable":true,"href":"https:\/\/mydlamanufaktura.pl\/index.php?rest_route=%2Fwp%2Fv2%2Fproduct_tag&post=16023"}],"curies":[{"name":"wp","href":"https:\/\/api.w.org\/{rel}","templated":true}]}}