{"id":16,"date":"2024-06-26T05:18:55","date_gmt":"2024-06-26T05:18:55","guid":{"rendered":"https:\/\/mydlamanufaktura.pl\/?post_type=product&#038;p=16"},"modified":"2026-02-18T13:26:22","modified_gmt":"2026-02-18T13:26:22","slug":"aromatyzowana-sol-do-kapieli-600-g","status":"publish","type":"product","link":"https:\/\/mydlamanufaktura.pl\/?product=aromatyzowana-sol-do-kapieli-600-g","title":{"rendered":"Aromatyzowana s\u00f3l do k\u0105pieli 600 g"},"content":{"rendered":"<p>Poznaj bli\u017cej zapachy:<\/p>\n<p><em><strong>Modemoiselle<\/strong><\/em>\u00a0\u2013 zmys\u0142owo\u015b\u0107 we francuskim, stylowym wydaniu. Pocz\u0105tkowo twoje zmys\u0142y pobudzi po\u0142\u0105czenie s\u0142odkich kwiat\u00f3w pomara\u0144czy, bergamotki i mandarynki, za\u015b po chwili poczujesz r\u00f3\u017c\u0119, \u015bwie\u017cy ja\u015bmin i egzotyczny kwiat ylang-ylang. Te wszystkie nuty zwie\u0144czone na ko\u0144cu bia\u0142ym pi\u017cmem i orientaln\u0105 wanili\u0105, przypomn\u0105 Ci o cudownych chwilach nami\u0119tno\u015bci.<strong>\u00a0Grupy zapach\u00f3w<\/strong>: perfumowane, kwiatowe.<\/p>\n<p><em><strong>Si si<\/strong> <\/em>&#8211; stylowy, charyzmatyczny zapach, dzi\u0119ki kt\u00f3remu powiesz tak wolno\u015bci, marzeniom, mi\u0142o\u015bci. Po\u0142\u0105czenie nut kwiatowych czarnej porzeczki, kt\u00f3ra z pocz\u0105tku otuli Ci\u0119 s\u0142odycz\u0105\u00a0 i frezji, kt\u00f3ra prze\u0142amie j\u0105 swoj\u0105 g\u0142\u0119bi\u0105.<\/p>\n<p><em><strong>\u015awie\u017cy bambus<\/strong><\/em> \u2013 intensywnie orze\u017awiaj\u0105cy, \u015bwie\u017cy, wodny zapach z nutami kwiatowymi o pon\u0119tnej, s\u0142odkiej g\u0142\u0119bi.<\/p>\n","protected":false},"excerpt":{"rendered":"<p><strong>Mieszanina soli uzdrowiskowych o wyj\u0105tkowym aromacie<\/strong><\/p>\n<p>Aromatyczna k\u0105piel z przepisem na pi\u0119kno:<\/p>\n<ul>\n<li>do codziennej k\u0105pieli dodaj naszej soli<\/li>\n<li>pobud\u017a zmys\u0142y i odpr\u0119\u017c cia\u0142o<\/li>\n<li>pozw\u00f3l soli na regeneracj\u0119 i od\u017cywienie<\/li>\n<\/ul>\n<p><strong>Spos\u00f3b u\u017cycia:<\/strong> Wsypa\u0107 \u0142y\u017ck\u0119 sto\u0142ow\u0105 soli do wanny z wod\u0105.<\/p>\n<p><strong>Pojemno\u015b\u0107:<\/strong> 600g.<\/p>\n<p>&nbsp;<\/p>\n<p>\u2193 Poznaj wszystkie dost\u0119pne zapachy w opisie poni\u017cej! \u2193<\/p>\n","protected":false},"featured_media":46,"comment_status":"open","ping_status":"closed","template":"","meta":{"_monsterinsights_skip_tracking":false,"_monsterinsights_sitenote_active":false,"_monsterinsights_sitenote_note":"","_monsterinsights_sitenote_category":0},"product_brand":[],"product_cat":[16],"product_tag":[],"class_list":{"0":"post-16","1":"product","2":"type-product","3":"status-publish","4":"has-post-thumbnail","6":"product_cat-sole-kapielowe","8":"first","9":"instock","10":"shipping-taxable","11":"purchasable","12":"product-type-variable"},"aioseo_notices":[],"jetpack_sharing_enabled":true,"_links":{"self":[{"href":"https:\/\/mydlamanufaktura.pl\/index.php?rest_route=\/wp\/v2\/product\/16","targetHints":{"allow":["GET"]}}],"collection":[{"href":"https:\/\/mydlamanufaktura.pl\/index.php?rest_route=\/wp\/v2\/product"}],"about":[{"href":"https:\/\/mydlamanufaktura.pl\/index.php?rest_route=\/wp\/v2\/types\/product"}],"replies":[{"embeddable":true,"href":"https:\/\/mydlamanufaktura.pl\/index.php?rest_route=%2Fwp%2Fv2%2Fcomments&post=16"}],"wp:featuredmedia":[{"embeddable":true,"href":"https:\/\/mydlamanufaktura.pl\/index.php?rest_route=\/wp\/v2\/media\/46"}],"wp:attachment":[{"href":"https:\/\/mydlamanufaktura.pl\/index.php?rest_route=%2Fwp%2Fv2%2Fmedia&parent=16"}],"wp:term":[{"taxonomy":"product_brand","embeddable":true,"href":"https:\/\/mydlamanufaktura.pl\/index.php?rest_route=%2Fwp%2Fv2%2Fproduct_brand&post=16"},{"taxonomy":"product_cat","embeddable":true,"href":"https:\/\/mydlamanufaktura.pl\/index.php?rest_route=%2Fwp%2Fv2%2Fproduct_cat&post=16"},{"taxonomy":"product_tag","embeddable":true,"href":"https:\/\/mydlamanufaktura.pl\/index.php?rest_route=%2Fwp%2Fv2%2Fproduct_tag&post=16"}],"curies":[{"name":"wp","href":"https:\/\/api.w.org\/{rel}","templated":true}]}}