{"id":155,"date":"2024-06-26T05:24:00","date_gmt":"2024-06-26T05:24:00","guid":{"rendered":"https:\/\/mydlamanufaktura.pl\/?post_type=product&#038;p=155"},"modified":"2026-01-23T07:57:07","modified_gmt":"2026-01-23T07:57:07","slug":"mydlo-do-masazu-z-naturalna-gabka","status":"publish","type":"product","link":"https:\/\/mydlamanufaktura.pl\/?product=mydlo-do-masazu-z-naturalna-gabka","title":{"rendered":"Myd\u0142o do masa\u017cu z sol\u0105"},"content":{"rendered":"","protected":false},"excerpt":{"rendered":"<p><strong>Naturalny masa\u017c ca\u0142ego cia\u0142a!<\/strong><\/p>\n<ul>\n<li>myd\u0142o glicerynowe z dodatkiem soli uzdrowiskowych i naturalnej g\u0105bki<\/li>\n<li>delikatne z\u0142uszcza martwy nask\u00f3rek<\/li>\n<li>pozostawia sk\u00f3r\u0119 mi\u0119kk\u0105, nawil\u017con\u0105, bez osadu i uczucia \u015bci\u0105gni\u0119cia<\/li>\n<\/ul>\n<p><strong>Zapach<\/strong>: Amber<\/p>\n<p><strong>Waga<\/strong>: 80 g.<\/p>\n","protected":false},"featured_media":216,"comment_status":"open","ping_status":"closed","template":"","meta":{"_monsterinsights_skip_tracking":false,"_monsterinsights_sitenote_active":false,"_monsterinsights_sitenote_note":"","_monsterinsights_sitenote_category":0},"product_brand":[],"product_cat":[32],"product_tag":[],"class_list":{"0":"post-155","1":"product","2":"type-product","3":"status-publish","4":"has-post-thumbnail","6":"product_cat-mydla-specjalistyczne","8":"first","9":"instock","10":"shipping-taxable","11":"purchasable","12":"product-type-simple"},"aioseo_notices":[],"jetpack_sharing_enabled":true,"_links":{"self":[{"href":"https:\/\/mydlamanufaktura.pl\/index.php?rest_route=\/wp\/v2\/product\/155","targetHints":{"allow":["GET"]}}],"collection":[{"href":"https:\/\/mydlamanufaktura.pl\/index.php?rest_route=\/wp\/v2\/product"}],"about":[{"href":"https:\/\/mydlamanufaktura.pl\/index.php?rest_route=\/wp\/v2\/types\/product"}],"replies":[{"embeddable":true,"href":"https:\/\/mydlamanufaktura.pl\/index.php?rest_route=%2Fwp%2Fv2%2Fcomments&post=155"}],"wp:featuredmedia":[{"embeddable":true,"href":"https:\/\/mydlamanufaktura.pl\/index.php?rest_route=\/wp\/v2\/media\/216"}],"wp:attachment":[{"href":"https:\/\/mydlamanufaktura.pl\/index.php?rest_route=%2Fwp%2Fv2%2Fmedia&parent=155"}],"wp:term":[{"taxonomy":"product_brand","embeddable":true,"href":"https:\/\/mydlamanufaktura.pl\/index.php?rest_route=%2Fwp%2Fv2%2Fproduct_brand&post=155"},{"taxonomy":"product_cat","embeddable":true,"href":"https:\/\/mydlamanufaktura.pl\/index.php?rest_route=%2Fwp%2Fv2%2Fproduct_cat&post=155"},{"taxonomy":"product_tag","embeddable":true,"href":"https:\/\/mydlamanufaktura.pl\/index.php?rest_route=%2Fwp%2Fv2%2Fproduct_tag&post=155"}],"curies":[{"name":"wp","href":"https:\/\/api.w.org\/{rel}","templated":true}]}}