{"id":15377,"date":"2025-08-19T07:19:53","date_gmt":"2025-08-19T07:19:53","guid":{"rendered":"https:\/\/mydlamanufaktura.pl\/?post_type=product&#038;p=15377"},"modified":"2025-12-06T13:56:09","modified_gmt":"2025-12-06T13:56:09","slug":"rozswietlajace-maslo-do-ciala","status":"publish","type":"product","link":"https:\/\/mydlamanufaktura.pl\/?product=rozswietlajace-maslo-do-ciala","title":{"rendered":"Roz\u015bwietlaj\u0105co-opalizuj\u0105ce mas\u0142o do cia\u0142a"},"content":{"rendered":"","protected":false},"excerpt":{"rendered":"<div><strong>Wyj\u0105tkowo\u00a0<span class=\"il\">puszyste<\/span>\u00a0i bogate w sk\u0142adniki\u00a0<span class=\"il\">mas\u0142o<\/span> do cia\u0142a z efektem roz\u015bwietlenia \u2728<\/strong><\/div>\n<div><\/div>\n<div>&#8211; wyrabiane r\u0119cznie na bazie naturalnego mas\u0142a shea i oleju ze s\u0142odkich migda\u0142\u00f3w<\/div>\n<div>&#8211; dodatek regeneruj\u0105cego ekstraktu z bursztynu, pentanolu i witaminy E<\/div>\n<div>&#8211; t\u0142uste i otulaj\u0105ce &#8211; polecane dla sk\u00f3ry suchej i bardzo suchej<\/div>\n<div><\/div>\n<div><strong>Dwa warianty kolorystyczne<\/strong>:<\/div>\n<div>&#8211; <strong><em>z\u0142oto<\/em><\/strong> &#8211; polecane dla \u015bredniej oraz ciemnej karnacji. Delikatnie opalizuje, wyr\u00f3wnuje koloryt i nadaje sk\u00f3rze zdrowy wygl\u0105d. Posiada z\u0142ote, roz\u015bwietlaj\u0105ce drobinki. (Uwaga: mo\u017ce brudzi\u0107, zalecamy dok\u0142adne wmasowanie w sk\u00f3r\u0119 i odczekanie)<\/div>\n<div>&#8211; <em><strong>srebro<\/strong> <\/em>&#8211; polecane dla \u015bredniej oraz jasnej karnacji. Od\u017cywia delikatn\u0105 sk\u00f3r\u0119 zostawiaj\u0105c na niej niesamowity b\u0142ysk. Posiada srebrne, roz\u015bwietlaj\u0105ce drobinki.<\/div>\n<p><strong>Pojemno\u015b\u0107<\/strong>: 130 g.<\/p>\n<p>UWAGA. Produkt nale\u017cy przechowywa\u0107 w ch\u0142odnym miejscu. Kontakt z wysok\u0105 temperatur\u0105 mo\u017ce zmieni\u0107 stan skupienia, ale nie wp\u0142ywa na w\u0142a\u015bciwo\u015bci produktu.<\/p>\n","protected":false},"featured_media":15379,"comment_status":"open","ping_status":"closed","template":"","meta":{"_monsterinsights_skip_tracking":false,"_monsterinsights_sitenote_active":false,"_monsterinsights_sitenote_note":"","_monsterinsights_sitenote_category":0},"product_brand":[],"product_cat":[17,18],"product_tag":[],"class_list":{"0":"post-15377","1":"product","2":"type-product","3":"status-publish","4":"has-post-thumbnail","6":"product_cat-pielegnacja","7":"product_cat-seria-bursztynowa","9":"first","10":"instock","11":"shipping-taxable","12":"purchasable","13":"product-type-variable"},"aioseo_notices":[],"jetpack_sharing_enabled":true,"_links":{"self":[{"href":"https:\/\/mydlamanufaktura.pl\/index.php?rest_route=\/wp\/v2\/product\/15377","targetHints":{"allow":["GET"]}}],"collection":[{"href":"https:\/\/mydlamanufaktura.pl\/index.php?rest_route=\/wp\/v2\/product"}],"about":[{"href":"https:\/\/mydlamanufaktura.pl\/index.php?rest_route=\/wp\/v2\/types\/product"}],"replies":[{"embeddable":true,"href":"https:\/\/mydlamanufaktura.pl\/index.php?rest_route=%2Fwp%2Fv2%2Fcomments&post=15377"}],"wp:featuredmedia":[{"embeddable":true,"href":"https:\/\/mydlamanufaktura.pl\/index.php?rest_route=\/wp\/v2\/media\/15379"}],"wp:attachment":[{"href":"https:\/\/mydlamanufaktura.pl\/index.php?rest_route=%2Fwp%2Fv2%2Fmedia&parent=15377"}],"wp:term":[{"taxonomy":"product_brand","embeddable":true,"href":"https:\/\/mydlamanufaktura.pl\/index.php?rest_route=%2Fwp%2Fv2%2Fproduct_brand&post=15377"},{"taxonomy":"product_cat","embeddable":true,"href":"https:\/\/mydlamanufaktura.pl\/index.php?rest_route=%2Fwp%2Fv2%2Fproduct_cat&post=15377"},{"taxonomy":"product_tag","embeddable":true,"href":"https:\/\/mydlamanufaktura.pl\/index.php?rest_route=%2Fwp%2Fv2%2Fproduct_tag&post=15377"}],"curies":[{"name":"wp","href":"https:\/\/api.w.org\/{rel}","templated":true}]}}