{"id":15130,"date":"2025-06-06T13:27:47","date_gmt":"2025-06-06T13:27:47","guid":{"rendered":"https:\/\/mydlamanufaktura.pl\/?post_type=product&#038;p=15130"},"modified":"2026-01-23T08:43:45","modified_gmt":"2026-01-23T08:43:45","slug":"mus-peelingujacy-do-mycia-ciala-men","status":"publish","type":"product","link":"https:\/\/mydlamanufaktura.pl\/?product=mus-peelingujacy-do-mycia-ciala-men","title":{"rendered":"Mus peelinguj\u0105cy do mycia cia\u0142a MEN"},"content":{"rendered":"","protected":false},"excerpt":{"rendered":"<p><strong>Satynowy\u00a0<span class=\"il\">mus<\/span> do mycia cia\u0142a z ekstraktem z bursztynu<\/strong><\/p>\n<ul>\n<li>\u0142\u0105czy w sobie naturalne drobinki peelinguj\u0105ce i ekstrakt z bursztynu<\/li>\n<li>optymalnie nawil\u017cona, od\u017cywiona i g\u0142adka sk\u00f3ra ju\u017c po pierwszym u\u017cyciu!<\/li>\n<li>mi\u0119kki <span class=\"il\">mus<\/span> pod wp\u0142ywem wody zamienia si\u0119 w delikatn\u0105 piank\u0119 myj\u0105ca, kt\u00f3ra swoim zapachem na d\u0142ugo otuli Twoj\u0105 sk\u00f3r\u0119.<\/li>\n<\/ul>\n<p><strong>Pojemno\u015b\u0107<\/strong>: 230 g.<\/p>\n<p><strong>Zapach:<\/strong><em> Men Boss <\/em>\u2013 energetyzuj\u0105cy, balsamicznie aromatyczny zapach, kt\u00f3ry niesie si\u0119 w harmonii \u015bwie\u017cych drzewnych nut wraz z dodatkiem cytrusowego akordu.\u00a0<strong>Grupy zapach\u00f3w<\/strong>: perfumowane, drzewne. Zapach m\u0119ski.<\/p>\n<p>&nbsp;<\/p>\n","protected":false},"featured_media":15122,"comment_status":"open","ping_status":"closed","template":"","meta":{"_monsterinsights_skip_tracking":false,"_monsterinsights_sitenote_active":false,"_monsterinsights_sitenote_note":"","_monsterinsights_sitenote_category":0},"product_brand":[],"product_cat":[17,116],"product_tag":[],"class_list":{"0":"post-15130","1":"product","2":"type-product","3":"status-publish","4":"has-post-thumbnail","6":"product_cat-pielegnacja","7":"product_cat-seria-meska","9":"first","10":"instock","11":"shipping-taxable","12":"purchasable","13":"product-type-simple"},"aioseo_notices":[],"jetpack_sharing_enabled":true,"_links":{"self":[{"href":"https:\/\/mydlamanufaktura.pl\/index.php?rest_route=\/wp\/v2\/product\/15130","targetHints":{"allow":["GET"]}}],"collection":[{"href":"https:\/\/mydlamanufaktura.pl\/index.php?rest_route=\/wp\/v2\/product"}],"about":[{"href":"https:\/\/mydlamanufaktura.pl\/index.php?rest_route=\/wp\/v2\/types\/product"}],"replies":[{"embeddable":true,"href":"https:\/\/mydlamanufaktura.pl\/index.php?rest_route=%2Fwp%2Fv2%2Fcomments&post=15130"}],"wp:featuredmedia":[{"embeddable":true,"href":"https:\/\/mydlamanufaktura.pl\/index.php?rest_route=\/wp\/v2\/media\/15122"}],"wp:attachment":[{"href":"https:\/\/mydlamanufaktura.pl\/index.php?rest_route=%2Fwp%2Fv2%2Fmedia&parent=15130"}],"wp:term":[{"taxonomy":"product_brand","embeddable":true,"href":"https:\/\/mydlamanufaktura.pl\/index.php?rest_route=%2Fwp%2Fv2%2Fproduct_brand&post=15130"},{"taxonomy":"product_cat","embeddable":true,"href":"https:\/\/mydlamanufaktura.pl\/index.php?rest_route=%2Fwp%2Fv2%2Fproduct_cat&post=15130"},{"taxonomy":"product_tag","embeddable":true,"href":"https:\/\/mydlamanufaktura.pl\/index.php?rest_route=%2Fwp%2Fv2%2Fproduct_tag&post=15130"}],"curies":[{"name":"wp","href":"https:\/\/api.w.org\/{rel}","templated":true}]}}