{"id":15127,"date":"2025-06-06T13:24:50","date_gmt":"2025-06-06T13:24:50","guid":{"rendered":"https:\/\/mydlamanufaktura.pl\/?post_type=product&#038;p=15127"},"modified":"2026-01-23T08:43:59","modified_gmt":"2026-01-23T08:43:59","slug":"wosk-do-ciala-i-brody-men","status":"publish","type":"product","link":"https:\/\/mydlamanufaktura.pl\/?product=wosk-do-ciala-i-brody-men","title":{"rendered":"Wosk do cia\u0142a MEN"},"content":{"rendered":"","protected":false},"excerpt":{"rendered":"<p style=\"text-align: left; padding-left: 40px;\"><strong>Wosk do cia\u0142a z mas\u0142em shea\u00a0<\/strong><\/p>\n<p style=\"text-align: left;\">Wyj\u0105tkowy wosk do stosowania na zimno i na ciep\u0142o<\/p>\n<ul>\n<li>doskonale nawil\u017ca i nat\u0142uszcza nawet najbardziej wysuszon\u0105 sk\u00f3r\u0119<\/li>\n<li>zawiera witaminy A, E i F<\/li>\n<li>wyg\u0142adza i dzia\u0142a przeciwzmarszczkowo<\/li>\n<li>wyj\u0105tkowy aromat otuli sk\u00f3r\u0119 na ca\u0142y dzie\u0144!<\/li>\n<\/ul>\n<p>Stosowany r\u00f3wnie\u017c przez naszych klient\u00f3w jako pomada do brody oraz jako alternatywa dla perfum &#8211; intensywny zapach wosku mo\u017ce go zast\u0105pi\u0107.<\/p>\n<p><strong>Spos\u00f3b u\u017cycia<\/strong>: Rozgrza\u0107 w d\u0142oniach dowoln\u0105 ilo\u015b\u0107 lub rozpu\u015bci\u0107 w kominku do wosk\u00f3w eterycznych, a nast\u0119pnie wmasowa\u0107 w sk\u00f3r\u0119 lub brod\u0119.<\/p>\n<p><strong>Zapach:<\/strong><em> Men Boss <\/em>\u2013 energetyzuj\u0105cy, balsamicznie aromatyczny zapach, kt\u00f3ry niesie si\u0119 w harmonii \u015bwie\u017cych drzewnych nut wraz z dodatkiem cytrusowego akordu.\u00a0<strong>Grupy zapach\u00f3w<\/strong>: perfumowane, drzewne. Zapach m\u0119ski.<\/p>\n","protected":false},"featured_media":15118,"comment_status":"open","ping_status":"closed","template":"","meta":{"_monsterinsights_skip_tracking":false,"_monsterinsights_sitenote_active":false,"_monsterinsights_sitenote_note":"","_monsterinsights_sitenote_category":0},"product_brand":[],"product_cat":[20,17,19,116],"product_tag":[],"class_list":{"0":"post-15127","1":"product","2":"type-product","3":"status-publish","4":"has-post-thumbnail","6":"product_cat-gabinety-spa","7":"product_cat-pielegnacja","8":"product_cat-pozostale-wyroby","9":"product_cat-seria-meska","11":"first","12":"instock","13":"shipping-taxable","14":"purchasable","15":"product-type-simple"},"aioseo_notices":[],"jetpack_sharing_enabled":true,"_links":{"self":[{"href":"https:\/\/mydlamanufaktura.pl\/index.php?rest_route=\/wp\/v2\/product\/15127","targetHints":{"allow":["GET"]}}],"collection":[{"href":"https:\/\/mydlamanufaktura.pl\/index.php?rest_route=\/wp\/v2\/product"}],"about":[{"href":"https:\/\/mydlamanufaktura.pl\/index.php?rest_route=\/wp\/v2\/types\/product"}],"replies":[{"embeddable":true,"href":"https:\/\/mydlamanufaktura.pl\/index.php?rest_route=%2Fwp%2Fv2%2Fcomments&post=15127"}],"wp:featuredmedia":[{"embeddable":true,"href":"https:\/\/mydlamanufaktura.pl\/index.php?rest_route=\/wp\/v2\/media\/15118"}],"wp:attachment":[{"href":"https:\/\/mydlamanufaktura.pl\/index.php?rest_route=%2Fwp%2Fv2%2Fmedia&parent=15127"}],"wp:term":[{"taxonomy":"product_brand","embeddable":true,"href":"https:\/\/mydlamanufaktura.pl\/index.php?rest_route=%2Fwp%2Fv2%2Fproduct_brand&post=15127"},{"taxonomy":"product_cat","embeddable":true,"href":"https:\/\/mydlamanufaktura.pl\/index.php?rest_route=%2Fwp%2Fv2%2Fproduct_cat&post=15127"},{"taxonomy":"product_tag","embeddable":true,"href":"https:\/\/mydlamanufaktura.pl\/index.php?rest_route=%2Fwp%2Fv2%2Fproduct_tag&post=15127"}],"curies":[{"name":"wp","href":"https:\/\/api.w.org\/{rel}","templated":true}]}}