{"id":15125,"date":"2025-06-06T13:21:51","date_gmt":"2025-06-06T13:21:51","guid":{"rendered":"https:\/\/mydlamanufaktura.pl\/?post_type=product&#038;p=15125"},"modified":"2026-01-23T08:44:09","modified_gmt":"2026-01-23T08:44:09","slug":"olejek-do-ciala-i-brody-men","status":"publish","type":"product","link":"https:\/\/mydlamanufaktura.pl\/?product=olejek-do-ciala-i-brody-men","title":{"rendered":"Olejek do cia\u0142a MEN"},"content":{"rendered":"","protected":false},"excerpt":{"rendered":"<p><strong>Wyj\u0105tkowy olejek o dzia\u0142aniu silnie nawil\u017caj\u0105cym<\/strong><\/p>\n<ul>\n<li>nadaje sk\u00f3rze mi\u0119kko\u015b\u0107<\/li>\n<li>dzia\u0142a od\u017cywczo<\/li>\n<li>mo\u017ce s\u0142u\u017cy\u0107 jako olejek do opalania, dzi\u0119ki swoim w\u0142a\u015bciwo\u015bciom nie wysuszy sk\u00f3ry (nie zawiera jednak filtr\u00f3w UV!)<\/li>\n<li>\u015bwietnie sprawdzi si\u0119 r\u00f3wnie\u017c jako olejek do brody<\/li>\n<\/ul>\n<p><strong>Must have dla sk\u00f3ry suchej, spi\u0119tej i podatnej na choroby sk\u00f3rne<\/strong><\/p>\n<p><strong>Spos\u00f3b u\u017cycia<\/strong>: Wla\u0107 do wanny lub wmasowa\u0107 bezpo\u015brednio w sk\u00f3r\u0119 lub brod\u0119 &#8211; w przypadku sk\u00f3ry bardzo suchej nie sp\u0142ukiwa\u0107.<\/p>\n<p><strong>Pojemno\u015b\u0107<\/strong>: 300 ml.<\/p>\n<p><strong>Zapach:<\/strong><em> Men Boss <\/em>\u2013 energetyzuj\u0105cy, balsamicznie aromatyczny zapach, kt\u00f3ry niesie si\u0119 w harmonii \u015bwie\u017cych drzewnych nut wraz z dodatkiem cytrusowego akordu.\u00a0<strong>Grupy zapach\u00f3w<\/strong>: perfumowane, drzewne. Zapach m\u0119ski.<\/p>\n","protected":false},"featured_media":15116,"comment_status":"open","ping_status":"closed","template":"","meta":{"_monsterinsights_skip_tracking":false,"_monsterinsights_sitenote_active":false,"_monsterinsights_sitenote_note":"","_monsterinsights_sitenote_category":0},"product_brand":[],"product_cat":[20,17,116],"product_tag":[],"class_list":{"0":"post-15125","1":"product","2":"type-product","3":"status-publish","4":"has-post-thumbnail","6":"product_cat-gabinety-spa","7":"product_cat-pielegnacja","8":"product_cat-seria-meska","10":"first","11":"instock","12":"shipping-taxable","13":"purchasable","14":"product-type-simple"},"aioseo_notices":[],"jetpack_sharing_enabled":true,"_links":{"self":[{"href":"https:\/\/mydlamanufaktura.pl\/index.php?rest_route=\/wp\/v2\/product\/15125","targetHints":{"allow":["GET"]}}],"collection":[{"href":"https:\/\/mydlamanufaktura.pl\/index.php?rest_route=\/wp\/v2\/product"}],"about":[{"href":"https:\/\/mydlamanufaktura.pl\/index.php?rest_route=\/wp\/v2\/types\/product"}],"replies":[{"embeddable":true,"href":"https:\/\/mydlamanufaktura.pl\/index.php?rest_route=%2Fwp%2Fv2%2Fcomments&post=15125"}],"wp:featuredmedia":[{"embeddable":true,"href":"https:\/\/mydlamanufaktura.pl\/index.php?rest_route=\/wp\/v2\/media\/15116"}],"wp:attachment":[{"href":"https:\/\/mydlamanufaktura.pl\/index.php?rest_route=%2Fwp%2Fv2%2Fmedia&parent=15125"}],"wp:term":[{"taxonomy":"product_brand","embeddable":true,"href":"https:\/\/mydlamanufaktura.pl\/index.php?rest_route=%2Fwp%2Fv2%2Fproduct_brand&post=15125"},{"taxonomy":"product_cat","embeddable":true,"href":"https:\/\/mydlamanufaktura.pl\/index.php?rest_route=%2Fwp%2Fv2%2Fproduct_cat&post=15125"},{"taxonomy":"product_tag","embeddable":true,"href":"https:\/\/mydlamanufaktura.pl\/index.php?rest_route=%2Fwp%2Fv2%2Fproduct_tag&post=15125"}],"curies":[{"name":"wp","href":"https:\/\/api.w.org\/{rel}","templated":true}]}}