{"id":15103,"date":"2025-06-05T08:26:39","date_gmt":"2025-06-05T08:26:39","guid":{"rendered":"https:\/\/mydlamanufaktura.pl\/?post_type=product&#038;p=15103"},"modified":"2026-01-23T08:44:16","modified_gmt":"2026-01-23T08:44:16","slug":"opalizujacy-olejek-do-ciala-bursztynborowina-mademoiselle","status":"publish","type":"product","link":"https:\/\/mydlamanufaktura.pl\/?product=opalizujacy-olejek-do-ciala-bursztynborowina-mademoiselle","title":{"rendered":"Opalizuj\u0105cy olejek do cia\u0142a bursztyn&#038;borowina Mademoiselle"},"content":{"rendered":"<p>&nbsp;<\/p>\n<p>&nbsp;<\/p>\n","protected":false},"excerpt":{"rendered":"<p><em><strong>Sk\u00f3ra pe\u0142na blasku ka\u017cdego dnia!\u00a0<\/strong><\/em><\/p>\n<p><strong>Od\u017cywczy olejek do cia\u0142a z drobinkami roz\u015bwietlaj\u0105cymi\u00a0<\/strong><\/p>\n<p><em>~ Regeneruj\u0105cy bursztyn &amp; od\u017cywcza borowina<\/em><\/p>\n<blockquote><p>Bursztyn znany jest ze swoich nawil\u017caj\u0105cych i regeneruj\u0105cych w\u0142a\u015bciwo\u015bci, za\u015b borowina, nazywana r\u00f3wnie\u017c \u201cczarnym z\u0142otem\u201d, wspomaga jej od\u017cywienie. To niesamowite po\u0142\u0105czenie\u00a0 ukryli\u015bmy dla Ciebie w\u0142a\u015bnie tutaj \u2013 w naszej nowej serii kosmetyk\u00f3w r\u0119cznie robionych. Ju\u017c po pierwszym u\u017cyciu sk\u00f3ra staje si\u0119 jedwabi\u015bcie g\u0142adka i mi\u0119kka. Wyj\u0105tkowy i niespotykany zapach serii bursztynowo-borowinowej sprawi, \u017ce ka\u017cdy zabieg w Twoim domowym spa b\u0119dzie niesamowicie relaksuj\u0105cym doznaniem.<\/p><\/blockquote>\n<p><strong>Pojemno\u015b\u0107<\/strong>: 290 ml.<\/p>\n<p><strong>Zapach<\/strong>: <em>Modemoiselle<\/em>\u00a0\u2013 zmys\u0142owo\u015b\u0107 we francuskim, stylowym wydaniu. Pocz\u0105tkowo twoje zmys\u0142y pobudzi po\u0142\u0105czenie s\u0142odkich kwiat\u00f3w pomara\u0144czy, bergamotki i mandarynki, za\u015b po chwili poczujesz r\u00f3\u017c\u0119, \u015bwie\u017cy ja\u015bmin i egzotyczny kwiat ylang-ylang. Te wszystkie nuty zwie\u0144czone na ko\u0144cu bia\u0142ym pi\u017cmem i orientaln\u0105 wanili\u0105, przypomn\u0105 Ci o cudownych chwilach nami\u0119tno\u015bci.<strong>\u00a0Grupy zapach\u00f3w<\/strong>: perfumowane, kwiatowe.<\/p>\n","protected":false},"featured_media":15100,"comment_status":"open","ping_status":"closed","template":"","meta":{"_monsterinsights_skip_tracking":false,"_monsterinsights_sitenote_active":false,"_monsterinsights_sitenote_note":"","_monsterinsights_sitenote_category":0},"product_brand":[],"product_cat":[17,29,18],"product_tag":[],"class_list":{"0":"post-15103","1":"product","2":"type-product","3":"status-publish","4":"has-post-thumbnail","6":"product_cat-pielegnacja","7":"product_cat-seria-bursztyn-borowina","8":"product_cat-seria-bursztynowa","10":"first","11":"instock","12":"shipping-taxable","13":"purchasable","14":"product-type-simple"},"aioseo_notices":[],"jetpack_sharing_enabled":true,"_links":{"self":[{"href":"https:\/\/mydlamanufaktura.pl\/index.php?rest_route=\/wp\/v2\/product\/15103","targetHints":{"allow":["GET"]}}],"collection":[{"href":"https:\/\/mydlamanufaktura.pl\/index.php?rest_route=\/wp\/v2\/product"}],"about":[{"href":"https:\/\/mydlamanufaktura.pl\/index.php?rest_route=\/wp\/v2\/types\/product"}],"replies":[{"embeddable":true,"href":"https:\/\/mydlamanufaktura.pl\/index.php?rest_route=%2Fwp%2Fv2%2Fcomments&post=15103"}],"wp:featuredmedia":[{"embeddable":true,"href":"https:\/\/mydlamanufaktura.pl\/index.php?rest_route=\/wp\/v2\/media\/15100"}],"wp:attachment":[{"href":"https:\/\/mydlamanufaktura.pl\/index.php?rest_route=%2Fwp%2Fv2%2Fmedia&parent=15103"}],"wp:term":[{"taxonomy":"product_brand","embeddable":true,"href":"https:\/\/mydlamanufaktura.pl\/index.php?rest_route=%2Fwp%2Fv2%2Fproduct_brand&post=15103"},{"taxonomy":"product_cat","embeddable":true,"href":"https:\/\/mydlamanufaktura.pl\/index.php?rest_route=%2Fwp%2Fv2%2Fproduct_cat&post=15103"},{"taxonomy":"product_tag","embeddable":true,"href":"https:\/\/mydlamanufaktura.pl\/index.php?rest_route=%2Fwp%2Fv2%2Fproduct_tag&post=15103"}],"curies":[{"name":"wp","href":"https:\/\/api.w.org\/{rel}","templated":true}]}}