{"id":15014,"date":"2025-05-13T15:11:14","date_gmt":"2025-05-13T15:11:14","guid":{"rendered":"https:\/\/mydlamanufaktura.pl\/?post_type=product&#038;p=15014"},"modified":"2025-05-13T15:13:31","modified_gmt":"2025-05-13T15:13:31","slug":"swieca-sojowa-retro","status":"publish","type":"product","link":"https:\/\/mydlamanufaktura.pl\/?product=swieca-sojowa-retro","title":{"rendered":"\u015awieca sojowa RETRO"},"content":{"rendered":"<p>Poznaj bli\u017cej zapachy:<\/p>\n<p><strong><em>Nami\u0119tno\u015b\u0107<\/em><\/strong>\u00a0\u2013 zmys\u0142owo\u015b\u0107 we francuskim, stylowym wydaniu. Pocz\u0105tkowo twoje zmys\u0142y pobudzi po\u0142\u0105czenie s\u0142odkich kwiat\u00f3w pomara\u0144czy, bergamotki i mandarynki, za\u015b po chwili poczujesz r\u00f3\u017c\u0119, \u015bwie\u017cy ja\u015bmin i egzotyczny kwiat ylang-ylang. Te wszystkie nuty zwie\u0144czone na ko\u0144cu bia\u0142ym pi\u017cmem i orientaln\u0105 wanili\u0105, przypomn\u0105 Ci o cudownych chwilach nami\u0119tno\u015bci.<strong>\u00a0Grupy zapach\u00f3w<\/strong>: perfumowane, kwiatowe.<\/p>\n<p><strong><em>\u015awie\u017cy bambus<\/em><\/strong>\u00a0\u2013 intensywnie orze\u017awiaj\u0105cy, \u015bwie\u017cy, wodny zapach z nutami kwiatowymi o pon\u0119tnej, s\u0142odkiej g\u0142\u0119bi.<\/p>\n<p><strong><em>Wanilia <\/em><\/strong>\u00a0\u2013 zapach dla wszystkich mi\u0142o\u015bnik\u00f3w s\u0142odkich, ciep\u0142ych nut.<\/p>\n<p>&nbsp;<\/p>\n","protected":false},"excerpt":{"rendered":"<div><strong>Ekologiczna \u015bwieca stworzona z ziaren soi <img loading=\"lazy\" decoding=\"async\" class=\"alignnone wp-image-14084\" src=\"https:\/\/mydlamanufaktura.pl\/wp-content\/uploads\/2024\/06\/Projekt-bez-nazwy-300x300.png\" alt=\"\" width=\"54\" height=\"54\" srcset=\"https:\/\/mydlamanufaktura.pl\/wp-content\/uploads\/2024\/06\/Projekt-bez-nazwy-300x300.png 300w, https:\/\/mydlamanufaktura.pl\/wp-content\/uploads\/2024\/06\/Projekt-bez-nazwy-150x150.png 150w, https:\/\/mydlamanufaktura.pl\/wp-content\/uploads\/2024\/06\/Projekt-bez-nazwy-380x380.png 380w, https:\/\/mydlamanufaktura.pl\/wp-content\/uploads\/2024\/06\/Projekt-bez-nazwy-420x420.png 420w, https:\/\/mydlamanufaktura.pl\/wp-content\/uploads\/2024\/06\/Projekt-bez-nazwy-100x100.png 100w, https:\/\/mydlamanufaktura.pl\/wp-content\/uploads\/2024\/06\/Projekt-bez-nazwy.png 500w\" sizes=\"auto, (max-width: 54px) 100vw, 54px\" \/><\/strong><\/div>\n<ul>\n<li>\u00a0posiada wyj\u0105tkowy, trwa\u0142y zapach, kt\u00f3ry otuli Ciebie i Twoj\u0105 przestrze\u0144,<\/li>\n<li>jej naturalny, drewniany knot \u201cskwierczy\u201d podczas palenia przypominaj\u0105c odg\u0142osy palonego drewna w kominku,<\/li>\n<li>wosk sojowy charakteryzuje si\u0119 zdecydowanie d\u0142u\u017cszym czasem palenia oraz ni\u017csz\u0105 temperatur\u0105 topnienia \u2013\u00a0<strong>to wyb\u00f3r lepszy zar\u00f3wno dla Ciebie, jak i naszej planety!\u00a0<\/strong>Wosk sojowy jest biodegradowalny, nie zawiera syntetycznych dodatk\u00f3w oraz\u00a0 nie wytwarza szkodliwych toksyn.<\/li>\n<\/ul>\n<p><strong>Pojemno\u015b\u0107:\u00a0<\/strong>200\u00a0g.<\/p>\n<p><strong>\u0141\u0105czny czas palenia to ok 45 h<\/strong>. Pami\u0119taj, \u017ce \u015bwiece sojowe stworzone s\u0105 z my\u015bl\u0105 o wype\u0142nieniu przestrzeni zapachem, nie blaskiem\u00a0<img decoding=\"async\" class=\"emoji\" role=\"img\" draggable=\"false\" src=\"https:\/\/s.w.org\/images\/core\/emoji\/13.0.1\/svg\/1f642.svg\" alt=\"?\" \/>. Optymalny, jednorazowy czas palenia to od 0,5 h. do\u00a0 2 h.<\/p>\n<p>\u2193 Poznaj wszystkie dost\u0119pne zapachy w opisie poni\u017cej! \u2193<\/p>\n","protected":false},"featured_media":15016,"comment_status":"open","ping_status":"closed","template":"","meta":{"_monsterinsights_skip_tracking":false,"_monsterinsights_sitenote_active":false,"_monsterinsights_sitenote_note":"","_monsterinsights_sitenote_category":0},"product_brand":[],"product_cat":[20,71],"product_tag":[],"class_list":{"0":"post-15014","1":"product","2":"type-product","3":"status-publish","4":"has-post-thumbnail","6":"product_cat-gabinety-spa","7":"product_cat-swiece-sojowe","9":"first","10":"instock","11":"shipping-taxable","12":"purchasable","13":"product-type-variable"},"aioseo_notices":[],"jetpack_sharing_enabled":true,"_links":{"self":[{"href":"https:\/\/mydlamanufaktura.pl\/index.php?rest_route=\/wp\/v2\/product\/15014","targetHints":{"allow":["GET"]}}],"collection":[{"href":"https:\/\/mydlamanufaktura.pl\/index.php?rest_route=\/wp\/v2\/product"}],"about":[{"href":"https:\/\/mydlamanufaktura.pl\/index.php?rest_route=\/wp\/v2\/types\/product"}],"replies":[{"embeddable":true,"href":"https:\/\/mydlamanufaktura.pl\/index.php?rest_route=%2Fwp%2Fv2%2Fcomments&post=15014"}],"wp:featuredmedia":[{"embeddable":true,"href":"https:\/\/mydlamanufaktura.pl\/index.php?rest_route=\/wp\/v2\/media\/15016"}],"wp:attachment":[{"href":"https:\/\/mydlamanufaktura.pl\/index.php?rest_route=%2Fwp%2Fv2%2Fmedia&parent=15014"}],"wp:term":[{"taxonomy":"product_brand","embeddable":true,"href":"https:\/\/mydlamanufaktura.pl\/index.php?rest_route=%2Fwp%2Fv2%2Fproduct_brand&post=15014"},{"taxonomy":"product_cat","embeddable":true,"href":"https:\/\/mydlamanufaktura.pl\/index.php?rest_route=%2Fwp%2Fv2%2Fproduct_cat&post=15014"},{"taxonomy":"product_tag","embeddable":true,"href":"https:\/\/mydlamanufaktura.pl\/index.php?rest_route=%2Fwp%2Fv2%2Fproduct_tag&post=15014"}],"curies":[{"name":"wp","href":"https:\/\/api.w.org\/{rel}","templated":true}]}}