{"id":15007,"date":"2025-05-13T14:56:09","date_gmt":"2025-05-13T14:56:09","guid":{"rendered":"https:\/\/mydlamanufaktura.pl\/?post_type=product&#038;p=15007"},"modified":"2026-01-23T08:09:46","modified_gmt":"2026-01-23T08:09:46","slug":"aromatyzowana-sol-magnezowo-potasowa","status":"publish","type":"product","link":"https:\/\/mydlamanufaktura.pl\/?product=aromatyzowana-sol-magnezowo-potasowa","title":{"rendered":"Aromatyzowana s\u00f3l magnezowo-potasowa"},"content":{"rendered":"","protected":false},"excerpt":{"rendered":"<p>Wyj\u0105tkowo relaksuj\u0105ca s\u00f3l do k\u0105pieli \u0142\u0105cz\u0105ca dwa warto\u015bciowe dla prawid\u0142owego funkcjonowania organizmu minera\u0142y &#8211; <em><strong>magnez i potas<\/strong><\/em>.<\/p>\n<p>Mo\u017ce by\u0107 stosowana wspomagaj\u0105co w zmniejszeniu dolegliwo\u015bci o pod\u0142o\u017cu reumatologicznym lub neurologicznym.<\/p>\n<p><strong>Aromatyczna k\u0105piel z przepisem na pi\u0119kno:<\/strong><\/p>\n<ul>\n<li>do codziennej k\u0105pieli dodaj naszej soli<\/li>\n<li>pobud\u017a zmys\u0142y i odpr\u0119\u017c cia\u0142o<\/li>\n<li>pozw\u00f3l soli na regeneracj\u0119 i od\u017cywienie<\/li>\n<\/ul>\n<p><strong>Spos\u00f3b u\u017cycia:<\/strong> Wsypa\u0107 \u0142y\u017ck\u0119 sto\u0142ow\u0105 soli do wanny z wod\u0105.<\/p>\n<p><strong>Pojemno\u015b\u0107:<\/strong> 500g.<\/p>\n<p><strong>Zapach:<\/strong> \u015awie\u017cy bambus<\/p>\n","protected":false},"featured_media":15009,"comment_status":"open","ping_status":"closed","template":"","meta":{"_monsterinsights_skip_tracking":false,"_monsterinsights_sitenote_active":false,"_monsterinsights_sitenote_note":"","_monsterinsights_sitenote_category":0},"product_brand":[],"product_cat":[16],"product_tag":[],"class_list":{"0":"post-15007","1":"product","2":"type-product","3":"status-publish","4":"has-post-thumbnail","6":"product_cat-sole-kapielowe","8":"first","9":"instock","10":"sale","11":"shipping-taxable","12":"purchasable","13":"product-type-simple"},"aioseo_notices":[],"jetpack_sharing_enabled":true,"_links":{"self":[{"href":"https:\/\/mydlamanufaktura.pl\/index.php?rest_route=\/wp\/v2\/product\/15007","targetHints":{"allow":["GET"]}}],"collection":[{"href":"https:\/\/mydlamanufaktura.pl\/index.php?rest_route=\/wp\/v2\/product"}],"about":[{"href":"https:\/\/mydlamanufaktura.pl\/index.php?rest_route=\/wp\/v2\/types\/product"}],"replies":[{"embeddable":true,"href":"https:\/\/mydlamanufaktura.pl\/index.php?rest_route=%2Fwp%2Fv2%2Fcomments&post=15007"}],"wp:featuredmedia":[{"embeddable":true,"href":"https:\/\/mydlamanufaktura.pl\/index.php?rest_route=\/wp\/v2\/media\/15009"}],"wp:attachment":[{"href":"https:\/\/mydlamanufaktura.pl\/index.php?rest_route=%2Fwp%2Fv2%2Fmedia&parent=15007"}],"wp:term":[{"taxonomy":"product_brand","embeddable":true,"href":"https:\/\/mydlamanufaktura.pl\/index.php?rest_route=%2Fwp%2Fv2%2Fproduct_brand&post=15007"},{"taxonomy":"product_cat","embeddable":true,"href":"https:\/\/mydlamanufaktura.pl\/index.php?rest_route=%2Fwp%2Fv2%2Fproduct_cat&post=15007"},{"taxonomy":"product_tag","embeddable":true,"href":"https:\/\/mydlamanufaktura.pl\/index.php?rest_route=%2Fwp%2Fv2%2Fproduct_tag&post=15007"}],"curies":[{"name":"wp","href":"https:\/\/api.w.org\/{rel}","templated":true}]}}