{"id":15,"date":"2024-06-26T05:18:55","date_gmt":"2024-06-26T05:18:55","guid":{"rendered":"https:\/\/mydlamanufaktura.pl\/?post_type=product&#038;p=15"},"modified":"2024-06-26T05:33:11","modified_gmt":"2024-06-26T05:33:11","slug":"pakowanie-prezentowe","status":"publish","type":"product","link":"https:\/\/mydlamanufaktura.pl\/?product=pakowanie-prezentowe","title":{"rendered":"Pakowanie prezentowe"},"content":{"rendered":"","protected":false},"excerpt":{"rendered":"<p><strong>Pakowanie prezentowe<\/strong> obejmuje:<\/p>\n<ul>\n<li>\u00a0kartonik prezentowy, w kt\u00f3ry zapakujemy wybrane produkty<\/li>\n<li>celofan (folia ozdobna), sianko ozdobne, suszone kwiaty, sznurek jutowy<\/li>\n<\/ul>\n<p><strong>-&gt; W uwagach do zam\u00f3wienia prosz\u0119 o wskazanie produkt\u00f3w z Twojego koszyka<\/strong>, kt\u00f3re mamy zapakowa\u0107 \ud83d\ude42<\/p>\n","protected":false},"featured_media":366,"comment_status":"open","ping_status":"closed","template":"","meta":{"_monsterinsights_skip_tracking":false,"_monsterinsights_sitenote_active":false,"_monsterinsights_sitenote_note":"","_monsterinsights_sitenote_category":0},"product_brand":[],"product_cat":[15],"product_tag":[],"class_list":{"0":"post-15","1":"product","2":"type-product","3":"status-publish","4":"has-post-thumbnail","6":"product_cat-bez-kategorii","8":"first","9":"instock","10":"shipping-taxable","11":"purchasable","12":"product-type-simple"},"aioseo_notices":[],"jetpack_sharing_enabled":true,"_links":{"self":[{"href":"https:\/\/mydlamanufaktura.pl\/index.php?rest_route=\/wp\/v2\/product\/15","targetHints":{"allow":["GET"]}}],"collection":[{"href":"https:\/\/mydlamanufaktura.pl\/index.php?rest_route=\/wp\/v2\/product"}],"about":[{"href":"https:\/\/mydlamanufaktura.pl\/index.php?rest_route=\/wp\/v2\/types\/product"}],"replies":[{"embeddable":true,"href":"https:\/\/mydlamanufaktura.pl\/index.php?rest_route=%2Fwp%2Fv2%2Fcomments&post=15"}],"wp:featuredmedia":[{"embeddable":true,"href":"https:\/\/mydlamanufaktura.pl\/index.php?rest_route=\/wp\/v2\/media\/366"}],"wp:attachment":[{"href":"https:\/\/mydlamanufaktura.pl\/index.php?rest_route=%2Fwp%2Fv2%2Fmedia&parent=15"}],"wp:term":[{"taxonomy":"product_brand","embeddable":true,"href":"https:\/\/mydlamanufaktura.pl\/index.php?rest_route=%2Fwp%2Fv2%2Fproduct_brand&post=15"},{"taxonomy":"product_cat","embeddable":true,"href":"https:\/\/mydlamanufaktura.pl\/index.php?rest_route=%2Fwp%2Fv2%2Fproduct_cat&post=15"},{"taxonomy":"product_tag","embeddable":true,"href":"https:\/\/mydlamanufaktura.pl\/index.php?rest_route=%2Fwp%2Fv2%2Fproduct_tag&post=15"}],"curies":[{"name":"wp","href":"https:\/\/api.w.org\/{rel}","templated":true}]}}