{"id":14968,"date":"2025-05-04T09:57:27","date_gmt":"2025-05-04T09:57:27","guid":{"rendered":"https:\/\/mydlamanufaktura.pl\/?post_type=product&#038;p=14968"},"modified":"2026-01-23T08:15:14","modified_gmt":"2026-01-23T08:15:14","slug":"swieca-dzien-mamy","status":"publish","type":"product","link":"https:\/\/mydlamanufaktura.pl\/?product=swieca-dzien-mamy","title":{"rendered":"\u015awieca Dzie\u0144 Mamy"},"content":{"rendered":"","protected":false},"excerpt":{"rendered":"<p><strong>\u015awieca o zapachu perfumowanej Mademoiselle<\/strong><\/p>\n<p><img loading=\"lazy\" decoding=\"async\" class=\"alignnone wp-image-14190\" src=\"https:\/\/mydlamanufaktura.pl\/wp-content\/uploads\/2024\/06\/Projekt-bez-nazwy-1-300x300.png\" alt=\"\" width=\"133\" height=\"133\" srcset=\"https:\/\/mydlamanufaktura.pl\/wp-content\/uploads\/2024\/06\/Projekt-bez-nazwy-1-300x300.png 300w, https:\/\/mydlamanufaktura.pl\/wp-content\/uploads\/2024\/06\/Projekt-bez-nazwy-1-150x150.png 150w, https:\/\/mydlamanufaktura.pl\/wp-content\/uploads\/2024\/06\/Projekt-bez-nazwy-1-380x380.png 380w, https:\/\/mydlamanufaktura.pl\/wp-content\/uploads\/2024\/06\/Projekt-bez-nazwy-1-420x420.png 420w, https:\/\/mydlamanufaktura.pl\/wp-content\/uploads\/2024\/06\/Projekt-bez-nazwy-1-100x100.png 100w, https:\/\/mydlamanufaktura.pl\/wp-content\/uploads\/2024\/06\/Projekt-bez-nazwy-1.png 500w\" sizes=\"auto, (max-width: 133px) 100vw, 133px\" \/><\/p>\n<ul>\n<li>\u015bwieca 200 ml. w szklanym s\u0142oiczku<\/li>\n<li>drewniany knot imituj\u0105cy d\u017awi\u0119k drewna palonego w kominku<\/li>\n<li>intensywny, s\u0142odki zapach babcinej szarlotki<\/li>\n<li>\u0142\u0105czny czas palenia: 40 godzin.<\/li>\n<\/ul>\n","protected":false},"featured_media":741,"comment_status":"open","ping_status":"closed","template":"","meta":{"_monsterinsights_skip_tracking":false,"_monsterinsights_sitenote_active":false,"_monsterinsights_sitenote_note":"","_monsterinsights_sitenote_category":0},"product_brand":[],"product_cat":[43,35,33,81],"product_tag":[],"class_list":{"0":"post-14968","1":"product","2":"type-product","3":"status-publish","4":"has-post-thumbnail","6":"product_cat-prezenty","7":"product_cat-produkty-okazjonalne","8":"product_cat-swiece-i-aromaterapia","9":"product_cat-swiece-ozdobne","11":"first","12":"instock","13":"shipping-taxable","14":"purchasable","15":"product-type-simple"},"aioseo_notices":[],"jetpack_sharing_enabled":true,"_links":{"self":[{"href":"https:\/\/mydlamanufaktura.pl\/index.php?rest_route=\/wp\/v2\/product\/14968","targetHints":{"allow":["GET"]}}],"collection":[{"href":"https:\/\/mydlamanufaktura.pl\/index.php?rest_route=\/wp\/v2\/product"}],"about":[{"href":"https:\/\/mydlamanufaktura.pl\/index.php?rest_route=\/wp\/v2\/types\/product"}],"replies":[{"embeddable":true,"href":"https:\/\/mydlamanufaktura.pl\/index.php?rest_route=%2Fwp%2Fv2%2Fcomments&post=14968"}],"wp:featuredmedia":[{"embeddable":true,"href":"https:\/\/mydlamanufaktura.pl\/index.php?rest_route=\/wp\/v2\/media\/741"}],"wp:attachment":[{"href":"https:\/\/mydlamanufaktura.pl\/index.php?rest_route=%2Fwp%2Fv2%2Fmedia&parent=14968"}],"wp:term":[{"taxonomy":"product_brand","embeddable":true,"href":"https:\/\/mydlamanufaktura.pl\/index.php?rest_route=%2Fwp%2Fv2%2Fproduct_brand&post=14968"},{"taxonomy":"product_cat","embeddable":true,"href":"https:\/\/mydlamanufaktura.pl\/index.php?rest_route=%2Fwp%2Fv2%2Fproduct_cat&post=14968"},{"taxonomy":"product_tag","embeddable":true,"href":"https:\/\/mydlamanufaktura.pl\/index.php?rest_route=%2Fwp%2Fv2%2Fproduct_tag&post=14968"}],"curies":[{"name":"wp","href":"https:\/\/api.w.org\/{rel}","templated":true}]}}