{"id":14946,"date":"2025-04-25T09:51:13","date_gmt":"2025-04-25T09:51:13","guid":{"rendered":"https:\/\/mydlamanufaktura.pl\/?post_type=product&#038;p=14946"},"modified":"2026-01-23T07:36:15","modified_gmt":"2026-01-23T07:36:15","slug":"smile-heart","status":"publish","type":"product","link":"https:\/\/mydlamanufaktura.pl\/?product=smile-heart","title":{"rendered":"Smile\/Heart"},"content":{"rendered":"","protected":false},"excerpt":{"rendered":"<blockquote><p><strong>Glicerynowe myd\u0142o naturalnie oczyszczaj\u0105co-piel\u0119gnuj\u0105ce<\/strong><\/p>\n<ul>\n<li>myd\u0142o glicerynowe 100%<\/li>\n<li>nawil\u017ca sk\u00f3r\u0119, pozostawia j\u0105 mi\u0119kk\u0105, bez osadu i uczucia \u015bci\u0105gni\u0119cia<\/li>\n<li>nietuzinkowa forma myd\u0142a<\/li>\n<li>wyj\u0105tkowy zapach s\u0142odkiej wanilii, kt\u00f3ry otuli sk\u00f3r\u0119 i wype\u0142ni pomieszczenie<\/li>\n<\/ul>\n<p><strong>Waga<\/strong>: ok. 45 g.<\/p>\n<p>&nbsp;<\/p><\/blockquote>\n<p>&nbsp;<\/p>\n","protected":false},"featured_media":14948,"comment_status":"open","ping_status":"closed","template":"","meta":{"_monsterinsights_skip_tracking":false,"_monsterinsights_sitenote_active":false,"_monsterinsights_sitenote_note":"","_monsterinsights_sitenote_category":0},"product_brand":[],"product_cat":[42],"product_tag":[],"class_list":{"0":"post-14946","1":"product","2":"type-product","3":"status-publish","4":"has-post-thumbnail","6":"product_cat-mydla-z-formy","8":"first","9":"instock","10":"shipping-taxable","11":"purchasable","12":"product-type-variable"},"aioseo_notices":[],"jetpack_sharing_enabled":true,"_links":{"self":[{"href":"https:\/\/mydlamanufaktura.pl\/index.php?rest_route=\/wp\/v2\/product\/14946","targetHints":{"allow":["GET"]}}],"collection":[{"href":"https:\/\/mydlamanufaktura.pl\/index.php?rest_route=\/wp\/v2\/product"}],"about":[{"href":"https:\/\/mydlamanufaktura.pl\/index.php?rest_route=\/wp\/v2\/types\/product"}],"replies":[{"embeddable":true,"href":"https:\/\/mydlamanufaktura.pl\/index.php?rest_route=%2Fwp%2Fv2%2Fcomments&post=14946"}],"wp:featuredmedia":[{"embeddable":true,"href":"https:\/\/mydlamanufaktura.pl\/index.php?rest_route=\/wp\/v2\/media\/14948"}],"wp:attachment":[{"href":"https:\/\/mydlamanufaktura.pl\/index.php?rest_route=%2Fwp%2Fv2%2Fmedia&parent=14946"}],"wp:term":[{"taxonomy":"product_brand","embeddable":true,"href":"https:\/\/mydlamanufaktura.pl\/index.php?rest_route=%2Fwp%2Fv2%2Fproduct_brand&post=14946"},{"taxonomy":"product_cat","embeddable":true,"href":"https:\/\/mydlamanufaktura.pl\/index.php?rest_route=%2Fwp%2Fv2%2Fproduct_cat&post=14946"},{"taxonomy":"product_tag","embeddable":true,"href":"https:\/\/mydlamanufaktura.pl\/index.php?rest_route=%2Fwp%2Fv2%2Fproduct_tag&post=14946"}],"curies":[{"name":"wp","href":"https:\/\/api.w.org\/{rel}","templated":true}]}}