{"id":14734,"date":"2025-02-26T14:24:10","date_gmt":"2025-02-26T14:24:10","guid":{"rendered":"https:\/\/mydlamanufaktura.pl\/?post_type=product&#038;p=14734"},"modified":"2026-01-25T11:39:01","modified_gmt":"2026-01-25T11:39:01","slug":"mydlo-pisanka-retro-ii","status":"publish","type":"product","link":"https:\/\/mydlamanufaktura.pl\/?product=mydlo-pisanka-retro-ii","title":{"rendered":"Myd\u0142o pisanka retro &#8211; kilka wariant\u00f3w"},"content":{"rendered":"","protected":false},"excerpt":{"rendered":"<div><strong><span style=\"color: #add681;\"><span style=\"color: #b6c7a3;\">Wielkanocne<\/span>\u00a0<\/span>myd\u0142o glicerynowe 100% <img loading=\"lazy\" decoding=\"async\" class=\"alignnone wp-image-1016\" src=\"https:\/\/mydlamanufaktura.pl\/wp-content\/uploads\/2024\/07\/off2.png\" alt=\"\" width=\"51\" height=\"51\" srcset=\"https:\/\/mydlamanufaktura.pl\/wp-content\/uploads\/2024\/07\/off2.png 127w, https:\/\/mydlamanufaktura.pl\/wp-content\/uploads\/2024\/07\/off2-100x100.png 100w\" sizes=\"auto, (max-width: 51px) 100vw, 51px\" \/><\/strong><\/div>\n<ul>\n<li>doskonale nawil\u017ca sk\u00f3r\u0119, nie pozostawia osadu i uczucia \u015bci\u0105gni\u0119cia<\/li>\n<li>r\u0119cznie robione<\/li>\n<li>trwa\u0142o\u015b\u0107 gwarantowana \u2013 pi\u0119kny zapach na d\u0142ugo pozostanie na sk\u00f3rze, wype\u0142ni r\u00f3wnie\u017c twoj\u0105 \u0142azienk\u0119<\/li>\n<li>nietuzinkowa forma myd\u0142a z pewno\u015bci\u0105 przykuje uwag\u0119<\/li>\n<\/ul>\n<div><strong>Waga<\/strong>: 100 g.<\/div>\n<div><\/div>\n<div><strong>Wz\u00f3r\u00a0 I<\/strong><\/div>\n<div><img loading=\"lazy\" decoding=\"async\" class=\"alignnone size-medium wp-image-14745\" src=\"https:\/\/mydlamanufaktura.pl\/wp-content\/uploads\/2025\/02\/DSC05044-300x200.jpg\" alt=\"\" width=\"300\" height=\"200\" srcset=\"https:\/\/mydlamanufaktura.pl\/wp-content\/uploads\/2025\/02\/DSC05044-300x200.jpg 300w, https:\/\/mydlamanufaktura.pl\/wp-content\/uploads\/2025\/02\/DSC05044-1024x683.jpg 1024w, https:\/\/mydlamanufaktura.pl\/wp-content\/uploads\/2025\/02\/DSC05044-768x512.jpg 768w, https:\/\/mydlamanufaktura.pl\/wp-content\/uploads\/2025\/02\/DSC05044-1536x1024.jpg 1536w, https:\/\/mydlamanufaktura.pl\/wp-content\/uploads\/2025\/02\/DSC05044-1140x760.jpg 1140w, https:\/\/mydlamanufaktura.pl\/wp-content\/uploads\/2025\/02\/DSC05044-920x614.jpg 920w, https:\/\/mydlamanufaktura.pl\/wp-content\/uploads\/2025\/02\/DSC05044-575x383.jpg 575w, https:\/\/mydlamanufaktura.pl\/wp-content\/uploads\/2025\/02\/DSC05044-380x253.jpg 380w, https:\/\/mydlamanufaktura.pl\/wp-content\/uploads\/2025\/02\/DSC05044-420x280.jpg 420w, https:\/\/mydlamanufaktura.pl\/wp-content\/uploads\/2025\/02\/DSC05044-800x534.jpg 800w, https:\/\/mydlamanufaktura.pl\/wp-content\/uploads\/2025\/02\/DSC05044.jpg 1600w\" sizes=\"auto, (max-width: 300px) 100vw, 300px\" \/><\/div>\n<div><\/div>\n<div><strong>Wz\u00f3r II<\/strong><\/div>\n<div>\u00a0<img loading=\"lazy\" decoding=\"async\" class=\"alignnone size-medium wp-image-14739\" src=\"https:\/\/mydlamanufaktura.pl\/wp-content\/uploads\/2025\/02\/DSC05034-300x200.jpg\" alt=\"\" width=\"300\" height=\"200\" srcset=\"https:\/\/mydlamanufaktura.pl\/wp-content\/uploads\/2025\/02\/DSC05034-300x200.jpg 300w, https:\/\/mydlamanufaktura.pl\/wp-content\/uploads\/2025\/02\/DSC05034-1024x683.jpg 1024w, https:\/\/mydlamanufaktura.pl\/wp-content\/uploads\/2025\/02\/DSC05034-768x512.jpg 768w, https:\/\/mydlamanufaktura.pl\/wp-content\/uploads\/2025\/02\/DSC05034-1536x1024.jpg 1536w, https:\/\/mydlamanufaktura.pl\/wp-content\/uploads\/2025\/02\/DSC05034-1140x760.jpg 1140w, https:\/\/mydlamanufaktura.pl\/wp-content\/uploads\/2025\/02\/DSC05034-920x614.jpg 920w, https:\/\/mydlamanufaktura.pl\/wp-content\/uploads\/2025\/02\/DSC05034-575x383.jpg 575w, https:\/\/mydlamanufaktura.pl\/wp-content\/uploads\/2025\/02\/DSC05034-380x253.jpg 380w, https:\/\/mydlamanufaktura.pl\/wp-content\/uploads\/2025\/02\/DSC05034-420x280.jpg 420w, https:\/\/mydlamanufaktura.pl\/wp-content\/uploads\/2025\/02\/DSC05034-800x534.jpg 800w, https:\/\/mydlamanufaktura.pl\/wp-content\/uploads\/2025\/02\/DSC05034.jpg 1600w\" sizes=\"auto, (max-width: 300px) 100vw, 300px\" \/><\/div>\n<div><\/div>\n<div><strong>Wz\u00f3r III<\/strong><\/div>\n<div><img loading=\"lazy\" decoding=\"async\" class=\"alignnone size-medium wp-image-14736\" src=\"https:\/\/mydlamanufaktura.pl\/wp-content\/uploads\/2025\/02\/DSC05024-300x200.jpg\" alt=\"\" width=\"300\" height=\"200\" srcset=\"https:\/\/mydlamanufaktura.pl\/wp-content\/uploads\/2025\/02\/DSC05024-300x200.jpg 300w, https:\/\/mydlamanufaktura.pl\/wp-content\/uploads\/2025\/02\/DSC05024-1024x683.jpg 1024w, https:\/\/mydlamanufaktura.pl\/wp-content\/uploads\/2025\/02\/DSC05024-768x512.jpg 768w, https:\/\/mydlamanufaktura.pl\/wp-content\/uploads\/2025\/02\/DSC05024-1536x1024.jpg 1536w, https:\/\/mydlamanufaktura.pl\/wp-content\/uploads\/2025\/02\/DSC05024-1140x760.jpg 1140w, https:\/\/mydlamanufaktura.pl\/wp-content\/uploads\/2025\/02\/DSC05024-920x614.jpg 920w, https:\/\/mydlamanufaktura.pl\/wp-content\/uploads\/2025\/02\/DSC05024-575x383.jpg 575w, https:\/\/mydlamanufaktura.pl\/wp-content\/uploads\/2025\/02\/DSC05024-380x253.jpg 380w, https:\/\/mydlamanufaktura.pl\/wp-content\/uploads\/2025\/02\/DSC05024-420x280.jpg 420w, https:\/\/mydlamanufaktura.pl\/wp-content\/uploads\/2025\/02\/DSC05024-800x534.jpg 800w, https:\/\/mydlamanufaktura.pl\/wp-content\/uploads\/2025\/02\/DSC05024.jpg 1600w\" sizes=\"auto, (max-width: 300px) 100vw, 300px\" \/><\/div>\n<div><\/div>\n<div><strong>Wz\u00f3r\u00a0 IV<\/strong><\/div>\n<div><img loading=\"lazy\" decoding=\"async\" class=\"alignnone size-medium wp-image-14733\" src=\"https:\/\/mydlamanufaktura.pl\/wp-content\/uploads\/2025\/02\/DSC05022-300x200.jpg\" alt=\"\" width=\"300\" height=\"200\" srcset=\"https:\/\/mydlamanufaktura.pl\/wp-content\/uploads\/2025\/02\/DSC05022-300x200.jpg 300w, https:\/\/mydlamanufaktura.pl\/wp-content\/uploads\/2025\/02\/DSC05022-1024x683.jpg 1024w, https:\/\/mydlamanufaktura.pl\/wp-content\/uploads\/2025\/02\/DSC05022-768x512.jpg 768w, https:\/\/mydlamanufaktura.pl\/wp-content\/uploads\/2025\/02\/DSC05022-1536x1024.jpg 1536w, https:\/\/mydlamanufaktura.pl\/wp-content\/uploads\/2025\/02\/DSC05022-1140x760.jpg 1140w, https:\/\/mydlamanufaktura.pl\/wp-content\/uploads\/2025\/02\/DSC05022-920x614.jpg 920w, https:\/\/mydlamanufaktura.pl\/wp-content\/uploads\/2025\/02\/DSC05022-575x383.jpg 575w, https:\/\/mydlamanufaktura.pl\/wp-content\/uploads\/2025\/02\/DSC05022-380x253.jpg 380w, https:\/\/mydlamanufaktura.pl\/wp-content\/uploads\/2025\/02\/DSC05022-420x280.jpg 420w, https:\/\/mydlamanufaktura.pl\/wp-content\/uploads\/2025\/02\/DSC05022-800x534.jpg 800w, https:\/\/mydlamanufaktura.pl\/wp-content\/uploads\/2025\/02\/DSC05022.jpg 1600w\" sizes=\"auto, (max-width: 300px) 100vw, 300px\" \/><\/div>\n","protected":false},"featured_media":14736,"comment_status":"open","ping_status":"closed","template":"","meta":{"_monsterinsights_skip_tracking":false,"_monsterinsights_sitenote_active":false,"_monsterinsights_sitenote_note":"","_monsterinsights_sitenote_category":0},"product_brand":[],"product_cat":[36],"product_tag":[],"class_list":{"0":"post-14734","1":"product","2":"type-product","3":"status-publish","4":"has-post-thumbnail","6":"product_cat-wielkanoc","8":"first","9":"instock","10":"shipping-taxable","11":"purchasable","12":"product-type-variable"},"aioseo_notices":[],"jetpack_sharing_enabled":true,"_links":{"self":[{"href":"https:\/\/mydlamanufaktura.pl\/index.php?rest_route=\/wp\/v2\/product\/14734","targetHints":{"allow":["GET"]}}],"collection":[{"href":"https:\/\/mydlamanufaktura.pl\/index.php?rest_route=\/wp\/v2\/product"}],"about":[{"href":"https:\/\/mydlamanufaktura.pl\/index.php?rest_route=\/wp\/v2\/types\/product"}],"replies":[{"embeddable":true,"href":"https:\/\/mydlamanufaktura.pl\/index.php?rest_route=%2Fwp%2Fv2%2Fcomments&post=14734"}],"wp:featuredmedia":[{"embeddable":true,"href":"https:\/\/mydlamanufaktura.pl\/index.php?rest_route=\/wp\/v2\/media\/14736"}],"wp:attachment":[{"href":"https:\/\/mydlamanufaktura.pl\/index.php?rest_route=%2Fwp%2Fv2%2Fmedia&parent=14734"}],"wp:term":[{"taxonomy":"product_brand","embeddable":true,"href":"https:\/\/mydlamanufaktura.pl\/index.php?rest_route=%2Fwp%2Fv2%2Fproduct_brand&post=14734"},{"taxonomy":"product_cat","embeddable":true,"href":"https:\/\/mydlamanufaktura.pl\/index.php?rest_route=%2Fwp%2Fv2%2Fproduct_cat&post=14734"},{"taxonomy":"product_tag","embeddable":true,"href":"https:\/\/mydlamanufaktura.pl\/index.php?rest_route=%2Fwp%2Fv2%2Fproduct_tag&post=14734"}],"curies":[{"name":"wp","href":"https:\/\/api.w.org\/{rel}","templated":true}]}}